{"id":404494,"date":"2026-02-02T09:57:38","date_gmt":"2026-02-02T14:57:38","guid":{"rendered":"https:\/\/www.avenuedesigncanada.com\/product\/buffet-acora\/"},"modified":"2026-02-13T16:29:33","modified_gmt":"2026-02-13T21:29:33","slug":"buffet-acora","status":"publish","type":"product","link":"https:\/\/www.avenuedesigncanada.com\/fr\/product\/buffet-acora\/","title":{"rendered":"Buffet Acora"},"content":{"rendered":"<p><em>Caract\u00e9ristiques du buffet Acora:<\/em>Bois massif et placage de ch\u00eane blanc au fini Tadon sur la caisse avec base en acier textur\u00e9 au fini Barlow<br \/>\nMotif g\u00e9om\u00e9trique en relief sur les deux portes \u00e0 ouverture progressive<br \/>\nDeux tablettes r\u00e9glables derri\u00e8re chaque porte<br \/>\nPatins r\u00e9glables<br \/>\nKit anti-basculement<br \/>\nNe convient pas \u00e0 une utilisation avec un t\u00e9l\u00e9viseur<br \/>\nLes caract\u00e9ristiques naturelles du bois font partie int\u00e9grante du fini Tadon et rendent chaque pi\u00e8ce uniqueVous avez des questions au sujet de ce produit ?Nos designers sont l\u00e0 pour vous aider. Appelez-nous au (514) 340-9351<\/p>\n","protected":false},"excerpt":{"rendered":"<p>Le cadre en bois du buffet Acora, qui pr\u00e9sente des fa\u00e7ades de porte tridimensionnelles, est envelopp\u00e9 dans de magnifiques feuilles de laiton. Chaque couture est \u00e9galement orn\u00e9e de t\u00eates de clous en laiton, ce qui conf\u00e8re \u00e0 l&rsquo;ensemble un aspect personnalis\u00e9. Trois portes \u00e0 fermeture progressive s&rsquo;ouvrent pour r\u00e9v\u00e9ler un int\u00e9rieur noir brillant qui comprend un tiroir avec un insert argent\u00e9 et deux \u00e9tag\u00e8res r\u00e9glables.  <\/p>\n","protected":false},"featured_media":404356,"template":"","meta":{"_kad_blocks_custom_css":"","_kad_blocks_head_custom_js":"","_kad_blocks_body_custom_js":"","_kad_blocks_footer_custom_js":"","_kad_post_transparent":"","_kad_post_title":"","_kad_post_layout":"","_kad_post_sidebar_id":"","_kad_post_content_style":"","_kad_post_vertical_padding":"","_kad_post_feature":"","_kad_post_feature_position":"","_kad_post_header":false,"_kad_post_footer":false,"_kad_post_classname":""},"product_brand":[],"product_cat":[1303],"product_tag":[1844],"class_list":{"0":"post-404494","1":"product","2":"type-product","3":"status-publish","4":"has-post-thumbnail","6":"product_cat-buffets","7":"product_tag-barcelona-cg-fr-2","9":"first","10":"instock","11":"taxable","12":"shipping-taxable","13":"product-type-simple","14":"entry","15":"content-bg","16":"loop-entry"},"taxonomy_info":{"product_cat":[{"value":1303,"label":"Buffets"}],"product_tag":[{"value":1844,"label":"BARCELONA - CG"}]},"featured_image_src_large":["https:\/\/www.avenuedesigncanada.com\/wp-content\/uploads\/2026\/02\/347134_102-1024x1024.jpg",1024,1024,true],"author_info":[],"comment_info":"","_links":{"self":[{"href":"https:\/\/www.avenuedesigncanada.com\/fr\/wp-json\/wp\/v2\/product\/404494","targetHints":{"allow":["GET"]}}],"collection":[{"href":"https:\/\/www.avenuedesigncanada.com\/fr\/wp-json\/wp\/v2\/product"}],"about":[{"href":"https:\/\/www.avenuedesigncanada.com\/fr\/wp-json\/wp\/v2\/types\/product"}],"wp:featuredmedia":[{"embeddable":true,"href":"https:\/\/www.avenuedesigncanada.com\/fr\/wp-json\/wp\/v2\/media\/404356"}],"wp:attachment":[{"href":"https:\/\/www.avenuedesigncanada.com\/fr\/wp-json\/wp\/v2\/media?parent=404494"}],"wp:term":[{"taxonomy":"product_brand","embeddable":true,"href":"https:\/\/www.avenuedesigncanada.com\/fr\/wp-json\/wp\/v2\/product_brand?post=404494"},{"taxonomy":"product_cat","embeddable":true,"href":"https:\/\/www.avenuedesigncanada.com\/fr\/wp-json\/wp\/v2\/product_cat?post=404494"},{"taxonomy":"product_tag","embeddable":true,"href":"https:\/\/www.avenuedesigncanada.com\/fr\/wp-json\/wp\/v2\/product_tag?post=404494"}],"curies":[{"name":"wp","href":"https:\/\/api.w.org\/{rel}","templated":true}]}}