{"id":404495,"date":"2026-02-02T09:57:37","date_gmt":"2026-02-02T14:57:37","guid":{"rendered":"https:\/\/www.avenuedesigncanada.com\/product\/coffre-a-portes-tribeca\/"},"modified":"2026-02-13T16:29:06","modified_gmt":"2026-02-13T21:29:06","slug":"coffre-a-portes-tribeca","status":"publish","type":"product","link":"https:\/\/www.avenuedesigncanada.com\/fr\/product\/coffre-a-portes-tribeca\/","title":{"rendered":"Coffre \u00e0 portes Tribeca"},"content":{"rendered":"<p><em>Caract\u00e9ristiques de l&rsquo;armoire \u00e0 portes Tribeca:<\/em>Bois massif et placage de ch\u00eane blanc au fini Tadon sur la caisse et base en acier textur\u00e9 au fini Barlow<\/p>\n<p>Motif g\u00e9om\u00e9trique en relief sur les deux portes \u00e0 ouverture progressive<\/p>\n<p>Deux tablettes r\u00e9glables derri\u00e8re chaque porte<\/p>\n<p>Patins r\u00e9glables<\/p>\n<p>Kit anti-basculement<\/p>\n<p>Ne convient pas \u00e0 une utilisation avec un t\u00e9l\u00e9viseur<\/p>\n<p>Les caract\u00e9ristiques naturelles du bois font partie int\u00e9grante du fini Tadon et rendent chaque pi\u00e8ce uniqueVous avez des questions au sujet de ce produit ?Nos designers sont l\u00e0 pour vous aider. Appelez-nous au (514) 340-9351<\/p>\n","protected":false},"excerpt":{"rendered":"<p>La commode Tribeca offre un style urbain moderne avec un motif g\u00e9om\u00e9trique en relief inspir\u00e9 du quadrillage des rues de la ville. Finie en Tadon fonc\u00e9, la commode poss\u00e8de deux portes \u00e0 ouverture par pression qui s&rsquo;ouvrent pour r\u00e9v\u00e9ler des \u00e9tag\u00e8res r\u00e9glables. La base offre un look compl\u00e9mentaire avec de l&rsquo;acier textur\u00e9 en finition Barlow.  <\/p>\n","protected":false},"featured_media":404344,"template":"","meta":{"_kad_blocks_custom_css":"","_kad_blocks_head_custom_js":"","_kad_blocks_body_custom_js":"","_kad_blocks_footer_custom_js":"","_kad_post_transparent":"","_kad_post_title":"","_kad_post_layout":"","_kad_post_sidebar_id":"","_kad_post_content_style":"","_kad_post_vertical_padding":"","_kad_post_feature":"","_kad_post_feature_position":"","_kad_post_header":false,"_kad_post_footer":false,"_kad_post_classname":""},"product_brand":[],"product_cat":[1322],"product_tag":[1844],"class_list":{"0":"post-404495","1":"product","2":"type-product","3":"status-publish","4":"has-post-thumbnail","6":"product_cat-meubles-dappoint","7":"product_tag-barcelona-cg-fr-2","9":"first","10":"instock","11":"taxable","12":"shipping-taxable","13":"product-type-simple","14":"entry","15":"content-bg","16":"loop-entry"},"taxonomy_info":{"product_cat":[{"value":1322,"label":"Meubles d'appoint"}],"product_tag":[{"value":1844,"label":"BARCELONA - CG"}]},"featured_image_src_large":["https:\/\/www.avenuedesigncanada.com\/wp-content\/uploads\/2026\/02\/333115_102-1024x1024.jpg",1024,1024,true],"author_info":[],"comment_info":"","_links":{"self":[{"href":"https:\/\/www.avenuedesigncanada.com\/fr\/wp-json\/wp\/v2\/product\/404495","targetHints":{"allow":["GET"]}}],"collection":[{"href":"https:\/\/www.avenuedesigncanada.com\/fr\/wp-json\/wp\/v2\/product"}],"about":[{"href":"https:\/\/www.avenuedesigncanada.com\/fr\/wp-json\/wp\/v2\/types\/product"}],"wp:featuredmedia":[{"embeddable":true,"href":"https:\/\/www.avenuedesigncanada.com\/fr\/wp-json\/wp\/v2\/media\/404344"}],"wp:attachment":[{"href":"https:\/\/www.avenuedesigncanada.com\/fr\/wp-json\/wp\/v2\/media?parent=404495"}],"wp:term":[{"taxonomy":"product_brand","embeddable":true,"href":"https:\/\/www.avenuedesigncanada.com\/fr\/wp-json\/wp\/v2\/product_brand?post=404495"},{"taxonomy":"product_cat","embeddable":true,"href":"https:\/\/www.avenuedesigncanada.com\/fr\/wp-json\/wp\/v2\/product_cat?post=404495"},{"taxonomy":"product_tag","embeddable":true,"href":"https:\/\/www.avenuedesigncanada.com\/fr\/wp-json\/wp\/v2\/product_tag?post=404495"}],"curies":[{"name":"wp","href":"https:\/\/api.w.org\/{rel}","templated":true}]}}