{"id":404496,"date":"2026-02-02T09:57:30","date_gmt":"2026-02-02T14:57:30","guid":{"rendered":"https:\/\/www.avenuedesigncanada.com\/product\/commode-ware\/"},"modified":"2026-02-12T10:51:38","modified_gmt":"2026-02-12T15:51:38","slug":"commode-ware","status":"publish","type":"product","link":"https:\/\/www.avenuedesigncanada.com\/fr\/product\/commode-ware\/","title":{"rendered":"Commode Ware"},"content":{"rendered":"<p><em>Commode Ware<br \/>\n Caract\u00e9ristiques :<\/em><br \/>\nFinition Pika avec quatre tiroirs \u00e0 ouverture par pression avec fa\u00e7ades textur\u00e9es en aluminium moul\u00e9<br \/>\nPlaque nominative Bernhardt dans le tiroir sup\u00e9rieur gauche<br \/>\nCompartiment ouvert au bas de la caisse<br \/>\nSocle<br \/>\nPatins r\u00e9glables et kit anti-basculement avec notice<\/p>\n<p>Avez-vous des questions sur ce produit ?<br \/>\nNos designers sont l\u00e0 pour vous aider.<br \/>\nAppelez-nous au (514) 340-9351<\/p>\n","protected":false},"excerpt":{"rendered":"<p>La commode Ware en bois et m\u00e9tal comporte quatre tiroirs \u00e0 ouverture par pression recouverts d&rsquo;aluminium moul\u00e9 textur\u00e9. Le cadre qui l&rsquo;entoure cr\u00e9e un compartiment ouvert au fond de la commode, qui est rev\u00eatue de placages de noyer figur\u00e9 avec la finition Pika. Pos\u00e9 sur un socle, le design g\u00e9n\u00e9ral est \u00e0 la fois rustique et tr\u00e8s moderne.  <\/p>\n","protected":false},"featured_media":404254,"template":"","meta":{"_kad_blocks_custom_css":"","_kad_blocks_head_custom_js":"","_kad_blocks_body_custom_js":"","_kad_blocks_footer_custom_js":"","_kad_post_transparent":"","_kad_post_title":"","_kad_post_layout":"","_kad_post_sidebar_id":"","_kad_post_content_style":"","_kad_post_vertical_padding":"","_kad_post_feature":"","_kad_post_feature_position":"","_kad_post_header":false,"_kad_post_footer":false,"_kad_post_classname":""},"product_brand":[],"product_cat":[1298],"product_tag":[1844],"class_list":{"0":"post-404496","1":"product","2":"type-product","3":"status-publish","4":"has-post-thumbnail","6":"product_cat-commodes","7":"product_tag-barcelona-cg-fr-2","9":"first","10":"instock","11":"taxable","12":"shipping-taxable","13":"product-type-simple","14":"entry","15":"content-bg","16":"loop-entry"},"taxonomy_info":{"product_cat":[{"value":1298,"label":"Commodes"}],"product_tag":[{"value":1844,"label":"BARCELONA - CG"}]},"featured_image_src_large":["https:\/\/www.avenuedesigncanada.com\/wp-content\/uploads\/2026\/01\/309056_102-1024x1024.jpg",1024,1024,true],"author_info":[],"comment_info":"","_links":{"self":[{"href":"https:\/\/www.avenuedesigncanada.com\/fr\/wp-json\/wp\/v2\/product\/404496","targetHints":{"allow":["GET"]}}],"collection":[{"href":"https:\/\/www.avenuedesigncanada.com\/fr\/wp-json\/wp\/v2\/product"}],"about":[{"href":"https:\/\/www.avenuedesigncanada.com\/fr\/wp-json\/wp\/v2\/types\/product"}],"wp:featuredmedia":[{"embeddable":true,"href":"https:\/\/www.avenuedesigncanada.com\/fr\/wp-json\/wp\/v2\/media\/404254"}],"wp:attachment":[{"href":"https:\/\/www.avenuedesigncanada.com\/fr\/wp-json\/wp\/v2\/media?parent=404496"}],"wp:term":[{"taxonomy":"product_brand","embeddable":true,"href":"https:\/\/www.avenuedesigncanada.com\/fr\/wp-json\/wp\/v2\/product_brand?post=404496"},{"taxonomy":"product_cat","embeddable":true,"href":"https:\/\/www.avenuedesigncanada.com\/fr\/wp-json\/wp\/v2\/product_cat?post=404496"},{"taxonomy":"product_tag","embeddable":true,"href":"https:\/\/www.avenuedesigncanada.com\/fr\/wp-json\/wp\/v2\/product_tag?post=404496"}],"curies":[{"name":"wp","href":"https:\/\/api.w.org\/{rel}","templated":true}]}}