{"id":404497,"date":"2026-02-02T09:57:50","date_gmt":"2026-02-02T14:57:50","guid":{"rendered":"https:\/\/www.avenuedesigncanada.com\/product\/etagere-kaley\/"},"modified":"2026-02-13T16:29:08","modified_gmt":"2026-02-13T21:29:08","slug":"etagere-kaley","status":"publish","type":"product","link":"https:\/\/www.avenuedesigncanada.com\/fr\/product\/etagere-kaley\/","title":{"rendered":"Etag\u00e8re Kaley"},"content":{"rendered":"<p><em>Caract\u00e9ristiques de l&rsquo;\u00e9tag\u00e8re Kaley:<\/em>Structure tubulaire et solide en acier inoxydable poli avec cinq tablettes en verre tremp\u00e9 encastr\u00e9es avec bords polis<br \/>\nPatins r\u00e9glables<br \/>\nVous avez des questions sur ce produit ? Nos designers sont l\u00e0 pour vous aider.Appelez-nous au (514) 340-9351<\/p>\n","protected":false},"excerpt":{"rendered":"<p>L&rsquo;\u00e9tag\u00e8re Kaley pr\u00e9sente une construction ouverte et un aspect empil\u00e9 qui conf\u00e8re un int\u00e9r\u00eat et un style chic \u00e0 tout espace. Le cadre tubulaire en m\u00e9tal est en acier inoxydable poli tandis que les \u00e9tag\u00e8res sont en verre tremp\u00e9 avec des bords polis pour un attrait contemporain. Plusieurs \u00e9tag\u00e8res et un espace ouvert offrent beaucoup de place pour diverses options de style sur cette \u00e9tag\u00e8re sophistiqu\u00e9e.  <\/p>\n","protected":false},"featured_media":404433,"template":"","meta":{"_kad_blocks_custom_css":"","_kad_blocks_head_custom_js":"","_kad_blocks_body_custom_js":"","_kad_blocks_footer_custom_js":"","_kad_post_transparent":"","_kad_post_title":"","_kad_post_layout":"","_kad_post_sidebar_id":"","_kad_post_content_style":"","_kad_post_vertical_padding":"","_kad_post_feature":"","_kad_post_feature_position":"","_kad_post_header":false,"_kad_post_footer":false,"_kad_post_classname":""},"product_brand":[],"product_cat":[1309],"product_tag":[1844],"class_list":{"0":"post-404497","1":"product","2":"type-product","3":"status-publish","4":"has-post-thumbnail","6":"product_cat-rangement-fr","7":"product_tag-barcelona-cg-fr-2","9":"first","10":"instock","11":"taxable","12":"shipping-taxable","13":"product-type-simple","14":"entry","15":"content-bg","16":"loop-entry"},"taxonomy_info":{"product_cat":[{"value":1309,"label":"Rangement"}],"product_tag":[{"value":1844,"label":"BARCELONA - CG"}]},"featured_image_src_large":["https:\/\/www.avenuedesigncanada.com\/wp-content\/uploads\/2026\/02\/309816-1024x1024.jpg",1024,1024,true],"author_info":[],"comment_info":"","_links":{"self":[{"href":"https:\/\/www.avenuedesigncanada.com\/fr\/wp-json\/wp\/v2\/product\/404497","targetHints":{"allow":["GET"]}}],"collection":[{"href":"https:\/\/www.avenuedesigncanada.com\/fr\/wp-json\/wp\/v2\/product"}],"about":[{"href":"https:\/\/www.avenuedesigncanada.com\/fr\/wp-json\/wp\/v2\/types\/product"}],"wp:featuredmedia":[{"embeddable":true,"href":"https:\/\/www.avenuedesigncanada.com\/fr\/wp-json\/wp\/v2\/media\/404433"}],"wp:attachment":[{"href":"https:\/\/www.avenuedesigncanada.com\/fr\/wp-json\/wp\/v2\/media?parent=404497"}],"wp:term":[{"taxonomy":"product_brand","embeddable":true,"href":"https:\/\/www.avenuedesigncanada.com\/fr\/wp-json\/wp\/v2\/product_brand?post=404497"},{"taxonomy":"product_cat","embeddable":true,"href":"https:\/\/www.avenuedesigncanada.com\/fr\/wp-json\/wp\/v2\/product_cat?post=404497"},{"taxonomy":"product_tag","embeddable":true,"href":"https:\/\/www.avenuedesigncanada.com\/fr\/wp-json\/wp\/v2\/product_tag?post=404497"}],"curies":[{"name":"wp","href":"https:\/\/api.w.org\/{rel}","templated":true}]}}