{"id":404498,"date":"2026-02-02T09:57:21","date_gmt":"2026-02-02T14:57:21","guid":{"rendered":"https:\/\/www.avenuedesigncanada.com\/product\/commode-parkin-2\/"},"modified":"2026-02-12T10:51:39","modified_gmt":"2026-02-12T15:51:39","slug":"commode-parkin-2","status":"publish","type":"product","link":"https:\/\/www.avenuedesigncanada.com\/fr\/product\/commode-parkin-2\/","title":{"rendered":"Commode Parkin"},"content":{"rendered":"<p><em>Commode Parkin<br \/>\n Caract\u00e9ristiques :<\/em><br \/>\nPeau de b\u00eate grise avec couture sellier<br \/>\nLa peau de b\u00eate est un produit 100% naturel et sa teinte et sa longueur peuvent varier<br \/>\nTrois tiroirs avec int\u00e9rieur peint en blanc et doublure en feutre blanc<br \/>\nSocle en acier inoxydable poli<br \/>\nDos peint en noir<br \/>\nKit anti-basculement<\/p>\n<p>Vous avez des questions sur ce produit ?<br \/>\nNos designers sont l\u00e0 pour vous aider.<br \/>\nAppelez-nous au (514) 340-9351<\/p>\n","protected":false},"excerpt":{"rendered":"<p>Bernhardt Interiors offers high-design furniture with an eclectic edge. Envelopp\u00e9e de cuir gris, la commode Parkin regorge de texture et d&rsquo;attrait naturel. Les coutures sellier attirent l&rsquo;attention sur la qualit\u00e9 de l&rsquo;ex\u00e9cution, tandis que l&rsquo;int\u00e9rieur peint en blanc et la doublure en feutre blanc des trois tiroirs contribuent au caract\u00e8re unique de la pi\u00e8ce. Un socle en acier inoxydable poli ajoute de l&rsquo;\u00e9clat \u00e0 ce look moderne et luxueux.  <\/p>\n","protected":false},"featured_media":404200,"template":"","meta":{"_kad_blocks_custom_css":"","_kad_blocks_head_custom_js":"","_kad_blocks_body_custom_js":"","_kad_blocks_footer_custom_js":"","_kad_post_transparent":"","_kad_post_title":"","_kad_post_layout":"","_kad_post_sidebar_id":"","_kad_post_content_style":"","_kad_post_vertical_padding":"","_kad_post_feature":"","_kad_post_feature_position":"","_kad_post_header":false,"_kad_post_footer":false,"_kad_post_classname":""},"product_brand":[],"product_cat":[1298],"product_tag":[1844],"class_list":{"0":"post-404498","1":"product","2":"type-product","3":"status-publish","4":"has-post-thumbnail","6":"product_cat-commodes","7":"product_tag-barcelona-cg-fr-2","9":"first","10":"instock","11":"taxable","12":"shipping-taxable","13":"product-type-simple","14":"entry","15":"content-bg","16":"loop-entry"},"taxonomy_info":{"product_cat":[{"value":1298,"label":"Commodes"}],"product_tag":[{"value":1844,"label":"BARCELONA - CG"}]},"featured_image_src_large":["https:\/\/www.avenuedesigncanada.com\/wp-content\/uploads\/2026\/01\/369032-1024x1024.jpg",1024,1024,true],"author_info":[],"comment_info":"","_links":{"self":[{"href":"https:\/\/www.avenuedesigncanada.com\/fr\/wp-json\/wp\/v2\/product\/404498","targetHints":{"allow":["GET"]}}],"collection":[{"href":"https:\/\/www.avenuedesigncanada.com\/fr\/wp-json\/wp\/v2\/product"}],"about":[{"href":"https:\/\/www.avenuedesigncanada.com\/fr\/wp-json\/wp\/v2\/types\/product"}],"wp:featuredmedia":[{"embeddable":true,"href":"https:\/\/www.avenuedesigncanada.com\/fr\/wp-json\/wp\/v2\/media\/404200"}],"wp:attachment":[{"href":"https:\/\/www.avenuedesigncanada.com\/fr\/wp-json\/wp\/v2\/media?parent=404498"}],"wp:term":[{"taxonomy":"product_brand","embeddable":true,"href":"https:\/\/www.avenuedesigncanada.com\/fr\/wp-json\/wp\/v2\/product_brand?post=404498"},{"taxonomy":"product_cat","embeddable":true,"href":"https:\/\/www.avenuedesigncanada.com\/fr\/wp-json\/wp\/v2\/product_cat?post=404498"},{"taxonomy":"product_tag","embeddable":true,"href":"https:\/\/www.avenuedesigncanada.com\/fr\/wp-json\/wp\/v2\/product_tag?post=404498"}],"curies":[{"name":"wp","href":"https:\/\/api.w.org\/{rel}","templated":true}]}}