{"id":404501,"date":"2026-02-02T09:57:20","date_gmt":"2026-02-02T14:57:20","guid":{"rendered":"https:\/\/www.avenuedesigncanada.com\/product\/table-de-nuit-tempo-2\/"},"modified":"2026-02-12T10:51:41","modified_gmt":"2026-02-12T15:51:41","slug":"table-de-nuit-tempo-2","status":"publish","type":"product","link":"https:\/\/www.avenuedesigncanada.com\/fr\/product\/table-de-nuit-tempo-2\/","title":{"rendered":"Table de nuit Tempo"},"content":{"rendered":"<p><em>Table de nuit Tempo<br \/>\n Caract\u00e9ristiques :<\/em><br \/>\nCh\u00eane bross\u00e9 en finition Larza avec dessus et c\u00f4t\u00e9s lisses et fa\u00e7ades de tiroirs en relief<br \/>\nTrois tiroirs \u00e0 ouverture par pression<br \/>\nSocle<br \/>\nChargeur USB \u00e0 deux ports A+C<br \/>\nPatins r\u00e9glables<br \/>\nKit anti-basculement<br \/>\nNe convient pas \u00e0 une utilisation avec un t\u00e9l\u00e9viseur<\/p>\n<p>Vous avez des questions sur ce produit ?<br \/>\nNos designers sont l\u00e0 pour vous aider.<br \/>\nAppelez-nous au (514) 340-9351<\/p>\n","protected":false},"excerpt":{"rendered":"<p>Les panneaux de bois verticaux rythm\u00e9s cr\u00e9ent une profondeur et une dimension magnifiques sur la table de nuit Tempo. Fabriqu\u00e9e en ch\u00eane bross\u00e9 dans la finition Larza, la table de nuit comporte trois tiroirs \u00e0 ouverture par pression. Elle offre un look d\u00e9contract\u00e9 avec un style \u00e9lev\u00e9.  <\/p>\n","protected":false},"featured_media":404196,"template":"","meta":{"_kad_blocks_custom_css":"","_kad_blocks_head_custom_js":"","_kad_blocks_body_custom_js":"","_kad_blocks_footer_custom_js":"","_kad_post_transparent":"","_kad_post_title":"","_kad_post_layout":"","_kad_post_sidebar_id":"","_kad_post_content_style":"","_kad_post_vertical_padding":"","_kad_post_feature":"","_kad_post_feature_position":"","_kad_post_header":false,"_kad_post_footer":false,"_kad_post_classname":""},"product_brand":[],"product_cat":[1299],"product_tag":[1844],"class_list":{"0":"post-404501","1":"product","2":"type-product","3":"status-publish","4":"has-post-thumbnail","6":"product_cat-tables-de-nuit","7":"product_tag-barcelona-cg-fr-2","9":"first","10":"instock","11":"taxable","12":"shipping-taxable","13":"product-type-simple","14":"entry","15":"content-bg","16":"loop-entry"},"taxonomy_info":{"product_cat":[{"value":1299,"label":"Tables de chevet"}],"product_tag":[{"value":1844,"label":"BARCELONA - CG"}]},"featured_image_src_large":["https:\/\/www.avenuedesigncanada.com\/wp-content\/uploads\/2026\/01\/346234_102-1024x1024.jpg",1024,1024,true],"author_info":[],"comment_info":"","_links":{"self":[{"href":"https:\/\/www.avenuedesigncanada.com\/fr\/wp-json\/wp\/v2\/product\/404501","targetHints":{"allow":["GET"]}}],"collection":[{"href":"https:\/\/www.avenuedesigncanada.com\/fr\/wp-json\/wp\/v2\/product"}],"about":[{"href":"https:\/\/www.avenuedesigncanada.com\/fr\/wp-json\/wp\/v2\/types\/product"}],"wp:featuredmedia":[{"embeddable":true,"href":"https:\/\/www.avenuedesigncanada.com\/fr\/wp-json\/wp\/v2\/media\/404196"}],"wp:attachment":[{"href":"https:\/\/www.avenuedesigncanada.com\/fr\/wp-json\/wp\/v2\/media?parent=404501"}],"wp:term":[{"taxonomy":"product_brand","embeddable":true,"href":"https:\/\/www.avenuedesigncanada.com\/fr\/wp-json\/wp\/v2\/product_brand?post=404501"},{"taxonomy":"product_cat","embeddable":true,"href":"https:\/\/www.avenuedesigncanada.com\/fr\/wp-json\/wp\/v2\/product_cat?post=404501"},{"taxonomy":"product_tag","embeddable":true,"href":"https:\/\/www.avenuedesigncanada.com\/fr\/wp-json\/wp\/v2\/product_tag?post=404501"}],"curies":[{"name":"wp","href":"https:\/\/api.w.org\/{rel}","templated":true}]}}