{"id":404502,"date":"2026-02-02T09:57:26","date_gmt":"2026-02-02T14:57:26","guid":{"rendered":"https:\/\/www.avenuedesigncanada.com\/product\/commode-outline\/"},"modified":"2026-02-12T10:51:41","modified_gmt":"2026-02-12T15:51:41","slug":"commode-outline","status":"publish","type":"product","link":"https:\/\/www.avenuedesigncanada.com\/fr\/product\/commode-outline\/","title":{"rendered":"Commode Outline"},"content":{"rendered":"<p><em>Commode Outline<br \/>\n Caract\u00e9ristiques :<\/em><br \/>\nCh\u00eane bross\u00e9 en finition Cassel<br \/>\nSept tiroirs \u00e0 ouverture progressive avec tirettes en aluminium textur\u00e9 en finition Atra<br \/>\nSocle<br \/>\nPatins r\u00e9glables<br \/>\nKit anti-basculement<br \/>\nNe convient pas \u00e0 une utilisation avec un t\u00e9l\u00e9viseur<\/p>\n<p>Vous avez des questions sur ce produit ?<br \/>\nNos designers sont l\u00e0 pour vous aider.<br \/>\nAppelez-nous au (514) 340-9351<\/p>\n","protected":false},"excerpt":{"rendered":"<p>Les d\u00e9tails encastr\u00e9s d\u00e9finissent les sept tiroirs de la commode Outline. Trois tailles de tiroirs cr\u00e9ent un style visuel g\u00e9om\u00e9trique, tandis que le grain de bois naturel et les poign\u00e9es en m\u00e9tal \u00e9quilibrent l&rsquo;aspect organique. Le design, reposant sur un socle, est fini en Cassel.  <\/p>\n","protected":false},"featured_media":404236,"template":"","meta":{"_kad_blocks_custom_css":"","_kad_blocks_head_custom_js":"","_kad_blocks_body_custom_js":"","_kad_blocks_footer_custom_js":"","_kad_post_transparent":"","_kad_post_title":"","_kad_post_layout":"","_kad_post_sidebar_id":"","_kad_post_content_style":"","_kad_post_vertical_padding":"","_kad_post_feature":"","_kad_post_feature_position":"","_kad_post_header":false,"_kad_post_footer":false,"_kad_post_classname":""},"product_brand":[],"product_cat":[1298],"product_tag":[1844],"class_list":{"0":"post-404502","1":"product","2":"type-product","3":"status-publish","4":"has-post-thumbnail","6":"product_cat-commodes","7":"product_tag-barcelona-cg-fr-2","9":"first","10":"instock","11":"taxable","12":"shipping-taxable","13":"product-type-simple","14":"entry","15":"content-bg","16":"loop-entry"},"taxonomy_info":{"product_cat":[{"value":1298,"label":"Commodes"}],"product_tag":[{"value":1844,"label":"BARCELONA - CG"}]},"featured_image_src_large":["https:\/\/www.avenuedesigncanada.com\/wp-content\/uploads\/2026\/01\/360050_102-1024x1024.jpg",1024,1024,true],"author_info":[],"comment_info":"","_links":{"self":[{"href":"https:\/\/www.avenuedesigncanada.com\/fr\/wp-json\/wp\/v2\/product\/404502","targetHints":{"allow":["GET"]}}],"collection":[{"href":"https:\/\/www.avenuedesigncanada.com\/fr\/wp-json\/wp\/v2\/product"}],"about":[{"href":"https:\/\/www.avenuedesigncanada.com\/fr\/wp-json\/wp\/v2\/types\/product"}],"wp:featuredmedia":[{"embeddable":true,"href":"https:\/\/www.avenuedesigncanada.com\/fr\/wp-json\/wp\/v2\/media\/404236"}],"wp:attachment":[{"href":"https:\/\/www.avenuedesigncanada.com\/fr\/wp-json\/wp\/v2\/media?parent=404502"}],"wp:term":[{"taxonomy":"product_brand","embeddable":true,"href":"https:\/\/www.avenuedesigncanada.com\/fr\/wp-json\/wp\/v2\/product_brand?post=404502"},{"taxonomy":"product_cat","embeddable":true,"href":"https:\/\/www.avenuedesigncanada.com\/fr\/wp-json\/wp\/v2\/product_cat?post=404502"},{"taxonomy":"product_tag","embeddable":true,"href":"https:\/\/www.avenuedesigncanada.com\/fr\/wp-json\/wp\/v2\/product_tag?post=404502"}],"curies":[{"name":"wp","href":"https:\/\/api.w.org\/{rel}","templated":true}]}}