{"id":404505,"date":"2026-02-02T09:57:43","date_gmt":"2026-02-02T14:57:43","guid":{"rendered":"https:\/\/www.avenuedesigncanada.com\/product\/etagere-boyd\/"},"modified":"2026-02-13T16:29:10","modified_gmt":"2026-02-13T21:29:10","slug":"etagere-boyd","status":"publish","type":"product","link":"https:\/\/www.avenuedesigncanada.com\/fr\/product\/etagere-boyd\/","title":{"rendered":"Etag\u00e8re Boyd"},"content":{"rendered":"<p><em>Caract\u00e9ristiques de l&rsquo;\u00e9tag\u00e8re Boyd:<\/em>Fabriqu\u00e9e en acajou au fini Bracken<\/p>\n<p>Cinq tablettes fixes, chacune avec une ou deux cloisons qui cr\u00e9ent une configuration unique pour chaque tablette<\/p>\n<p>Panneau arri\u00e8re<\/p>\n<p>Patins r\u00e9glables<\/p>\n<p>Kit anti-basculement<br \/>\nVous avez des questions sur ce produit ? Nos designers sont l\u00e0 pour vous aider. Appelez-nous au (514) 340-9351.<\/p>\n","protected":false},"excerpt":{"rendered":"<p>L&rsquo;\u00e9tag\u00e8re Boyd comporte cinq \u00e9tag\u00e8res avec des panneaux de taille unique qui cr\u00e9ent un espace de rangement moderne et chic. Inspir\u00e9e du design moderne du milieu du si\u00e8cle, mais actualis\u00e9e pour la vie moderne, l&rsquo;\u00e9tag\u00e8re est fabriqu\u00e9e en acajou dans notre finition fonc\u00e9e Bracken. <\/p>\n","protected":false},"featured_media":404385,"template":"","meta":{"_kad_blocks_custom_css":"","_kad_blocks_head_custom_js":"","_kad_blocks_body_custom_js":"","_kad_blocks_footer_custom_js":"","_kad_post_transparent":"","_kad_post_title":"","_kad_post_layout":"","_kad_post_sidebar_id":"","_kad_post_content_style":"","_kad_post_vertical_padding":"","_kad_post_feature":"","_kad_post_feature_position":"","_kad_post_header":false,"_kad_post_footer":false,"_kad_post_classname":""},"product_brand":[],"product_cat":[1309],"product_tag":[1844],"class_list":{"0":"post-404505","1":"product","2":"type-product","3":"status-publish","4":"has-post-thumbnail","6":"product_cat-rangement-fr","7":"product_tag-barcelona-cg-fr-2","9":"first","10":"instock","11":"taxable","12":"shipping-taxable","13":"product-type-simple","14":"entry","15":"content-bg","16":"loop-entry"},"taxonomy_info":{"product_cat":[{"value":1309,"label":"Rangement"}],"product_tag":[{"value":1844,"label":"BARCELONA - CG"}]},"featured_image_src_large":["https:\/\/www.avenuedesigncanada.com\/wp-content\/uploads\/2026\/02\/338820_102-1024x1024.jpg",1024,1024,true],"author_info":[],"comment_info":"","_links":{"self":[{"href":"https:\/\/www.avenuedesigncanada.com\/fr\/wp-json\/wp\/v2\/product\/404505","targetHints":{"allow":["GET"]}}],"collection":[{"href":"https:\/\/www.avenuedesigncanada.com\/fr\/wp-json\/wp\/v2\/product"}],"about":[{"href":"https:\/\/www.avenuedesigncanada.com\/fr\/wp-json\/wp\/v2\/types\/product"}],"wp:featuredmedia":[{"embeddable":true,"href":"https:\/\/www.avenuedesigncanada.com\/fr\/wp-json\/wp\/v2\/media\/404385"}],"wp:attachment":[{"href":"https:\/\/www.avenuedesigncanada.com\/fr\/wp-json\/wp\/v2\/media?parent=404505"}],"wp:term":[{"taxonomy":"product_brand","embeddable":true,"href":"https:\/\/www.avenuedesigncanada.com\/fr\/wp-json\/wp\/v2\/product_brand?post=404505"},{"taxonomy":"product_cat","embeddable":true,"href":"https:\/\/www.avenuedesigncanada.com\/fr\/wp-json\/wp\/v2\/product_cat?post=404505"},{"taxonomy":"product_tag","embeddable":true,"href":"https:\/\/www.avenuedesigncanada.com\/fr\/wp-json\/wp\/v2\/product_tag?post=404505"}],"curies":[{"name":"wp","href":"https:\/\/api.w.org\/{rel}","templated":true}]}}