{"id":404509,"date":"2026-02-02T09:57:18","date_gmt":"2026-02-02T14:57:18","guid":{"rendered":"https:\/\/www.avenuedesigncanada.com\/product\/table-de-nuit-silhouette\/"},"modified":"2026-02-12T10:51:45","modified_gmt":"2026-02-12T15:51:45","slug":"table-de-nuit-silhouette","status":"publish","type":"product","link":"https:\/\/www.avenuedesigncanada.com\/fr\/product\/table-de-nuit-silhouette\/","title":{"rendered":"Table de nuit Silhouette"},"content":{"rendered":"<p><em>Table de nuit Silhouette<br \/>\n Caract\u00e9ristiques :<\/em><br \/>\nFinition deux tons &#8211; bo\u00eetier en finition Onyx, et dessus et tiroirs en finition Eggshell<br \/>\nLe dessus est dot\u00e9 d&rsquo;un rail de galerie autour des c\u00f4t\u00e9s avec une fa\u00e7ade ouverte<br \/>\nDeux tiroirs \u00e0 fermeture douce<br \/>\nSous le tiroir se trouve un compartiment ouvert<br \/>\nDouble port\/chargeur USB \u00e0 l&rsquo;arri\u00e8re du bo\u00eetier<br \/>\nPieds en acier inoxydable poli<br \/>\nPatins r\u00e9glables<br \/>\nKit anti-basculement<br \/>\nN&rsquo;est pas con\u00e7u pour supporter un t\u00e9l\u00e9viseur et\/ou d&rsquo;autres m\u00e9dias.<\/p>\n<p>Vous avez des questions sur ce produit ?<br \/>\nNos concepteurs sont l\u00e0 pour vous aider.<br \/>\nAppelez-nous au (514) 340-9351<\/p>\n","protected":false},"excerpt":{"rendered":"<p>Silhouette se d\u00e9finit par des contrastes audacieux et un soup\u00e7on de glamour Hollywood Regency. La table de nuit Silhouette est un classique moderne. Une palette chic de noir et de blanc accentue le design unique, qui comprend deux tiroirs en finition coquille d&rsquo;\u0153uf qui semblent flotter dans un cadre fini en Onyx. Les d\u00e9licats pieds coniques ronds en acier inoxydable poli sont assortis aux poign\u00e9es octogonales qui s&#8217;embo\u00eetent les unes dans les autres.   <\/p>\n","protected":false},"featured_media":404186,"template":"","meta":{"_kad_blocks_custom_css":"","_kad_blocks_head_custom_js":"","_kad_blocks_body_custom_js":"","_kad_blocks_footer_custom_js":"","_kad_post_transparent":"","_kad_post_title":"","_kad_post_layout":"","_kad_post_sidebar_id":"","_kad_post_content_style":"","_kad_post_vertical_padding":"","_kad_post_feature":"","_kad_post_feature_position":"","_kad_post_header":false,"_kad_post_footer":false,"_kad_post_classname":""},"product_brand":[],"product_cat":[1299],"product_tag":[1844],"class_list":{"0":"post-404509","1":"product","2":"type-product","3":"status-publish","4":"has-post-thumbnail","6":"product_cat-tables-de-nuit","7":"product_tag-barcelona-cg-fr-2","9":"first","10":"instock","11":"taxable","12":"shipping-taxable","13":"product-type-simple","14":"entry","15":"content-bg","16":"loop-entry"},"taxonomy_info":{"product_cat":[{"value":1299,"label":"Tables de chevet"}],"product_tag":[{"value":1844,"label":"BARCELONA - CG"}]},"featured_image_src_large":["https:\/\/www.avenuedesigncanada.com\/wp-content\/uploads\/2026\/01\/307229_102-1024x1024.jpg",1024,1024,true],"author_info":[],"comment_info":"","_links":{"self":[{"href":"https:\/\/www.avenuedesigncanada.com\/fr\/wp-json\/wp\/v2\/product\/404509","targetHints":{"allow":["GET"]}}],"collection":[{"href":"https:\/\/www.avenuedesigncanada.com\/fr\/wp-json\/wp\/v2\/product"}],"about":[{"href":"https:\/\/www.avenuedesigncanada.com\/fr\/wp-json\/wp\/v2\/types\/product"}],"wp:featuredmedia":[{"embeddable":true,"href":"https:\/\/www.avenuedesigncanada.com\/fr\/wp-json\/wp\/v2\/media\/404186"}],"wp:attachment":[{"href":"https:\/\/www.avenuedesigncanada.com\/fr\/wp-json\/wp\/v2\/media?parent=404509"}],"wp:term":[{"taxonomy":"product_brand","embeddable":true,"href":"https:\/\/www.avenuedesigncanada.com\/fr\/wp-json\/wp\/v2\/product_brand?post=404509"},{"taxonomy":"product_cat","embeddable":true,"href":"https:\/\/www.avenuedesigncanada.com\/fr\/wp-json\/wp\/v2\/product_cat?post=404509"},{"taxonomy":"product_tag","embeddable":true,"href":"https:\/\/www.avenuedesigncanada.com\/fr\/wp-json\/wp\/v2\/product_tag?post=404509"}],"curies":[{"name":"wp","href":"https:\/\/api.w.org\/{rel}","templated":true}]}}