{"id":404511,"date":"2026-02-02T09:57:09","date_gmt":"2026-02-02T14:57:09","guid":{"rendered":"https:\/\/www.avenuedesigncanada.com\/product\/table-de-nuit-east-hampton\/"},"modified":"2026-02-12T10:51:46","modified_gmt":"2026-02-12T15:51:46","slug":"table-de-nuit-east-hampton","status":"publish","type":"product","link":"https:\/\/www.avenuedesigncanada.com\/fr\/product\/table-de-nuit-east-hampton\/","title":{"rendered":"Table de nuit East Hampton"},"content":{"rendered":"<p> <em> Table de nuit East Hampton<br \/>\n Caract\u00e9ristiques :<\/em><\/p>\n<p>Solides et placages de fr\u00eane au fini Cerused Linen avec ferrules m\u00e9talliques sur les pieds<br \/>\nPerles de bois autour du dessus<br \/>\nTrois tiroirs<br \/>\nPatins r\u00e9glables<br \/>\nKit anti-basculement<\/p>\n<p>Vous avez des questions sur ce produit ?<br \/>\nNos designers sont l\u00e0 pour vous aider.<br \/>\nAppelez-nous au (514) 340-9351<\/p>\n","protected":false},"excerpt":{"rendered":"<p>La table de nuit East Hampton conserve une sensibilit\u00e9 minimaliste, tandis que ses lignes \u00e9l\u00e9gantes et ses proportions raffin\u00e9es r\u00e9v\u00e8lent une sophistication subtile. R\u00e9alis\u00e9e gr\u00e2ce \u00e0 un travail artisanal m\u00e9ticuleux, la finition Cerused Linen met en valeur le grain de bois lin\u00e9aire des placages de fr\u00eane coup\u00e9 en quatre. Fa\u00e7onn\u00e9e en rectangles avec une forme l\u00e9g\u00e8rement concave, la quincaillerie est forg\u00e9e en zinc nickel\u00e9 moul\u00e9 sous pression avec un fini argent\u00e9 vieilli, ajoutant de la texture et un lustre d\u00e9licat. Les d\u00e9tails tels que les perles en bois et les bagues en m\u00e9tal contribuent \u00e0 l&rsquo;esth\u00e9tique raffin\u00e9e.   <\/p>\n","protected":false},"featured_media":404116,"template":"","meta":{"_kad_blocks_custom_css":"","_kad_blocks_head_custom_js":"","_kad_blocks_body_custom_js":"","_kad_blocks_footer_custom_js":"","_kad_post_transparent":"","_kad_post_title":"","_kad_post_layout":"","_kad_post_sidebar_id":"","_kad_post_content_style":"","_kad_post_vertical_padding":"","_kad_post_feature":"","_kad_post_feature_position":"","_kad_post_header":false,"_kad_post_footer":false,"_kad_post_classname":""},"product_brand":[],"product_cat":[1299],"product_tag":[1844],"class_list":{"0":"post-404511","1":"product","2":"type-product","3":"status-publish","4":"has-post-thumbnail","6":"product_cat-tables-de-nuit","7":"product_tag-barcelona-cg-fr-2","9":"first","10":"instock","11":"taxable","12":"shipping-taxable","13":"product-type-simple","14":"entry","15":"content-bg","16":"loop-entry"},"taxonomy_info":{"product_cat":[{"value":1299,"label":"Tables de chevet"}],"product_tag":[{"value":1844,"label":"BARCELONA - CG"}]},"featured_image_src_large":["https:\/\/www.avenuedesigncanada.com\/wp-content\/uploads\/2026\/01\/395226_102-1024x1024.jpg",1024,1024,true],"author_info":[],"comment_info":"","_links":{"self":[{"href":"https:\/\/www.avenuedesigncanada.com\/fr\/wp-json\/wp\/v2\/product\/404511","targetHints":{"allow":["GET"]}}],"collection":[{"href":"https:\/\/www.avenuedesigncanada.com\/fr\/wp-json\/wp\/v2\/product"}],"about":[{"href":"https:\/\/www.avenuedesigncanada.com\/fr\/wp-json\/wp\/v2\/types\/product"}],"wp:featuredmedia":[{"embeddable":true,"href":"https:\/\/www.avenuedesigncanada.com\/fr\/wp-json\/wp\/v2\/media\/404116"}],"wp:attachment":[{"href":"https:\/\/www.avenuedesigncanada.com\/fr\/wp-json\/wp\/v2\/media?parent=404511"}],"wp:term":[{"taxonomy":"product_brand","embeddable":true,"href":"https:\/\/www.avenuedesigncanada.com\/fr\/wp-json\/wp\/v2\/product_brand?post=404511"},{"taxonomy":"product_cat","embeddable":true,"href":"https:\/\/www.avenuedesigncanada.com\/fr\/wp-json\/wp\/v2\/product_cat?post=404511"},{"taxonomy":"product_tag","embeddable":true,"href":"https:\/\/www.avenuedesigncanada.com\/fr\/wp-json\/wp\/v2\/product_tag?post=404511"}],"curies":[{"name":"wp","href":"https:\/\/api.w.org\/{rel}","templated":true}]}}