{"id":404512,"date":"2026-02-02T09:57:03","date_gmt":"2026-02-02T14:57:03","guid":{"rendered":"https:\/\/www.avenuedesigncanada.com\/product\/table-de-nuit-axiom\/"},"modified":"2026-02-12T10:51:46","modified_gmt":"2026-02-12T15:51:46","slug":"table-de-nuit-axiom","status":"publish","type":"product","link":"https:\/\/www.avenuedesigncanada.com\/fr\/product\/table-de-nuit-axiom\/","title":{"rendered":"Table de nuit Axiom"},"content":{"rendered":"<p> <em> Les caract\u00e9ristiques de la table de nuit Axiom sont les suivantes :<\/em>Placages de faux anigre d&rsquo;ing\u00e9nierie au fini blanc lin\u00e9aireDeux tiroirs avec fa\u00e7ades de tiroirs \u00e0 face fantaisieGlissi\u00e8res ajustablesPour plus de s\u00e9curit\u00e9, une trousse anti-basculement est incluse avec un feuillet d&rsquo;instructionsLe dos de la table est fini<br \/>\nSi vous avez des questions au sujet de ce produit, n&rsquo;h\u00e9sitez pas \u00e0 communiquer avec nos concepteurs au (514) 340-9351.<\/p>\n","protected":false},"excerpt":{"rendered":"<p>Axiom est une collection de meubles de transition glamour avec une inclinaison moderne. Fabriqu\u00e9e en peuplier massif et en placages de faux anigre, la table de nuit Axiom utilise une palette sophistiqu\u00e9e de finitions soyeuses et peu brillantes. La fa\u00e7ade doucement incurv\u00e9e et le design pyramidal invers\u00e9 rehaussent l&rsquo;attrait visuel de cette pi\u00e8ce. L&rsquo;acrylique transparent est associ\u00e9 au m\u00e9tal pour une quincaillerie \u00e0 l&rsquo;aspect frais et unique. Avec ses lignes pures et sa forme \u00e9l\u00e9gante, cette table de nuit \u00e0 trois tiroirs reste un \u00e9l\u00e9ment de base chaleureux et accueillant pour la chambre \u00e0 coucher.    <\/p>\n","protected":false},"featured_media":404077,"template":"","meta":{"_kad_blocks_custom_css":"","_kad_blocks_head_custom_js":"","_kad_blocks_body_custom_js":"","_kad_blocks_footer_custom_js":"","_kad_post_transparent":"","_kad_post_title":"","_kad_post_layout":"","_kad_post_sidebar_id":"","_kad_post_content_style":"","_kad_post_vertical_padding":"","_kad_post_feature":"","_kad_post_feature_position":"","_kad_post_header":false,"_kad_post_footer":false,"_kad_post_classname":""},"product_brand":[],"product_cat":[1299],"product_tag":[1844],"class_list":{"0":"post-404512","1":"product","2":"type-product","3":"status-publish","4":"has-post-thumbnail","6":"product_cat-tables-de-nuit","7":"product_tag-barcelona-cg-fr-2","9":"first","10":"instock","11":"taxable","12":"shipping-taxable","13":"product-type-simple","14":"entry","15":"content-bg","16":"loop-entry"},"taxonomy_info":{"product_cat":[{"value":1299,"label":"Tables de chevet"}],"product_tag":[{"value":1844,"label":"BARCELONA - CG"}]},"featured_image_src_large":["https:\/\/www.avenuedesigncanada.com\/wp-content\/uploads\/2026\/01\/381228-1024x1024.jpg",1024,1024,true],"author_info":[],"comment_info":"","_links":{"self":[{"href":"https:\/\/www.avenuedesigncanada.com\/fr\/wp-json\/wp\/v2\/product\/404512","targetHints":{"allow":["GET"]}}],"collection":[{"href":"https:\/\/www.avenuedesigncanada.com\/fr\/wp-json\/wp\/v2\/product"}],"about":[{"href":"https:\/\/www.avenuedesigncanada.com\/fr\/wp-json\/wp\/v2\/types\/product"}],"wp:featuredmedia":[{"embeddable":true,"href":"https:\/\/www.avenuedesigncanada.com\/fr\/wp-json\/wp\/v2\/media\/404077"}],"wp:attachment":[{"href":"https:\/\/www.avenuedesigncanada.com\/fr\/wp-json\/wp\/v2\/media?parent=404512"}],"wp:term":[{"taxonomy":"product_brand","embeddable":true,"href":"https:\/\/www.avenuedesigncanada.com\/fr\/wp-json\/wp\/v2\/product_brand?post=404512"},{"taxonomy":"product_cat","embeddable":true,"href":"https:\/\/www.avenuedesigncanada.com\/fr\/wp-json\/wp\/v2\/product_cat?post=404512"},{"taxonomy":"product_tag","embeddable":true,"href":"https:\/\/www.avenuedesigncanada.com\/fr\/wp-json\/wp\/v2\/product_tag?post=404512"}],"curies":[{"name":"wp","href":"https:\/\/api.w.org\/{rel}","templated":true}]}}