{"id":404513,"date":"2026-02-02T09:57:16","date_gmt":"2026-02-02T14:57:16","guid":{"rendered":"https:\/\/www.avenuedesigncanada.com\/product\/table-de-nuit-salka\/"},"modified":"2026-02-12T10:51:47","modified_gmt":"2026-02-12T15:51:47","slug":"table-de-nuit-salka","status":"publish","type":"product","link":"https:\/\/www.avenuedesigncanada.com\/fr\/product\/table-de-nuit-salka\/","title":{"rendered":"Table de nuit Salka"},"content":{"rendered":"<p><em>Table de nuit Salka<br \/>\n Caract\u00e9ristiques :<\/em><br \/>\nPierre de s\u00e9l\u00e9nite sur le devant et les c\u00f4t\u00e9s de la caisse avec placages de bois au fini laqu\u00e9 blanc sur le dessus et les int\u00e9rieurs<br \/>\nTrois tiroirs \u00e0 ouverture progressive avec poign\u00e9es en acier inoxydable poli<br \/>\nSyst\u00e8me de chargement USB \u00e0 deux ports A+C<br \/>\nPatins r\u00e9glables<br \/>\nKit anti-basculement<\/p>\n<p>Avez-vous des questions au sujet de ce produit ?<br \/>\nNos designers sont l\u00e0 pour vous aider.<br \/>\nAppelez-nous au (514) 340-9351<\/p>\n","protected":false},"excerpt":{"rendered":"<p>Des cristaux de s\u00e9l\u00e9nite enveloppent la table de nuit Salka, ajoutant une douce lueur de forme et de style. Le plateau et l&rsquo;int\u00e9rieur sont finis en laque blanche, tandis que les tiroirs sont agr\u00e9ment\u00e9s de ferrures en acier inoxydable poli. L&rsquo;arri\u00e8re est \u00e9quip\u00e9 d&rsquo;un syst\u00e8me de chargement USB A+C.  <\/p>\n","protected":false},"featured_media":404178,"template":"","meta":{"_kad_blocks_custom_css":"","_kad_blocks_head_custom_js":"","_kad_blocks_body_custom_js":"","_kad_blocks_footer_custom_js":"","_kad_post_transparent":"","_kad_post_title":"","_kad_post_layout":"","_kad_post_sidebar_id":"","_kad_post_content_style":"","_kad_post_vertical_padding":"","_kad_post_feature":"","_kad_post_feature_position":"","_kad_post_header":false,"_kad_post_footer":false,"_kad_post_classname":""},"product_brand":[],"product_cat":[1299],"product_tag":[1844],"class_list":{"0":"post-404513","1":"product","2":"type-product","3":"status-publish","4":"has-post-thumbnail","6":"product_cat-tables-de-nuit","7":"product_tag-barcelona-cg-fr-2","9":"first","10":"instock","11":"taxable","12":"shipping-taxable","13":"product-type-simple","14":"entry","15":"content-bg","16":"loop-entry"},"taxonomy_info":{"product_cat":[{"value":1299,"label":"Tables de chevet"}],"product_tag":[{"value":1844,"label":"BARCELONA - CG"}]},"featured_image_src_large":["https:\/\/www.avenuedesigncanada.com\/wp-content\/uploads\/2026\/01\/332234_102-1024x1024.jpg",1024,1024,true],"author_info":[],"comment_info":"","_links":{"self":[{"href":"https:\/\/www.avenuedesigncanada.com\/fr\/wp-json\/wp\/v2\/product\/404513","targetHints":{"allow":["GET"]}}],"collection":[{"href":"https:\/\/www.avenuedesigncanada.com\/fr\/wp-json\/wp\/v2\/product"}],"about":[{"href":"https:\/\/www.avenuedesigncanada.com\/fr\/wp-json\/wp\/v2\/types\/product"}],"wp:featuredmedia":[{"embeddable":true,"href":"https:\/\/www.avenuedesigncanada.com\/fr\/wp-json\/wp\/v2\/media\/404178"}],"wp:attachment":[{"href":"https:\/\/www.avenuedesigncanada.com\/fr\/wp-json\/wp\/v2\/media?parent=404513"}],"wp:term":[{"taxonomy":"product_brand","embeddable":true,"href":"https:\/\/www.avenuedesigncanada.com\/fr\/wp-json\/wp\/v2\/product_brand?post=404513"},{"taxonomy":"product_cat","embeddable":true,"href":"https:\/\/www.avenuedesigncanada.com\/fr\/wp-json\/wp\/v2\/product_cat?post=404513"},{"taxonomy":"product_tag","embeddable":true,"href":"https:\/\/www.avenuedesigncanada.com\/fr\/wp-json\/wp\/v2\/product_tag?post=404513"}],"curies":[{"name":"wp","href":"https:\/\/api.w.org\/{rel}","templated":true}]}}