{"id":404515,"date":"2026-02-02T09:57:01","date_gmt":"2026-02-02T14:57:01","guid":{"rendered":"https:\/\/www.avenuedesigncanada.com\/product\/table-de-nuit-axiom-2\/"},"modified":"2026-02-12T10:51:48","modified_gmt":"2026-02-12T15:51:48","slug":"table-de-nuit-axiom-2","status":"publish","type":"product","link":"https:\/\/www.avenuedesigncanada.com\/fr\/product\/table-de-nuit-axiom-2\/","title":{"rendered":"Table de nuit Axiom"},"content":{"rendered":"<p> <em> La table de nuit Axiom pr\u00e9sente les caract\u00e9ristiques suivantes :<\/em><\/p>\n<p>Bois massif de peuplier et placages de faux anigre d&rsquo;ing\u00e9nierie<br \/>\nFini blanc lin\u00e9aire sur la caisse et les fa\u00e7ades de tiroir<br \/>\nTrois tiroirs<br \/>\nFini gris lin\u00e9aire sur la base et les pieds<br \/>\nPatins r\u00e9glables<br \/>\nPour plus de s\u00e9curit\u00e9, une trousse anti-basculement est incluse avec le feuillet d&rsquo;instructions<\/p>\n<p>Avez-vous des questions au sujet de ce produit ?<br \/>\nNos designers sont l\u00e0 pour vous aider.<br \/>\nAppelez-nous au (514) 340-9351.<\/p>\n","protected":false},"excerpt":{"rendered":"<p>Fabriqu\u00e9e \u00e0 partir de peuplier massif et de placages en faux anigre, la table de nuit Axiom pr\u00e9sente une fa\u00e7ade doucement incurv\u00e9e avec un design unique de pyramide invers\u00e9e. Trois finitions soyeuses et peu brillantes forment une palette subtile et sophistiqu\u00e9e. L&rsquo;acrylique transparent est associ\u00e9 au m\u00e9tal pour une quincaillerie \u00e0 l&rsquo;aspect frais et unique. Avec ses lignes pures et sa forme \u00e9l\u00e9gante, cette table de nuit \u00e0 deux tiroirs reste un \u00e9l\u00e9ment de base chaleureux et accueillant pour la chambre \u00e0 coucher.   <\/p>\n","protected":false},"featured_media":404069,"template":"","meta":{"_kad_blocks_custom_css":"","_kad_blocks_head_custom_js":"","_kad_blocks_body_custom_js":"","_kad_blocks_footer_custom_js":"","_kad_post_transparent":"","_kad_post_title":"","_kad_post_layout":"","_kad_post_sidebar_id":"","_kad_post_content_style":"","_kad_post_vertical_padding":"","_kad_post_feature":"","_kad_post_feature_position":"","_kad_post_header":false,"_kad_post_footer":false,"_kad_post_classname":""},"product_brand":[],"product_cat":[15],"product_tag":[1844],"class_list":{"0":"post-404515","1":"product","2":"type-product","3":"status-publish","4":"has-post-thumbnail","6":"product_cat-uncategorized","7":"product_tag-barcelona-cg-fr-2","9":"first","10":"instock","11":"taxable","12":"shipping-taxable","13":"product-type-simple","14":"entry","15":"content-bg","16":"loop-entry"},"taxonomy_info":{"product_cat":[{"value":15,"label":"Uncategorized"}],"product_tag":[{"value":1844,"label":"BARCELONA - CG"}]},"featured_image_src_large":["https:\/\/www.avenuedesigncanada.com\/wp-content\/uploads\/2026\/01\/381213-1024x1024.jpg",1024,1024,true],"author_info":[],"comment_info":"","_links":{"self":[{"href":"https:\/\/www.avenuedesigncanada.com\/fr\/wp-json\/wp\/v2\/product\/404515","targetHints":{"allow":["GET"]}}],"collection":[{"href":"https:\/\/www.avenuedesigncanada.com\/fr\/wp-json\/wp\/v2\/product"}],"about":[{"href":"https:\/\/www.avenuedesigncanada.com\/fr\/wp-json\/wp\/v2\/types\/product"}],"wp:featuredmedia":[{"embeddable":true,"href":"https:\/\/www.avenuedesigncanada.com\/fr\/wp-json\/wp\/v2\/media\/404069"}],"wp:attachment":[{"href":"https:\/\/www.avenuedesigncanada.com\/fr\/wp-json\/wp\/v2\/media?parent=404515"}],"wp:term":[{"taxonomy":"product_brand","embeddable":true,"href":"https:\/\/www.avenuedesigncanada.com\/fr\/wp-json\/wp\/v2\/product_brand?post=404515"},{"taxonomy":"product_cat","embeddable":true,"href":"https:\/\/www.avenuedesigncanada.com\/fr\/wp-json\/wp\/v2\/product_cat?post=404515"},{"taxonomy":"product_tag","embeddable":true,"href":"https:\/\/www.avenuedesigncanada.com\/fr\/wp-json\/wp\/v2\/product_tag?post=404515"}],"curies":[{"name":"wp","href":"https:\/\/api.w.org\/{rel}","templated":true}]}}