{"id":404516,"date":"2026-02-02T09:57:15","date_gmt":"2026-02-02T14:57:15","guid":{"rendered":"https:\/\/www.avenuedesigncanada.com\/product\/table-de-nuit-lunula\/"},"modified":"2026-02-12T10:51:52","modified_gmt":"2026-02-12T15:51:52","slug":"table-de-nuit-lunula","status":"publish","type":"product","link":"https:\/\/www.avenuedesigncanada.com\/fr\/product\/table-de-nuit-lunula\/","title":{"rendered":"Table de nuit Lunula"},"content":{"rendered":"<p><em>Lunula Nightstand<br \/>\n Caract\u00e9ristiques :<\/em><br \/>\nBo\u00eetier en bois au fini lin<br \/>\nDeux tiroirs \u00e0 ouverture par pression avec fa\u00e7ades de tiroirs en r\u00e9sine moul\u00e9e sculpt\u00e9e au fini Vellum<br \/>\nPlaque signal\u00e9tique Bernhardt dans le tiroir sup\u00e9rieur<br \/>\nChargeur USB \u00e0 deux ports \u00e0 l&rsquo;arri\u00e8re du bo\u00eetier<br \/>\nDeux bases en b\u00e9ton moul\u00e9 textur\u00e9 au fini Sand Grey<br \/>\nPatins r\u00e9glables<br \/>\nKit anti-basculement<\/p>\n<p>Vous avez des questions sur ce produit ?<br \/>\nNos designers sont l\u00e0 pour vous aider.<br \/>\nAppelez-nous au (514) 340-9351<\/p>\n","protected":false},"excerpt":{"rendered":"<p>La table de nuit Lunula donne vie \u00e0 un design audacieux et dramatique. La r\u00e9sine coul\u00e9e cr\u00e9e une surface textur\u00e9e avec des formes dimensionnelles qui captivent et engagent. Un cadre en bois dans une finition Flaxen embrasse le look exub\u00e9rant, tandis que des bases en b\u00e9ton moul\u00e9 et cisel\u00e9 soutiennent la vision \u00e9l\u00e9mentaire. Un chargeur USB \u00e0 deux ports est \u00e9galement pr\u00e9sent \u00e0 l&rsquo;arri\u00e8re du bo\u00eetier.   <\/p>\n","protected":false},"featured_media":404158,"template":"","meta":{"_kad_blocks_custom_css":"","_kad_blocks_head_custom_js":"","_kad_blocks_body_custom_js":"","_kad_blocks_footer_custom_js":"","_kad_post_transparent":"","_kad_post_title":"","_kad_post_layout":"","_kad_post_sidebar_id":"","_kad_post_content_style":"","_kad_post_vertical_padding":"","_kad_post_feature":"","_kad_post_feature_position":"","_kad_post_header":false,"_kad_post_footer":false,"_kad_post_classname":""},"product_brand":[],"product_cat":[15],"product_tag":[1844],"class_list":{"0":"post-404516","1":"product","2":"type-product","3":"status-publish","4":"has-post-thumbnail","6":"product_cat-uncategorized","7":"product_tag-barcelona-cg-fr-2","9":"first","10":"instock","11":"taxable","12":"shipping-taxable","13":"product-type-simple","14":"entry","15":"content-bg","16":"loop-entry"},"taxonomy_info":{"product_cat":[{"value":15,"label":"Uncategorized"}],"product_tag":[{"value":1844,"label":"BARCELONA - CG"}]},"featured_image_src_large":["https:\/\/www.avenuedesigncanada.com\/wp-content\/uploads\/2026\/01\/309230_102-1024x1024.jpg",1024,1024,true],"author_info":[],"comment_info":"","_links":{"self":[{"href":"https:\/\/www.avenuedesigncanada.com\/fr\/wp-json\/wp\/v2\/product\/404516","targetHints":{"allow":["GET"]}}],"collection":[{"href":"https:\/\/www.avenuedesigncanada.com\/fr\/wp-json\/wp\/v2\/product"}],"about":[{"href":"https:\/\/www.avenuedesigncanada.com\/fr\/wp-json\/wp\/v2\/types\/product"}],"wp:featuredmedia":[{"embeddable":true,"href":"https:\/\/www.avenuedesigncanada.com\/fr\/wp-json\/wp\/v2\/media\/404158"}],"wp:attachment":[{"href":"https:\/\/www.avenuedesigncanada.com\/fr\/wp-json\/wp\/v2\/media?parent=404516"}],"wp:term":[{"taxonomy":"product_brand","embeddable":true,"href":"https:\/\/www.avenuedesigncanada.com\/fr\/wp-json\/wp\/v2\/product_brand?post=404516"},{"taxonomy":"product_cat","embeddable":true,"href":"https:\/\/www.avenuedesigncanada.com\/fr\/wp-json\/wp\/v2\/product_cat?post=404516"},{"taxonomy":"product_tag","embeddable":true,"href":"https:\/\/www.avenuedesigncanada.com\/fr\/wp-json\/wp\/v2\/product_tag?post=404516"}],"curies":[{"name":"wp","href":"https:\/\/api.w.org\/{rel}","templated":true}]}}