{"id":404519,"date":"2026-02-02T09:56:59","date_gmt":"2026-02-02T14:56:59","guid":{"rendered":"https:\/\/www.avenuedesigncanada.com\/product\/table-de-nuit-antibes\/"},"modified":"2026-02-12T10:51:53","modified_gmt":"2026-02-12T15:51:53","slug":"table-de-nuit-antibes","status":"publish","type":"product","link":"https:\/\/www.avenuedesigncanada.com\/fr\/product\/table-de-nuit-antibes\/","title":{"rendered":"Table de nuit Antibes"},"content":{"rendered":"<p> <em> La table de nuit Antibes pr\u00e9sente les caract\u00e9ristiques suivantes :<\/em><\/p>\n<p>Ch\u00eane rustique au fini Roz<br \/>\nDeux tiroirs \u00e0 ouverture par traction avec tirettes en aluminium moul\u00e9 au fini Graphite<br \/>\nUnit\u00e9 de chargement USB \u00e0 deux ports A+C \u00e0 l&rsquo;arri\u00e8re de la caisse<br \/>\nSocle<br \/>\nPatins r\u00e9glables<br \/>\nKit anti-basculement<br \/>\nNe convient pas \u00e0 une utilisation avec un t\u00e9l\u00e9viseur<\/p>\n<p>Avez-vous des questions sur ce produit ?<br \/>\nNos designers sont l\u00e0 pour vous aider.<br \/>\nAppelez-nous au (514) 340-9351.<\/p>\n","protected":false},"excerpt":{"rendered":"<p>Le design \u00e9l\u00e9mentaire re\u00e7oit une mise \u00e0 jour raffin\u00e9e et moderne pour la table de nuit Antibes. Les coins adoucis et les fa\u00e7ades de tiroirs galb\u00e9es ont une simplicit\u00e9 organique avec la finition rustique Roz. Le meuble est soutenu par un socle et comporte deux tiroirs \u00e0 ouverture par traction avec des poign\u00e9es en aluminium moul\u00e9.  <\/p>\n","protected":false},"featured_media":404065,"template":"","meta":{"_kad_blocks_custom_css":"","_kad_blocks_head_custom_js":"","_kad_blocks_body_custom_js":"","_kad_blocks_footer_custom_js":"","_kad_post_transparent":"","_kad_post_title":"","_kad_post_layout":"","_kad_post_sidebar_id":"","_kad_post_content_style":"","_kad_post_vertical_padding":"","_kad_post_feature":"","_kad_post_feature_position":"","_kad_post_header":false,"_kad_post_footer":false,"_kad_post_classname":""},"product_brand":[],"product_cat":[1299],"product_tag":[1844],"class_list":{"0":"post-404519","1":"product","2":"type-product","3":"status-publish","4":"has-post-thumbnail","6":"product_cat-tables-de-nuit","7":"product_tag-barcelona-cg-fr-2","9":"first","10":"instock","11":"taxable","12":"shipping-taxable","13":"product-type-simple","14":"entry","15":"content-bg","16":"loop-entry"},"taxonomy_info":{"product_cat":[{"value":1299,"label":"Tables de chevet"}],"product_tag":[{"value":1844,"label":"BARCELONA - CG"}]},"featured_image_src_large":["https:\/\/www.avenuedesigncanada.com\/wp-content\/uploads\/2026\/01\/350231_102-1024x1024.jpg",1024,1024,true],"author_info":[],"comment_info":"","_links":{"self":[{"href":"https:\/\/www.avenuedesigncanada.com\/fr\/wp-json\/wp\/v2\/product\/404519","targetHints":{"allow":["GET"]}}],"collection":[{"href":"https:\/\/www.avenuedesigncanada.com\/fr\/wp-json\/wp\/v2\/product"}],"about":[{"href":"https:\/\/www.avenuedesigncanada.com\/fr\/wp-json\/wp\/v2\/types\/product"}],"wp:featuredmedia":[{"embeddable":true,"href":"https:\/\/www.avenuedesigncanada.com\/fr\/wp-json\/wp\/v2\/media\/404065"}],"wp:attachment":[{"href":"https:\/\/www.avenuedesigncanada.com\/fr\/wp-json\/wp\/v2\/media?parent=404519"}],"wp:term":[{"taxonomy":"product_brand","embeddable":true,"href":"https:\/\/www.avenuedesigncanada.com\/fr\/wp-json\/wp\/v2\/product_brand?post=404519"},{"taxonomy":"product_cat","embeddable":true,"href":"https:\/\/www.avenuedesigncanada.com\/fr\/wp-json\/wp\/v2\/product_cat?post=404519"},{"taxonomy":"product_tag","embeddable":true,"href":"https:\/\/www.avenuedesigncanada.com\/fr\/wp-json\/wp\/v2\/product_tag?post=404519"}],"curies":[{"name":"wp","href":"https:\/\/api.w.org\/{rel}","templated":true}]}}