{"id":404521,"date":"2026-02-02T09:57:12","date_gmt":"2026-02-02T14:57:12","guid":{"rendered":"https:\/\/www.avenuedesigncanada.com\/product\/table-de-nuit-calder\/"},"modified":"2026-02-12T10:51:54","modified_gmt":"2026-02-12T15:51:54","slug":"table-de-nuit-calder","status":"publish","type":"product","link":"https:\/\/www.avenuedesigncanada.com\/fr\/product\/table-de-nuit-calder\/","title":{"rendered":"Table de nuit Calder"},"content":{"rendered":"<p><em>Table de nuit Calder<br \/>\n Caract\u00e9ristiques :<\/em><\/p>\n<p>Bois massif de ch\u00eane et placage de ch\u00eane blanc rustique en quartiers<br \/>\nFinition gris rustique<br \/>\nUn tiroir<br \/>\nUne surface d&rsquo;\u00e9tag\u00e8re inf\u00e9rieure<br \/>\nPatins r\u00e9glables<br \/>\nKit anti-basculement<\/p>\n<p>Vous avez des questions sur ce produit ?<br \/>\nNos designers sont l\u00e0 pour vous aider.<br \/>\nAppelez-nous au (514) 340-9351.<\/p>\n","protected":false},"excerpt":{"rendered":"<p>Bernhardt Interiors offers high-design furniture with an eclectic edge. En mettant l&rsquo;accent sur la simplicit\u00e9 moderne, la table de nuit Calder allie la fonction \u00e0 la forme. Une \u00e9tag\u00e8re inf\u00e9rieure cr\u00e9e un espace de surface suppl\u00e9mentaire, tandis qu&rsquo;un tiroir cach\u00e9 offre un espace de rangement dans un style minimaliste. Avec ses placages de ch\u00eane blanc en quart de cercle et sa finition gris rustique, cette pi\u00e8ce apporte un aspect naturel et d\u00e9contract\u00e9 \u00e0 la chambre \u00e0 coucher.  <\/p>\n","protected":false},"featured_media":404128,"template":"","meta":{"_kad_blocks_custom_css":"","_kad_blocks_head_custom_js":"","_kad_blocks_body_custom_js":"","_kad_blocks_footer_custom_js":"","_kad_post_transparent":"","_kad_post_title":"","_kad_post_layout":"","_kad_post_sidebar_id":"","_kad_post_content_style":"","_kad_post_vertical_padding":"","_kad_post_feature":"","_kad_post_feature_position":"","_kad_post_header":false,"_kad_post_footer":false,"_kad_post_classname":""},"product_brand":[],"product_cat":[1299],"product_tag":[1844],"class_list":{"0":"post-404521","1":"product","2":"type-product","3":"status-publish","4":"has-post-thumbnail","6":"product_cat-tables-de-nuit","7":"product_tag-barcelona-cg-fr-2","9":"first","10":"instock","11":"taxable","12":"shipping-taxable","13":"product-type-simple","14":"entry","15":"content-bg","16":"loop-entry"},"taxonomy_info":{"product_cat":[{"value":1299,"label":"Tables de chevet"}],"product_tag":[{"value":1844,"label":"BARCELONA - CG"}]},"featured_image_src_large":["https:\/\/www.avenuedesigncanada.com\/wp-content\/uploads\/2026\/01\/369212-1024x1024.jpg",1024,1024,true],"author_info":[],"comment_info":"","_links":{"self":[{"href":"https:\/\/www.avenuedesigncanada.com\/fr\/wp-json\/wp\/v2\/product\/404521","targetHints":{"allow":["GET"]}}],"collection":[{"href":"https:\/\/www.avenuedesigncanada.com\/fr\/wp-json\/wp\/v2\/product"}],"about":[{"href":"https:\/\/www.avenuedesigncanada.com\/fr\/wp-json\/wp\/v2\/types\/product"}],"wp:featuredmedia":[{"embeddable":true,"href":"https:\/\/www.avenuedesigncanada.com\/fr\/wp-json\/wp\/v2\/media\/404128"}],"wp:attachment":[{"href":"https:\/\/www.avenuedesigncanada.com\/fr\/wp-json\/wp\/v2\/media?parent=404521"}],"wp:term":[{"taxonomy":"product_brand","embeddable":true,"href":"https:\/\/www.avenuedesigncanada.com\/fr\/wp-json\/wp\/v2\/product_brand?post=404521"},{"taxonomy":"product_cat","embeddable":true,"href":"https:\/\/www.avenuedesigncanada.com\/fr\/wp-json\/wp\/v2\/product_cat?post=404521"},{"taxonomy":"product_tag","embeddable":true,"href":"https:\/\/www.avenuedesigncanada.com\/fr\/wp-json\/wp\/v2\/product_tag?post=404521"}],"curies":[{"name":"wp","href":"https:\/\/api.w.org\/{rel}","templated":true}]}}