{"id":404522,"date":"2026-02-02T09:57:04","date_gmt":"2026-02-02T14:57:04","guid":{"rendered":"https:\/\/www.avenuedesigncanada.com\/product\/table-de-nuit-axiom-3\/"},"modified":"2026-02-12T10:51:55","modified_gmt":"2026-02-12T15:51:55","slug":"table-de-nuit-axiom-3","status":"publish","type":"product","link":"https:\/\/www.avenuedesigncanada.com\/fr\/product\/table-de-nuit-axiom-3\/","title":{"rendered":"Table de nuit Axiom"},"content":{"rendered":"<p> <em> La table de nuit Axiom pr\u00e9sente les caract\u00e9ristiques suivantes :<\/em><\/p>\n<p>Bois massif de peuplier et placages de faux anigre d&rsquo;ing\u00e9nierie<br \/>\nFini blanc lin\u00e9aire sur la caisse et les fa\u00e7ades des tiroirs<br \/>\nTrois tiroirs<br \/>\nFini gris lin\u00e9aire sur la base et les pieds<br \/>\nPatins r\u00e9glables<br \/>\nTrousse anti-basculement<br \/>\nL&rsquo;arri\u00e8re de la caisse n&rsquo;est pas enti\u00e8rement fini<\/p>\n<p>Avez-vous des questions sur ce produit ?<br \/>\nNos designers sont l\u00e0 pour vous aider.<br \/>\nAppelez-nous au (514) 340-9351.<\/p>\n","protected":false},"excerpt":{"rendered":"<p>Axiom est une collection de meubles de transition glamour avec une inclinaison moderne. Fabriqu\u00e9e en peuplier massif et en placages de faux anigre, la table de nuit Axiom utilise une palette sophistiqu\u00e9e de finitions soyeuses et peu brillantes. La fa\u00e7ade doucement incurv\u00e9e et le design pyramidal invers\u00e9 rehaussent l&rsquo;attrait visuel de cette pi\u00e8ce. L&rsquo;acrylique transparent est associ\u00e9 au m\u00e9tal pour une quincaillerie \u00e0 l&rsquo;aspect frais et unique. Avec ses lignes pures et sa forme \u00e9l\u00e9gante, cette table de nuit \u00e0 trois tiroirs reste un \u00e9l\u00e9ment de base chaleureux et accueillant pour la chambre \u00e0 coucher.    <\/p>\n","protected":false},"featured_media":404079,"template":"","meta":{"_kad_blocks_custom_css":"","_kad_blocks_head_custom_js":"","_kad_blocks_body_custom_js":"","_kad_blocks_footer_custom_js":"","_kad_post_transparent":"","_kad_post_title":"","_kad_post_layout":"","_kad_post_sidebar_id":"","_kad_post_content_style":"","_kad_post_vertical_padding":"","_kad_post_feature":"","_kad_post_feature_position":"","_kad_post_header":false,"_kad_post_footer":false,"_kad_post_classname":""},"product_brand":[],"product_cat":[1299],"product_tag":[1844],"class_list":{"0":"post-404522","1":"product","2":"type-product","3":"status-publish","4":"has-post-thumbnail","6":"product_cat-tables-de-nuit","7":"product_tag-barcelona-cg-fr-2","9":"first","10":"instock","11":"taxable","12":"shipping-taxable","13":"product-type-simple","14":"entry","15":"content-bg","16":"loop-entry"},"taxonomy_info":{"product_cat":[{"value":1299,"label":"Tables de chevet"}],"product_tag":[{"value":1844,"label":"BARCELONA - CG"}]},"featured_image_src_large":["https:\/\/www.avenuedesigncanada.com\/wp-content\/uploads\/2026\/01\/381229-1024x1024.jpg",1024,1024,true],"author_info":[],"comment_info":"","_links":{"self":[{"href":"https:\/\/www.avenuedesigncanada.com\/fr\/wp-json\/wp\/v2\/product\/404522","targetHints":{"allow":["GET"]}}],"collection":[{"href":"https:\/\/www.avenuedesigncanada.com\/fr\/wp-json\/wp\/v2\/product"}],"about":[{"href":"https:\/\/www.avenuedesigncanada.com\/fr\/wp-json\/wp\/v2\/types\/product"}],"wp:featuredmedia":[{"embeddable":true,"href":"https:\/\/www.avenuedesigncanada.com\/fr\/wp-json\/wp\/v2\/media\/404079"}],"wp:attachment":[{"href":"https:\/\/www.avenuedesigncanada.com\/fr\/wp-json\/wp\/v2\/media?parent=404522"}],"wp:term":[{"taxonomy":"product_brand","embeddable":true,"href":"https:\/\/www.avenuedesigncanada.com\/fr\/wp-json\/wp\/v2\/product_brand?post=404522"},{"taxonomy":"product_cat","embeddable":true,"href":"https:\/\/www.avenuedesigncanada.com\/fr\/wp-json\/wp\/v2\/product_cat?post=404522"},{"taxonomy":"product_tag","embeddable":true,"href":"https:\/\/www.avenuedesigncanada.com\/fr\/wp-json\/wp\/v2\/product_tag?post=404522"}],"curies":[{"name":"wp","href":"https:\/\/api.w.org\/{rel}","templated":true}]}}