{"id":404523,"date":"2026-02-02T09:57:11","date_gmt":"2026-02-02T14:57:11","guid":{"rendered":"https:\/\/www.avenuedesigncanada.com\/product\/table-de-nuit-east-hampton-2\/"},"modified":"2026-02-12T10:51:55","modified_gmt":"2026-02-12T15:51:55","slug":"table-de-nuit-east-hampton-2","status":"publish","type":"product","link":"https:\/\/www.avenuedesigncanada.com\/fr\/product\/table-de-nuit-east-hampton-2\/","title":{"rendered":"Table de nuit East Hampton"},"content":{"rendered":"<p> <em> Table de nuit East Hampton<br \/>\n Caract\u00e9ristiques :<\/em><\/p>\n<p>Solides et placages de fr\u00eane au fini Cerused Linen<br \/>\nCompartiment ouvert au-dessus de deux tiroirs<br \/>\nFa\u00e7ades et panneaux d&rsquo;extr\u00e9mit\u00e9 de tiroirs \u00e0 perles moul\u00e9es<br \/>\nPatins<br \/>\nKit anti-basculement<\/p>\n<p>Vous avez des questions sur ce produit ?<br \/>\nNos designers sont l\u00e0 pour vous aider.<br \/>\nAppelez-nous au (514) 340-9351.<\/p>\n","protected":false},"excerpt":{"rendered":"<p>La commode East Hampton pr\u00e9sente une esth\u00e9tique moderne et \u00e9pur\u00e9e, tandis que les finitions douces et les courbes gracieuses ajoutent un attrait f\u00e9minin. Les fa\u00e7ades des tiroirs en perles moul\u00e9es sont dot\u00e9es de poign\u00e9es en forme de goutte effil\u00e9e finies en argent vieilli. L&rsquo;\u00e9clat d\u00e9licat de ces accents m\u00e9talliques se marie parfaitement avec la subtile finition Cerused Linen, contribuant au style sophistiqu\u00e9 de la pi\u00e8ce. Ni trop formelle, ni trop d\u00e9contract\u00e9e, cette commode apporte un air de douceur et de raffinement \u00e0 votre int\u00e9rieur.     <\/p>\n","protected":false},"featured_media":404126,"template":"","meta":{"_kad_blocks_custom_css":"","_kad_blocks_head_custom_js":"","_kad_blocks_body_custom_js":"","_kad_blocks_footer_custom_js":"","_kad_post_transparent":"","_kad_post_title":"","_kad_post_layout":"","_kad_post_sidebar_id":"","_kad_post_content_style":"","_kad_post_vertical_padding":"","_kad_post_feature":"","_kad_post_feature_position":"","_kad_post_header":false,"_kad_post_footer":false,"_kad_post_classname":""},"product_brand":[],"product_cat":[1299],"product_tag":[1844],"class_list":{"0":"post-404523","1":"product","2":"type-product","3":"status-publish","4":"has-post-thumbnail","6":"product_cat-tables-de-nuit","7":"product_tag-barcelona-cg-fr-2","9":"first","10":"instock","11":"taxable","12":"shipping-taxable","13":"product-type-simple","14":"entry","15":"content-bg","16":"loop-entry"},"taxonomy_info":{"product_cat":[{"value":1299,"label":"Tables de chevet"}],"product_tag":[{"value":1844,"label":"BARCELONA - CG"}]},"featured_image_src_large":["https:\/\/www.avenuedesigncanada.com\/wp-content\/uploads\/2026\/01\/395230_102-1024x1024.jpg",1024,1024,true],"author_info":[],"comment_info":"","_links":{"self":[{"href":"https:\/\/www.avenuedesigncanada.com\/fr\/wp-json\/wp\/v2\/product\/404523","targetHints":{"allow":["GET"]}}],"collection":[{"href":"https:\/\/www.avenuedesigncanada.com\/fr\/wp-json\/wp\/v2\/product"}],"about":[{"href":"https:\/\/www.avenuedesigncanada.com\/fr\/wp-json\/wp\/v2\/types\/product"}],"wp:featuredmedia":[{"embeddable":true,"href":"https:\/\/www.avenuedesigncanada.com\/fr\/wp-json\/wp\/v2\/media\/404126"}],"wp:attachment":[{"href":"https:\/\/www.avenuedesigncanada.com\/fr\/wp-json\/wp\/v2\/media?parent=404523"}],"wp:term":[{"taxonomy":"product_brand","embeddable":true,"href":"https:\/\/www.avenuedesigncanada.com\/fr\/wp-json\/wp\/v2\/product_brand?post=404523"},{"taxonomy":"product_cat","embeddable":true,"href":"https:\/\/www.avenuedesigncanada.com\/fr\/wp-json\/wp\/v2\/product_cat?post=404523"},{"taxonomy":"product_tag","embeddable":true,"href":"https:\/\/www.avenuedesigncanada.com\/fr\/wp-json\/wp\/v2\/product_tag?post=404523"}],"curies":[{"name":"wp","href":"https:\/\/api.w.org\/{rel}","templated":true}]}}