{"id":404871,"date":"2026-02-03T13:30:41","date_gmt":"2026-02-03T18:30:41","guid":{"rendered":"https:\/\/www.avenuedesigncanada.com\/product\/roger-chair\/"},"modified":"2026-02-12T10:52:07","modified_gmt":"2026-02-12T15:52:07","slug":"roger-chair","status":"publish","type":"product","link":"https:\/\/www.avenuedesigncanada.com\/fr\/product\/roger-chair\/","title":{"rendered":"Roger Chair"},"content":{"rendered":"","protected":false},"excerpt":{"rendered":"<p>La chaise de salle \u00e0 manger Roger incarne l&rsquo;\u00e9l\u00e9gance moderne du milieu du si\u00e8cle avec ses lignes \u00e9pur\u00e9es et ses pieds en bois effil\u00e9s. Sa silhouette \u00e9l\u00e9gante est adoucie par un dossier l\u00e9g\u00e8rement incurv\u00e9, offrant \u00e0 la fois confort et style. Recouvert d&rsquo;un tissu ou d&rsquo;un cuir, Roger s&rsquo;int\u00e8gre parfaitement dans tout espace de salle \u00e0 manger, alliant un design intemporel \u00e0 une fonctionnalit\u00e9 de tous les jours.  <\/p>\n","protected":false},"featured_media":404737,"template":"","meta":{"_kad_blocks_custom_css":"","_kad_blocks_head_custom_js":"","_kad_blocks_body_custom_js":"","_kad_blocks_footer_custom_js":"","_kad_post_transparent":"","_kad_post_title":"","_kad_post_layout":"","_kad_post_sidebar_id":"","_kad_post_content_style":"","_kad_post_vertical_padding":"","_kad_post_feature":"","_kad_post_feature_position":"","_kad_post_header":false,"_kad_post_footer":false,"_kad_post_classname":""},"product_brand":[],"product_cat":[1970,1302],"product_tag":[1371],"class_list":{"0":"post-404871","1":"product","2":"type-product","3":"status-publish","4":"has-post-thumbnail","6":"product_cat-chaise-a-manger-sur-mesure","7":"product_cat-chaises","8":"product_tag-hkhaju-fr","10":"first","11":"instock","12":"taxable","13":"shipping-taxable","14":"product-type-simple","15":"entry","16":"content-bg","17":"loop-entry"},"taxonomy_info":{"product_cat":[{"value":1970,"label":"chaise \u00e0 manger sur mesure"},{"value":1302,"label":"Chaises"}],"product_tag":[{"value":1371,"label":"HKHAJU"}]},"featured_image_src_large":["https:\/\/www.avenuedesigncanada.com\/wp-content\/uploads\/2026\/02\/178-1024x1024.png",1024,1024,true],"author_info":[],"comment_info":"","_links":{"self":[{"href":"https:\/\/www.avenuedesigncanada.com\/fr\/wp-json\/wp\/v2\/product\/404871","targetHints":{"allow":["GET"]}}],"collection":[{"href":"https:\/\/www.avenuedesigncanada.com\/fr\/wp-json\/wp\/v2\/product"}],"about":[{"href":"https:\/\/www.avenuedesigncanada.com\/fr\/wp-json\/wp\/v2\/types\/product"}],"wp:featuredmedia":[{"embeddable":true,"href":"https:\/\/www.avenuedesigncanada.com\/fr\/wp-json\/wp\/v2\/media\/404737"}],"wp:attachment":[{"href":"https:\/\/www.avenuedesigncanada.com\/fr\/wp-json\/wp\/v2\/media?parent=404871"}],"wp:term":[{"taxonomy":"product_brand","embeddable":true,"href":"https:\/\/www.avenuedesigncanada.com\/fr\/wp-json\/wp\/v2\/product_brand?post=404871"},{"taxonomy":"product_cat","embeddable":true,"href":"https:\/\/www.avenuedesigncanada.com\/fr\/wp-json\/wp\/v2\/product_cat?post=404871"},{"taxonomy":"product_tag","embeddable":true,"href":"https:\/\/www.avenuedesigncanada.com\/fr\/wp-json\/wp\/v2\/product_tag?post=404871"}],"curies":[{"name":"wp","href":"https:\/\/api.w.org\/{rel}","templated":true}]}}