{"id":404877,"date":"2026-02-03T13:30:39","date_gmt":"2026-02-03T18:30:39","guid":{"rendered":"https:\/\/www.avenuedesigncanada.com\/product\/chaise-papilion\/"},"modified":"2026-02-12T10:52:09","modified_gmt":"2026-02-12T15:52:09","slug":"chaise-papilion","status":"publish","type":"product","link":"https:\/\/www.avenuedesigncanada.com\/fr\/product\/chaise-papilion\/","title":{"rendered":"Chaise Papilion"},"content":{"rendered":"","protected":false},"excerpt":{"rendered":"<p>Papillon est une superbe chaise de salle \u00e0 manger moderne qui allie harmonieusement \u00e9l\u00e9gance et design contemporain. Ses lignes \u00e9pur\u00e9es et sa silhouette minimaliste cr\u00e9ent une exp\u00e9rience gastronomique sophistiqu\u00e9e, parfaite pour les int\u00e9rieurs \u00e9l\u00e9gants. Le dossier de la chaise est orn\u00e9 d&rsquo;une touche de bois unique, qui ajoute de la chaleur et une touche de charme naturel. Con\u00e7ue pour le confort et l&rsquo;esth\u00e9tique, l&rsquo;allure raffin\u00e9e et les d\u00e9tails distincts de Papillon en font un choix id\u00e9al pour les salles \u00e0 manger modernes qui recherchent \u00e0 la fois l&rsquo;\u00e9l\u00e9gance et l&rsquo;individualit\u00e9.   <\/p>\n","protected":false},"featured_media":404711,"template":"","meta":{"_kad_blocks_custom_css":"","_kad_blocks_head_custom_js":"","_kad_blocks_body_custom_js":"","_kad_blocks_footer_custom_js":"","_kad_post_transparent":"","_kad_post_title":"","_kad_post_layout":"","_kad_post_sidebar_id":"","_kad_post_content_style":"","_kad_post_vertical_padding":"","_kad_post_feature":"","_kad_post_feature_position":"","_kad_post_header":false,"_kad_post_footer":false,"_kad_post_classname":""},"product_brand":[],"product_cat":[1970,1302],"product_tag":[1371],"class_list":{"0":"post-404877","1":"product","2":"type-product","3":"status-publish","4":"has-post-thumbnail","6":"product_cat-chaise-a-manger-sur-mesure","7":"product_cat-chaises","8":"product_tag-hkhaju-fr","10":"first","11":"instock","12":"taxable","13":"shipping-taxable","14":"product-type-simple","15":"entry","16":"content-bg","17":"loop-entry"},"taxonomy_info":{"product_cat":[{"value":1970,"label":"chaise \u00e0 manger sur mesure"},{"value":1302,"label":"Chaises"}],"product_tag":[{"value":1371,"label":"HKHAJU"}]},"featured_image_src_large":["https:\/\/www.avenuedesigncanada.com\/wp-content\/uploads\/2026\/02\/165-1024x1024.png",1024,1024,true],"author_info":[],"comment_info":"","_links":{"self":[{"href":"https:\/\/www.avenuedesigncanada.com\/fr\/wp-json\/wp\/v2\/product\/404877","targetHints":{"allow":["GET"]}}],"collection":[{"href":"https:\/\/www.avenuedesigncanada.com\/fr\/wp-json\/wp\/v2\/product"}],"about":[{"href":"https:\/\/www.avenuedesigncanada.com\/fr\/wp-json\/wp\/v2\/types\/product"}],"wp:featuredmedia":[{"embeddable":true,"href":"https:\/\/www.avenuedesigncanada.com\/fr\/wp-json\/wp\/v2\/media\/404711"}],"wp:attachment":[{"href":"https:\/\/www.avenuedesigncanada.com\/fr\/wp-json\/wp\/v2\/media?parent=404877"}],"wp:term":[{"taxonomy":"product_brand","embeddable":true,"href":"https:\/\/www.avenuedesigncanada.com\/fr\/wp-json\/wp\/v2\/product_brand?post=404877"},{"taxonomy":"product_cat","embeddable":true,"href":"https:\/\/www.avenuedesigncanada.com\/fr\/wp-json\/wp\/v2\/product_cat?post=404877"},{"taxonomy":"product_tag","embeddable":true,"href":"https:\/\/www.avenuedesigncanada.com\/fr\/wp-json\/wp\/v2\/product_tag?post=404877"}],"curies":[{"name":"wp","href":"https:\/\/api.w.org\/{rel}","templated":true}]}}