{"id":405643,"date":"2026-02-09T10:03:33","date_gmt":"2026-02-09T15:03:33","guid":{"rendered":"https:\/\/www.avenuedesigncanada.com\/product\/table-a-cocktail-avondale\/"},"modified":"2026-02-13T16:29:10","modified_gmt":"2026-02-13T21:29:10","slug":"table-a-cocktail-avondale","status":"publish","type":"product","link":"https:\/\/www.avenuedesigncanada.com\/fr\/product\/table-a-cocktail-avondale\/","title":{"rendered":"Table \u00e0 cocktail Avondale"},"content":{"rendered":"<p><em>Caract\u00e9ristiques de la table \u00e0 cocktail Avondale:<\/em>Dessus en faux marbre<br \/>\nBase et traverse en acier massif au fini noirci<br \/>\nPatins ajustables\/nPour toute question concernant ce produit, n&rsquo;h\u00e9sitez pas \u00e0 communiquer avec nos designers au (514) 340-9351.<\/p>\n","protected":false},"excerpt":{"rendered":"<p>Bernhardt Occasional propose une gamme de designs haut de gamme pour des espaces de vie luxueux. D\u00e9contract\u00e9e mais sophistiqu\u00e9e, la table \u00e0 cocktail Avondale associe une base en acier \u00e9pur\u00e9e \u00e0 un plateau en faux marbre. L&rsquo;acier noirci contraste avec le faux marbre lisse, tandis que les pi\u00e9tements forment un cercle faisant \u00e9cho au plateau rond. Cette pi\u00e8ce offre un style contemporain \u00e9l\u00e9gant avec une touche de chic industriel.   <\/p>\n","protected":false},"featured_media":405289,"template":"","meta":{"_kad_blocks_custom_css":"","_kad_blocks_head_custom_js":"","_kad_blocks_body_custom_js":"","_kad_blocks_footer_custom_js":"","_kad_post_transparent":"","_kad_post_title":"","_kad_post_layout":"","_kad_post_sidebar_id":"","_kad_post_content_style":"","_kad_post_vertical_padding":"","_kad_post_feature":"","_kad_post_feature_position":"","_kad_post_header":false,"_kad_post_footer":false,"_kad_post_classname":""},"product_brand":[],"product_cat":[1327],"product_tag":[1844],"class_list":{"0":"post-405643","1":"product","2":"type-product","3":"status-publish","4":"has-post-thumbnail","6":"product_cat-salon-tables-a-cafe","7":"product_tag-barcelona-cg-fr-2","9":"first","10":"instock","11":"taxable","12":"shipping-taxable","13":"product-type-simple","14":"entry","15":"content-bg","16":"loop-entry"},"taxonomy_info":{"product_cat":[{"value":1327,"label":"Tables \u00e0 caf\u00e9"}],"product_tag":[{"value":1844,"label":"BARCELONA - CG"}]},"featured_image_src_large":["https:\/\/www.avenuedesigncanada.com\/wp-content\/uploads\/2026\/02\/470015-1024x1024.jpg",1024,1024,true],"author_info":[],"comment_info":"","_links":{"self":[{"href":"https:\/\/www.avenuedesigncanada.com\/fr\/wp-json\/wp\/v2\/product\/405643","targetHints":{"allow":["GET"]}}],"collection":[{"href":"https:\/\/www.avenuedesigncanada.com\/fr\/wp-json\/wp\/v2\/product"}],"about":[{"href":"https:\/\/www.avenuedesigncanada.com\/fr\/wp-json\/wp\/v2\/types\/product"}],"wp:featuredmedia":[{"embeddable":true,"href":"https:\/\/www.avenuedesigncanada.com\/fr\/wp-json\/wp\/v2\/media\/405289"}],"wp:attachment":[{"href":"https:\/\/www.avenuedesigncanada.com\/fr\/wp-json\/wp\/v2\/media?parent=405643"}],"wp:term":[{"taxonomy":"product_brand","embeddable":true,"href":"https:\/\/www.avenuedesigncanada.com\/fr\/wp-json\/wp\/v2\/product_brand?post=405643"},{"taxonomy":"product_cat","embeddable":true,"href":"https:\/\/www.avenuedesigncanada.com\/fr\/wp-json\/wp\/v2\/product_cat?post=405643"},{"taxonomy":"product_tag","embeddable":true,"href":"https:\/\/www.avenuedesigncanada.com\/fr\/wp-json\/wp\/v2\/product_tag?post=405643"}],"curies":[{"name":"wp","href":"https:\/\/api.w.org\/{rel}","templated":true}]}}