{"id":405644,"date":"2026-02-09T10:03:35","date_gmt":"2026-02-09T15:03:35","guid":{"rendered":"https:\/\/www.avenuedesigncanada.com\/product\/console-axiom\/"},"modified":"2026-02-13T16:29:12","modified_gmt":"2026-02-13T21:29:12","slug":"console-axiom","status":"publish","type":"product","link":"https:\/\/www.avenuedesigncanada.com\/fr\/product\/console-axiom\/","title":{"rendered":"Console Axiom"},"content":{"rendered":"<p><em>Caract\u00e9ristiques de la table \u00e0 cocktail Axiom :<\/em>Solides en peuplier avec placages en faux anigre d&rsquo;ing\u00e9nierie<br \/>\nDessus \u00e0 face fantaisie avec fini blanc lin\u00e9aire sur le dessus et les c\u00f4t\u00e9s<br \/>\nBase \u00e0 socle avec fini gris lin\u00e9aire<br \/>\nRoulettes \u00e0 billes robustes et non marquantes\/nPour toute question concernant ce produit, n&rsquo;h\u00e9sitez pas \u00e0 communiquer avec nos designers au (514) 340-9351.<\/p>\n","protected":false},"excerpt":{"rendered":"<p>La table \u00e0 cocktail carr\u00e9e Axiom utilise des formes angulaires et des finitions l\u00e9g\u00e8res et soyeuses pour cr\u00e9er un style distinct. Fabriqu\u00e9e en peuplier massif avec des placages en faux anigre d&rsquo;ing\u00e9nierie dans une finition Linear White peu brillante, le plateau pr\u00e9sente un motif pyramidal \u00e0 face fantaisie qui met en valeur la beaut\u00e9 des placages. Pour compl\u00e9ter l&rsquo;aspect \u00e9pur\u00e9 et contemporain, la base est finie en gris lin\u00e9aire.  <\/p>\n","protected":false},"featured_media":405285,"template":"","meta":{"_kad_blocks_custom_css":"","_kad_blocks_head_custom_js":"","_kad_blocks_body_custom_js":"","_kad_blocks_footer_custom_js":"","_kad_post_transparent":"","_kad_post_title":"","_kad_post_layout":"","_kad_post_sidebar_id":"","_kad_post_content_style":"","_kad_post_vertical_padding":"","_kad_post_feature":"","_kad_post_feature_position":"","_kad_post_header":false,"_kad_post_footer":false,"_kad_post_classname":""},"product_brand":[],"product_cat":[1327],"product_tag":[1844],"class_list":{"0":"post-405644","1":"product","2":"type-product","3":"status-publish","4":"has-post-thumbnail","6":"product_cat-salon-tables-a-cafe","7":"product_tag-barcelona-cg-fr-2","9":"first","10":"instock","11":"taxable","12":"shipping-taxable","13":"product-type-simple","14":"entry","15":"content-bg","16":"loop-entry"},"taxonomy_info":{"product_cat":[{"value":1327,"label":"Tables \u00e0 caf\u00e9"}],"product_tag":[{"value":1844,"label":"BARCELONA - CG"}]},"featured_image_src_large":["https:\/\/www.avenuedesigncanada.com\/wp-content\/uploads\/2026\/02\/381011_102-1024x1024.jpg",1024,1024,true],"author_info":[],"comment_info":"","_links":{"self":[{"href":"https:\/\/www.avenuedesigncanada.com\/fr\/wp-json\/wp\/v2\/product\/405644","targetHints":{"allow":["GET"]}}],"collection":[{"href":"https:\/\/www.avenuedesigncanada.com\/fr\/wp-json\/wp\/v2\/product"}],"about":[{"href":"https:\/\/www.avenuedesigncanada.com\/fr\/wp-json\/wp\/v2\/types\/product"}],"wp:featuredmedia":[{"embeddable":true,"href":"https:\/\/www.avenuedesigncanada.com\/fr\/wp-json\/wp\/v2\/media\/405285"}],"wp:attachment":[{"href":"https:\/\/www.avenuedesigncanada.com\/fr\/wp-json\/wp\/v2\/media?parent=405644"}],"wp:term":[{"taxonomy":"product_brand","embeddable":true,"href":"https:\/\/www.avenuedesigncanada.com\/fr\/wp-json\/wp\/v2\/product_brand?post=405644"},{"taxonomy":"product_cat","embeddable":true,"href":"https:\/\/www.avenuedesigncanada.com\/fr\/wp-json\/wp\/v2\/product_cat?post=405644"},{"taxonomy":"product_tag","embeddable":true,"href":"https:\/\/www.avenuedesigncanada.com\/fr\/wp-json\/wp\/v2\/product_tag?post=405644"}],"curies":[{"name":"wp","href":"https:\/\/api.w.org\/{rel}","templated":true}]}}