{"id":405645,"date":"2026-02-09T10:03:39","date_gmt":"2026-02-09T15:03:39","guid":{"rendered":"https:\/\/www.avenuedesigncanada.com\/product\/table-a-cocktail-beauclair\/"},"modified":"2026-02-13T16:29:16","modified_gmt":"2026-02-13T21:29:16","slug":"table-a-cocktail-beauclair","status":"publish","type":"product","link":"https:\/\/www.avenuedesigncanada.com\/fr\/product\/table-a-cocktail-beauclair\/","title":{"rendered":"Table \u00e0 cocktail Beauclair"},"content":{"rendered":"<p><em>Caract\u00e9ristiques de la table Beauclair :<\/em>Base cr\u00e9\u00e9e \u00e0 partir de ch\u00eane blanc sabl\u00e9 en quartiers au fini lin. Dessus en b\u00e9ton moul\u00e9 au fini Cr\u00e8me Vintage.<br \/>\nLe dessus a une surface lisse et des c\u00f4t\u00e9s textur\u00e9s<br \/>\nPatins ajustables\/nVous avez des questions sur ce produit ? nos designers sont l\u00e0 pour vous aider.appelez-nous au (514) 340-9351 <\/p>\n","protected":false},"excerpt":{"rendered":"<p>La table \u00e0 cocktail Beauclair adopte une approche moderne et primitive avec une base textur\u00e9e en ch\u00eane \u00e9quarri au fini Flaxen. Le plateau en b\u00e9ton moul\u00e9 ressemble \u00e0 une pierre de carri\u00e8re avec ses c\u00f4t\u00e9s textur\u00e9s et sa surface lisse en finition Vintage Cream. <\/p>\n","protected":false},"featured_media":405309,"template":"","meta":{"_kad_blocks_custom_css":"","_kad_blocks_head_custom_js":"","_kad_blocks_body_custom_js":"","_kad_blocks_footer_custom_js":"","_kad_post_transparent":"","_kad_post_title":"","_kad_post_layout":"","_kad_post_sidebar_id":"","_kad_post_content_style":"","_kad_post_vertical_padding":"","_kad_post_feature":"","_kad_post_feature_position":"","_kad_post_header":false,"_kad_post_footer":false,"_kad_post_classname":""},"product_brand":[],"product_cat":[1327],"product_tag":[1844],"class_list":{"0":"post-405645","1":"product","2":"type-product","3":"status-publish","4":"has-post-thumbnail","6":"product_cat-salon-tables-a-cafe","7":"product_tag-barcelona-cg-fr-2","9":"first","10":"instock","11":"taxable","12":"shipping-taxable","13":"product-type-simple","14":"entry","15":"content-bg","16":"loop-entry"},"taxonomy_info":{"product_cat":[{"value":1327,"label":"Tables \u00e0 caf\u00e9"}],"product_tag":[{"value":1844,"label":"BARCELONA - CG"}]},"featured_image_src_large":["https:\/\/www.avenuedesigncanada.com\/wp-content\/uploads\/2026\/02\/550021-1024x1024.jpg",1024,1024,true],"author_info":[],"comment_info":"","_links":{"self":[{"href":"https:\/\/www.avenuedesigncanada.com\/fr\/wp-json\/wp\/v2\/product\/405645","targetHints":{"allow":["GET"]}}],"collection":[{"href":"https:\/\/www.avenuedesigncanada.com\/fr\/wp-json\/wp\/v2\/product"}],"about":[{"href":"https:\/\/www.avenuedesigncanada.com\/fr\/wp-json\/wp\/v2\/types\/product"}],"wp:featuredmedia":[{"embeddable":true,"href":"https:\/\/www.avenuedesigncanada.com\/fr\/wp-json\/wp\/v2\/media\/405309"}],"wp:attachment":[{"href":"https:\/\/www.avenuedesigncanada.com\/fr\/wp-json\/wp\/v2\/media?parent=405645"}],"wp:term":[{"taxonomy":"product_brand","embeddable":true,"href":"https:\/\/www.avenuedesigncanada.com\/fr\/wp-json\/wp\/v2\/product_brand?post=405645"},{"taxonomy":"product_cat","embeddable":true,"href":"https:\/\/www.avenuedesigncanada.com\/fr\/wp-json\/wp\/v2\/product_cat?post=405645"},{"taxonomy":"product_tag","embeddable":true,"href":"https:\/\/www.avenuedesigncanada.com\/fr\/wp-json\/wp\/v2\/product_tag?post=405645"}],"curies":[{"name":"wp","href":"https:\/\/api.w.org\/{rel}","templated":true}]}}