{"id":405646,"date":"2026-02-09T10:03:37","date_gmt":"2026-02-09T15:03:37","guid":{"rendered":"https:\/\/www.avenuedesigncanada.com\/product\/table-a-cocktail-basi\/"},"modified":"2026-02-13T16:28:50","modified_gmt":"2026-02-13T21:28:50","slug":"table-a-cocktail-basi","status":"publish","type":"product","link":"https:\/\/www.avenuedesigncanada.com\/fr\/product\/table-a-cocktail-basi\/","title":{"rendered":"Table \u00e0 cocktail Basi"},"content":{"rendered":"<p><em>Caract\u00e9ristiques de la table \u00e0 cocktail Basi:<\/em>Design \u00e0 plusieurs niveaux en acajou au fini Bracken<br \/>\nRoulettes robustes\/Nous avons des questions sur ce produit ? nos designers sont l\u00e0 pour vous aider.appelez-nous au (514) 340-9351<\/p>\n","protected":false},"excerpt":{"rendered":"<p>Des vagues de formes magnifiques montent et descendent sur la table \u00e0 cocktail Basi, fabriqu\u00e9e en acajou. Reposant sur un socle, les multiples niveaux de surface permettent au grain de bois de prendre le devant de la sc\u00e8ne, mettant en valeur les ombres et l&rsquo;int\u00e9r\u00eat visuel dans la finition Bracken. <\/p>\n<p>  Design \u00e0 plusieurs niveaux en acajou, finition Bracken<br \/>\n Roulettes robustes<br \/>\n Les sp\u00e9cifications peuvent \u00eatre modifi\u00e9es sans pr\u00e9avis.<\/p>\n","protected":false},"featured_media":405269,"template":"","meta":{"_kad_blocks_custom_css":"","_kad_blocks_head_custom_js":"","_kad_blocks_body_custom_js":"","_kad_blocks_footer_custom_js":"","_kad_post_transparent":"","_kad_post_title":"","_kad_post_layout":"","_kad_post_sidebar_id":"","_kad_post_content_style":"","_kad_post_vertical_padding":"","_kad_post_feature":"","_kad_post_feature_position":"","_kad_post_header":false,"_kad_post_footer":false,"_kad_post_classname":""},"product_brand":[],"product_cat":[1327],"product_tag":[1844],"class_list":{"0":"post-405646","1":"product","2":"type-product","3":"status-publish","4":"has-post-thumbnail","6":"product_cat-salon-tables-a-cafe","7":"product_tag-barcelona-cg-fr-2","9":"first","10":"instock","11":"taxable","12":"shipping-taxable","13":"product-type-simple","14":"entry","15":"content-bg","16":"loop-entry"},"taxonomy_info":{"product_cat":[{"value":1327,"label":"Tables \u00e0 caf\u00e9"}],"product_tag":[{"value":1844,"label":"BARCELONA - CG"}]},"featured_image_src_large":["https:\/\/www.avenuedesigncanada.com\/wp-content\/uploads\/2026\/02\/347017-1024x1024.jpg",1024,1024,true],"author_info":[],"comment_info":"","_links":{"self":[{"href":"https:\/\/www.avenuedesigncanada.com\/fr\/wp-json\/wp\/v2\/product\/405646","targetHints":{"allow":["GET"]}}],"collection":[{"href":"https:\/\/www.avenuedesigncanada.com\/fr\/wp-json\/wp\/v2\/product"}],"about":[{"href":"https:\/\/www.avenuedesigncanada.com\/fr\/wp-json\/wp\/v2\/types\/product"}],"wp:featuredmedia":[{"embeddable":true,"href":"https:\/\/www.avenuedesigncanada.com\/fr\/wp-json\/wp\/v2\/media\/405269"}],"wp:attachment":[{"href":"https:\/\/www.avenuedesigncanada.com\/fr\/wp-json\/wp\/v2\/media?parent=405646"}],"wp:term":[{"taxonomy":"product_brand","embeddable":true,"href":"https:\/\/www.avenuedesigncanada.com\/fr\/wp-json\/wp\/v2\/product_brand?post=405646"},{"taxonomy":"product_cat","embeddable":true,"href":"https:\/\/www.avenuedesigncanada.com\/fr\/wp-json\/wp\/v2\/product_cat?post=405646"},{"taxonomy":"product_tag","embeddable":true,"href":"https:\/\/www.avenuedesigncanada.com\/fr\/wp-json\/wp\/v2\/product_tag?post=405646"}],"curies":[{"name":"wp","href":"https:\/\/api.w.org\/{rel}","templated":true}]}}