{"id":405647,"date":"2026-02-09T10:04:01","date_gmt":"2026-02-09T15:04:01","guid":{"rendered":"https:\/\/www.avenuedesigncanada.com\/product\/lit-a-panneaux-calavaras-king\/"},"modified":"2026-02-13T16:28:29","modified_gmt":"2026-02-13T21:28:29","slug":"lit-a-panneaux-calavaras-king","status":"publish","type":"product","link":"https:\/\/www.avenuedesigncanada.com\/fr\/product\/lit-a-panneaux-calavaras-king\/","title":{"rendered":"Lit \u00e0 panneaux Calavaras King"},"content":{"rendered":"<p><em>Caract\u00e9ristiques du lit \u00e0 panneaux Calavaras King :<\/p>\n<p><\/em><br \/>\nT\u00eate de lit tapiss\u00e9e avec garniture de t\u00eate de clou entre les canaux et autour du cadre.<\/p>\n<p>Pied de lit cannel\u00e9 et rembourr\u00e9 avec garniture en t\u00eate de clou<\/p>\n<p>Panneaux de c\u00f4t\u00e9 rembourr\u00e9s<\/p>\n<p>Pieds en finition Espresso<\/p>\n<p>Syst\u00e8me de support de lattes<\/p>\n<p>\u00c9galement disponible en finition Smoke<\/p>\n<p>Vous avez des questions sur ce produit ? Nos concepteurs sont l\u00e0 pour vous aider. Appelez-nous au (514) 340-9351  <\/p>\n","protected":false},"excerpt":{"rendered":"<p>La texture du teck naturel dans une finition Smoked Truffle est \u00e9quilibr\u00e9e par des panneaux doucement rembourr\u00e9s sur le lit \u00e0 panneaux Calavaras<br \/>\n en tissu. La t\u00eate de lit attire tous les regards, avec son motif ajour\u00e9 de teck tranch\u00e9, soutenu par un pied de lit rembourr\u00e9 et des barri\u00e8res lat\u00e9rales. Les pieds en bois expos\u00e9s sont finis en Smoke.  <\/p>\n","protected":false},"featured_media":405325,"template":"","meta":{"_kad_blocks_custom_css":"","_kad_blocks_head_custom_js":"","_kad_blocks_body_custom_js":"","_kad_blocks_footer_custom_js":"","_kad_post_transparent":"","_kad_post_title":"","_kad_post_layout":"","_kad_post_sidebar_id":"","_kad_post_content_style":"","_kad_post_vertical_padding":"","_kad_post_feature":"","_kad_post_feature_position":"","_kad_post_header":false,"_kad_post_footer":false,"_kad_post_classname":""},"product_brand":[],"product_cat":[1296],"product_tag":[1851],"class_list":{"0":"post-405647","1":"product","2":"type-product","3":"status-publish","4":"has-post-thumbnail","6":"product_cat-lits","7":"product_tag-barcelona-fr","9":"first","10":"instock","11":"taxable","12":"shipping-taxable","13":"product-type-simple","14":"entry","15":"content-bg","16":"loop-entry"},"taxonomy_info":{"product_cat":[{"value":1296,"label":"Lits"}],"product_tag":[{"value":1851,"label":"BARCELONA"}]},"featured_image_src_large":["https:\/\/www.avenuedesigncanada.com\/wp-content\/uploads\/2026\/02\/K1314_102-1024x1024.jpg",1024,1024,true],"author_info":[],"comment_info":"","_links":{"self":[{"href":"https:\/\/www.avenuedesigncanada.com\/fr\/wp-json\/wp\/v2\/product\/405647","targetHints":{"allow":["GET"]}}],"collection":[{"href":"https:\/\/www.avenuedesigncanada.com\/fr\/wp-json\/wp\/v2\/product"}],"about":[{"href":"https:\/\/www.avenuedesigncanada.com\/fr\/wp-json\/wp\/v2\/types\/product"}],"wp:featuredmedia":[{"embeddable":true,"href":"https:\/\/www.avenuedesigncanada.com\/fr\/wp-json\/wp\/v2\/media\/405325"}],"wp:attachment":[{"href":"https:\/\/www.avenuedesigncanada.com\/fr\/wp-json\/wp\/v2\/media?parent=405647"}],"wp:term":[{"taxonomy":"product_brand","embeddable":true,"href":"https:\/\/www.avenuedesigncanada.com\/fr\/wp-json\/wp\/v2\/product_brand?post=405647"},{"taxonomy":"product_cat","embeddable":true,"href":"https:\/\/www.avenuedesigncanada.com\/fr\/wp-json\/wp\/v2\/product_cat?post=405647"},{"taxonomy":"product_tag","embeddable":true,"href":"https:\/\/www.avenuedesigncanada.com\/fr\/wp-json\/wp\/v2\/product_tag?post=405647"}],"curies":[{"name":"wp","href":"https:\/\/api.w.org\/{rel}","templated":true}]}}