{"id":405648,"date":"2026-02-09T10:04:11","date_gmt":"2026-02-09T15:04:11","guid":{"rendered":"https:\/\/www.avenuedesigncanada.com\/product\/morgan-panel-bed-california-king-54-h\/"},"modified":"2026-02-13T16:28:43","modified_gmt":"2026-02-13T21:28:43","slug":"morgan-panel-bed-california-king-54-h","status":"publish","type":"product","link":"https:\/\/www.avenuedesigncanada.com\/fr\/product\/morgan-panel-bed-california-king-54-h\/","title":{"rendered":"Lit \u00e0 panneaux Morgan King (54&Prime; h)"},"content":{"rendered":"<p><em>Le lit \u00e0 panneaux Morgan King pr\u00e9sente les caract\u00e9ristiques suivantes :<\/p>\n<p><\/em><br \/>\nT\u00eate de lit \u00e0 panneaux enti\u00e8rement rembourr\u00e9e avec cadre photo et garniture \u00e0 t\u00eate de clou en option.<\/p>\n<p>Pied de lit et rails lat\u00e9raux enti\u00e8rement rembourr\u00e9s &#8211; sans t\u00eate de clou<\/p>\n<p>Pieds en bois disponibles en finition Espresso (illustr\u00e9) ou Smoke.<\/p>\n<p>Syst\u00e8me de support de lattes<\/p>\n<p>Vous avez des questions sur ce produit ? Nos designers sont l\u00e0 pour vous aider. Appelez-nous au (514)-340-9351<\/p>\n","protected":false},"excerpt":{"rendered":"<p>Le lit \u00e0 panneaux Morgan, enti\u00e8rement rembourr\u00e9, apporte un style transitionnel \u00e9l\u00e9gant \u00e0 la chambre \u00e0 coucher. Sur la t\u00eate de lit, une garniture raffin\u00e9e de t\u00eates de clous en option entoure un panneau de cadre. Les pieds en bois sont disponibles en finition Smoke ou Espresso.  <\/p>\n","protected":false},"featured_media":405331,"template":"","meta":{"_kad_blocks_custom_css":"","_kad_blocks_head_custom_js":"","_kad_blocks_body_custom_js":"","_kad_blocks_footer_custom_js":"","_kad_post_transparent":"","_kad_post_title":"","_kad_post_layout":"","_kad_post_sidebar_id":"","_kad_post_content_style":"","_kad_post_vertical_padding":"","_kad_post_feature":"","_kad_post_feature_position":"","_kad_post_header":false,"_kad_post_footer":false,"_kad_post_classname":""},"product_brand":[],"product_cat":[1296],"product_tag":[1851],"class_list":{"0":"post-405648","1":"product","2":"type-product","3":"status-publish","4":"has-post-thumbnail","6":"product_cat-lits","7":"product_tag-barcelona-fr","9":"first","10":"instock","11":"taxable","12":"shipping-taxable","13":"product-type-simple","14":"entry","15":"content-bg","16":"loop-entry"},"taxonomy_info":{"product_cat":[{"value":1296,"label":"Lits"}],"product_tag":[{"value":1851,"label":"BARCELONA"}]},"featured_image_src_large":["https:\/\/www.avenuedesigncanada.com\/wp-content\/uploads\/2026\/02\/K1431_102-1024x1024.jpg",1024,1024,true],"author_info":[],"comment_info":"","_links":{"self":[{"href":"https:\/\/www.avenuedesigncanada.com\/fr\/wp-json\/wp\/v2\/product\/405648","targetHints":{"allow":["GET"]}}],"collection":[{"href":"https:\/\/www.avenuedesigncanada.com\/fr\/wp-json\/wp\/v2\/product"}],"about":[{"href":"https:\/\/www.avenuedesigncanada.com\/fr\/wp-json\/wp\/v2\/types\/product"}],"wp:featuredmedia":[{"embeddable":true,"href":"https:\/\/www.avenuedesigncanada.com\/fr\/wp-json\/wp\/v2\/media\/405331"}],"wp:attachment":[{"href":"https:\/\/www.avenuedesigncanada.com\/fr\/wp-json\/wp\/v2\/media?parent=405648"}],"wp:term":[{"taxonomy":"product_brand","embeddable":true,"href":"https:\/\/www.avenuedesigncanada.com\/fr\/wp-json\/wp\/v2\/product_brand?post=405648"},{"taxonomy":"product_cat","embeddable":true,"href":"https:\/\/www.avenuedesigncanada.com\/fr\/wp-json\/wp\/v2\/product_cat?post=405648"},{"taxonomy":"product_tag","embeddable":true,"href":"https:\/\/www.avenuedesigncanada.com\/fr\/wp-json\/wp\/v2\/product_tag?post=405648"}],"curies":[{"name":"wp","href":"https:\/\/api.w.org\/{rel}","templated":true}]}}