{"id":405649,"date":"2026-02-09T10:03:47","date_gmt":"2026-02-09T15:03:47","guid":{"rendered":"https:\/\/www.avenuedesigncanada.com\/product\/table-a-cocktail-calavaras\/"},"modified":"2026-02-13T16:29:17","modified_gmt":"2026-02-13T21:29:17","slug":"table-a-cocktail-calavaras","status":"publish","type":"product","link":"https:\/\/www.avenuedesigncanada.com\/fr\/product\/table-a-cocktail-calavaras\/","title":{"rendered":"Table \u00e0 cocktail Calavaras"},"content":{"rendered":"<p><em>Caract\u00e9ristiques de la table Calavaras:<\/em>BSup\u00e9rieur en teck massif tranch\u00e9 avec base en teck<br \/>\nPatins r\u00e9glables\/nVous avez des questions sur ce produit ? nos designers sont l\u00e0 pour vous aider.appelez-nous au (514) 340-9351<\/p>\n","protected":false},"excerpt":{"rendered":"<p>Pleine de chaleur et de personnalit\u00e9, la table \u00e0 cocktail Calavaras insuffle \u00e0 un espace l&rsquo;\u00e9nergie fra\u00eeche des \u00e9l\u00e9ments organiques. Fabriqu\u00e9 en teck tranch\u00e9, le plateau rond est compos\u00e9 de pi\u00e8ces de forme unique qui s&#8217;embo\u00eetent comme un puzzle. Une finition truffe fum\u00e9e rehausse la beaut\u00e9 naturelle du bois.  <\/p>\n","protected":false},"featured_media":405257,"template":"","meta":{"_kad_blocks_custom_css":"","_kad_blocks_head_custom_js":"","_kad_blocks_body_custom_js":"","_kad_blocks_footer_custom_js":"","_kad_post_transparent":"","_kad_post_title":"","_kad_post_layout":"","_kad_post_sidebar_id":"","_kad_post_content_style":"","_kad_post_vertical_padding":"","_kad_post_feature":"","_kad_post_feature_position":"","_kad_post_header":false,"_kad_post_footer":false,"_kad_post_classname":""},"product_brand":[],"product_cat":[1327],"product_tag":[1844],"class_list":{"0":"post-405649","1":"product","2":"type-product","3":"status-publish","4":"has-post-thumbnail","6":"product_cat-salon-tables-a-cafe","7":"product_tag-barcelona-cg-fr-2","9":"first","10":"instock","11":"taxable","12":"shipping-taxable","13":"product-type-simple","14":"entry","15":"content-bg","16":"loop-entry"},"taxonomy_info":{"product_cat":[{"value":1327,"label":"Tables \u00e0 caf\u00e9"}],"product_tag":[{"value":1844,"label":"BARCELONA - CG"}]},"featured_image_src_large":["https:\/\/www.avenuedesigncanada.com\/wp-content\/uploads\/2026\/02\/301016-1024x1024.jpg",1024,1024,true],"author_info":[],"comment_info":"","_links":{"self":[{"href":"https:\/\/www.avenuedesigncanada.com\/fr\/wp-json\/wp\/v2\/product\/405649","targetHints":{"allow":["GET"]}}],"collection":[{"href":"https:\/\/www.avenuedesigncanada.com\/fr\/wp-json\/wp\/v2\/product"}],"about":[{"href":"https:\/\/www.avenuedesigncanada.com\/fr\/wp-json\/wp\/v2\/types\/product"}],"wp:featuredmedia":[{"embeddable":true,"href":"https:\/\/www.avenuedesigncanada.com\/fr\/wp-json\/wp\/v2\/media\/405257"}],"wp:attachment":[{"href":"https:\/\/www.avenuedesigncanada.com\/fr\/wp-json\/wp\/v2\/media?parent=405649"}],"wp:term":[{"taxonomy":"product_brand","embeddable":true,"href":"https:\/\/www.avenuedesigncanada.com\/fr\/wp-json\/wp\/v2\/product_brand?post=405649"},{"taxonomy":"product_cat","embeddable":true,"href":"https:\/\/www.avenuedesigncanada.com\/fr\/wp-json\/wp\/v2\/product_cat?post=405649"},{"taxonomy":"product_tag","embeddable":true,"href":"https:\/\/www.avenuedesigncanada.com\/fr\/wp-json\/wp\/v2\/product_tag?post=405649"}],"curies":[{"name":"wp","href":"https:\/\/api.w.org\/{rel}","templated":true}]}}