{"id":405650,"date":"2026-02-09T10:03:50","date_gmt":"2026-02-09T15:03:50","guid":{"rendered":"https:\/\/www.avenuedesigncanada.com\/product\/table-a-cocktail-catalina\/"},"modified":"2026-02-13T16:29:18","modified_gmt":"2026-02-13T21:29:18","slug":"table-a-cocktail-catalina","status":"publish","type":"product","link":"https:\/\/www.avenuedesigncanada.com\/fr\/product\/table-a-cocktail-catalina\/","title":{"rendered":"Table \u00e0 cocktail Catalina"},"content":{"rendered":"<p><em>Caract\u00e9ristiques de la table Catalina :<\/em>Dessus en placage d&rsquo;\u00e9rable au fini Pl\u00e2tre blanc<br \/>\nBase en aluminium moul\u00e9 au fini Graphite<br \/>\nPatins ajustables\/nPour toute question concernant ce produit, n&rsquo;h\u00e9sitez pas \u00e0 communiquer avec nos designers au (514) 340-9351.<\/p>\n","protected":false},"excerpt":{"rendered":"<p>La table \u00e0 cocktail ronde Catalina associe des mat\u00e9riaux uniques \u00e0 un design inspir\u00e9. Le jeu des angles et des courbes cr\u00e9e une sensation artistique. Pour un contraste saisissant, la base sculpturale en aluminium moul\u00e9 pr\u00e9sente une finition textur\u00e9e en graphite, tandis que le plateau en \u00e9rable plaqu\u00e9 est fini en pl\u00e2tre blanc lisse. Le plateau semble planer au-dessus de la base, ce qui ajoute au caract\u00e8re unique de cette pi\u00e8ce dynamique.   <\/p>\n","protected":false},"featured_media":405251,"template":"","meta":{"_kad_blocks_custom_css":"","_kad_blocks_head_custom_js":"","_kad_blocks_body_custom_js":"","_kad_blocks_footer_custom_js":"","_kad_post_transparent":"","_kad_post_title":"","_kad_post_layout":"","_kad_post_sidebar_id":"","_kad_post_content_style":"","_kad_post_vertical_padding":"","_kad_post_feature":"","_kad_post_feature_position":"","_kad_post_header":false,"_kad_post_footer":false,"_kad_post_classname":""},"product_brand":[],"product_cat":[1327],"product_tag":[1844],"class_list":{"0":"post-405650","1":"product","2":"type-product","3":"status-publish","4":"has-post-thumbnail","6":"product_cat-salon-tables-a-cafe","7":"product_tag-barcelona-cg-fr-2","9":"first","10":"instock","11":"taxable","12":"shipping-taxable","13":"product-type-simple","14":"entry","15":"content-bg","16":"loop-entry"},"taxonomy_info":{"product_cat":[{"value":1327,"label":"Tables \u00e0 caf\u00e9"}],"product_tag":[{"value":1844,"label":"BARCELONA - CG"}]},"featured_image_src_large":["https:\/\/www.avenuedesigncanada.com\/wp-content\/uploads\/2026\/02\/301014-1024x1024.jpg",1024,1024,true],"author_info":[],"comment_info":"","_links":{"self":[{"href":"https:\/\/www.avenuedesigncanada.com\/fr\/wp-json\/wp\/v2\/product\/405650","targetHints":{"allow":["GET"]}}],"collection":[{"href":"https:\/\/www.avenuedesigncanada.com\/fr\/wp-json\/wp\/v2\/product"}],"about":[{"href":"https:\/\/www.avenuedesigncanada.com\/fr\/wp-json\/wp\/v2\/types\/product"}],"wp:featuredmedia":[{"embeddable":true,"href":"https:\/\/www.avenuedesigncanada.com\/fr\/wp-json\/wp\/v2\/media\/405251"}],"wp:attachment":[{"href":"https:\/\/www.avenuedesigncanada.com\/fr\/wp-json\/wp\/v2\/media?parent=405650"}],"wp:term":[{"taxonomy":"product_brand","embeddable":true,"href":"https:\/\/www.avenuedesigncanada.com\/fr\/wp-json\/wp\/v2\/product_brand?post=405650"},{"taxonomy":"product_cat","embeddable":true,"href":"https:\/\/www.avenuedesigncanada.com\/fr\/wp-json\/wp\/v2\/product_cat?post=405650"},{"taxonomy":"product_tag","embeddable":true,"href":"https:\/\/www.avenuedesigncanada.com\/fr\/wp-json\/wp\/v2\/product_tag?post=405650"}],"curies":[{"name":"wp","href":"https:\/\/api.w.org\/{rel}","templated":true}]}}