{"id":405651,"date":"2026-02-09T10:03:52","date_gmt":"2026-02-09T15:03:52","guid":{"rendered":"https:\/\/www.avenuedesigncanada.com\/product\/table-a-cocktail-croft\/"},"modified":"2026-02-13T16:29:19","modified_gmt":"2026-02-13T21:29:19","slug":"table-a-cocktail-croft","status":"publish","type":"product","link":"https:\/\/www.avenuedesigncanada.com\/fr\/product\/table-a-cocktail-croft\/","title":{"rendered":"Table \u00e0 cocktail Croft"},"content":{"rendered":"<p><em>Caract\u00e9ristiques de la table Croft:<\/em>Base en acajou au fini Forry avec dessus de table en pierre bleue semi-polie<br \/>\nRoulettes\/nVous avez des questions sur ce produit ? nos designers sont l\u00e0 pour vous aider.appelez-nous au (514) 340-9351<\/p>\n","protected":false},"excerpt":{"rendered":"<p>Inspir\u00e9e par le design embl\u00e9matique des ann\u00e9es 1970, la table \u00e0 cocktail Croft adopte un profil bas dans un style audacieux. Les angles sont adoucis sur la base en acajou, finie en Forry. Le plateau en pierre bleue semi-polie marque un \u00e9quilibre entre l&rsquo;obscurit\u00e9 et la lumi\u00e8re, le bois et la pierre.  <\/p>\n","protected":false},"featured_media":405263,"template":"","meta":{"_kad_blocks_custom_css":"","_kad_blocks_head_custom_js":"","_kad_blocks_body_custom_js":"","_kad_blocks_footer_custom_js":"","_kad_post_transparent":"","_kad_post_title":"","_kad_post_layout":"","_kad_post_sidebar_id":"","_kad_post_content_style":"","_kad_post_vertical_padding":"","_kad_post_feature":"","_kad_post_feature_position":"","_kad_post_header":false,"_kad_post_footer":false,"_kad_post_classname":""},"product_brand":[],"product_cat":[1327],"product_tag":[1844],"class_list":{"0":"post-405651","1":"product","2":"type-product","3":"status-publish","4":"has-post-thumbnail","6":"product_cat-salon-tables-a-cafe","7":"product_tag-barcelona-cg-fr-2","9":"first","10":"instock","11":"taxable","12":"shipping-taxable","13":"product-type-simple","14":"entry","15":"content-bg","16":"loop-entry"},"taxonomy_info":{"product_cat":[{"value":1327,"label":"Tables \u00e0 caf\u00e9"}],"product_tag":[{"value":1844,"label":"BARCELONA - CG"}]},"featured_image_src_large":["https:\/\/www.avenuedesigncanada.com\/wp-content\/uploads\/2026\/02\/338018-1024x1024.jpg",1024,1024,true],"author_info":[],"comment_info":"","_links":{"self":[{"href":"https:\/\/www.avenuedesigncanada.com\/fr\/wp-json\/wp\/v2\/product\/405651","targetHints":{"allow":["GET"]}}],"collection":[{"href":"https:\/\/www.avenuedesigncanada.com\/fr\/wp-json\/wp\/v2\/product"}],"about":[{"href":"https:\/\/www.avenuedesigncanada.com\/fr\/wp-json\/wp\/v2\/types\/product"}],"wp:featuredmedia":[{"embeddable":true,"href":"https:\/\/www.avenuedesigncanada.com\/fr\/wp-json\/wp\/v2\/media\/405263"}],"wp:attachment":[{"href":"https:\/\/www.avenuedesigncanada.com\/fr\/wp-json\/wp\/v2\/media?parent=405651"}],"wp:term":[{"taxonomy":"product_brand","embeddable":true,"href":"https:\/\/www.avenuedesigncanada.com\/fr\/wp-json\/wp\/v2\/product_brand?post=405651"},{"taxonomy":"product_cat","embeddable":true,"href":"https:\/\/www.avenuedesigncanada.com\/fr\/wp-json\/wp\/v2\/product_cat?post=405651"},{"taxonomy":"product_tag","embeddable":true,"href":"https:\/\/www.avenuedesigncanada.com\/fr\/wp-json\/wp\/v2\/product_tag?post=405651"}],"curies":[{"name":"wp","href":"https:\/\/api.w.org\/{rel}","templated":true}]}}