{"id":405652,"date":"2026-02-09T10:04:16","date_gmt":"2026-02-09T15:04:16","guid":{"rendered":"https:\/\/www.avenuedesigncanada.com\/product\/omeir-lit-a-panneaux-king\/"},"modified":"2026-02-13T16:28:30","modified_gmt":"2026-02-13T21:28:30","slug":"omeir-lit-a-panneaux-king","status":"publish","type":"product","link":"https:\/\/www.avenuedesigncanada.com\/fr\/product\/omeir-lit-a-panneaux-king\/","title":{"rendered":"Omeir Lit \u00e0 panneaux King"},"content":{"rendered":"<p><em>Le lit \u00e0 panneaux Omeir King pr\u00e9sente les caract\u00e9ristiques suivantes :<\/em><br \/>\nT\u00eate de lit enti\u00e8rement rembourr\u00e9e avec canaux horizontaux, jumel\u00e9e \u00e0 un pied de lit rembourr\u00e9 et \u00e0 des rails lat\u00e9raux<br \/>\nDisponible dans certains tissus<br \/>\n options<br \/>\nPieds en bois expos\u00e9s dans les finis Smoke ou Espresso<br \/>\nSyst\u00e8me de support \u00e0 lattes<br \/>\nNote : La t\u00eate de lit ne peut pas \u00eatre utilis\u00e9e seule<br \/>\nVous avez des questions sur ce produit ? Nos designers sont l\u00e0 pour vous aider. Appelez-nous au (514)-340-9351.<\/p>\n","protected":false},"excerpt":{"rendered":"<p>Le lit \u00e0 panneaux Omeir pr\u00e9sente des panneaux verticaux rembourr\u00e9s sur la t\u00eate de lit qui offrent \u00e0 la fois un style unique et un confort profond. Le cadre en bois peut \u00eatre aper\u00e7u entre les panneaux, offrant une finition Zeno profonde et compl\u00e9mentaire. Des panneaux de bois profonds entourent le lit, offrant un look moderne et audacieux.  <\/p>\n","protected":false},"featured_media":405482,"template":"","meta":{"_kad_blocks_custom_css":"","_kad_blocks_head_custom_js":"","_kad_blocks_body_custom_js":"","_kad_blocks_footer_custom_js":"","_kad_post_transparent":"","_kad_post_title":"","_kad_post_layout":"","_kad_post_sidebar_id":"","_kad_post_content_style":"","_kad_post_vertical_padding":"","_kad_post_feature":"","_kad_post_feature_position":"","_kad_post_header":false,"_kad_post_footer":false,"_kad_post_classname":""},"product_brand":[],"product_cat":[1296],"product_tag":[1851],"class_list":{"0":"post-405652","1":"product","2":"type-product","3":"status-publish","4":"has-post-thumbnail","6":"product_cat-lits","7":"product_tag-barcelona-fr","9":"first","10":"instock","11":"taxable","12":"shipping-taxable","13":"product-type-simple","14":"entry","15":"content-bg","16":"loop-entry"},"taxonomy_info":{"product_cat":[{"value":1296,"label":"Lits"}],"product_tag":[{"value":1851,"label":"BARCELONA"}]},"featured_image_src_large":["https:\/\/www.avenuedesigncanada.com\/wp-content\/uploads\/2026\/02\/K2220_102-1024x1024.jpg",1024,1024,true],"author_info":[],"comment_info":"","_links":{"self":[{"href":"https:\/\/www.avenuedesigncanada.com\/fr\/wp-json\/wp\/v2\/product\/405652","targetHints":{"allow":["GET"]}}],"collection":[{"href":"https:\/\/www.avenuedesigncanada.com\/fr\/wp-json\/wp\/v2\/product"}],"about":[{"href":"https:\/\/www.avenuedesigncanada.com\/fr\/wp-json\/wp\/v2\/types\/product"}],"wp:featuredmedia":[{"embeddable":true,"href":"https:\/\/www.avenuedesigncanada.com\/fr\/wp-json\/wp\/v2\/media\/405482"}],"wp:attachment":[{"href":"https:\/\/www.avenuedesigncanada.com\/fr\/wp-json\/wp\/v2\/media?parent=405652"}],"wp:term":[{"taxonomy":"product_brand","embeddable":true,"href":"https:\/\/www.avenuedesigncanada.com\/fr\/wp-json\/wp\/v2\/product_brand?post=405652"},{"taxonomy":"product_cat","embeddable":true,"href":"https:\/\/www.avenuedesigncanada.com\/fr\/wp-json\/wp\/v2\/product_cat?post=405652"},{"taxonomy":"product_tag","embeddable":true,"href":"https:\/\/www.avenuedesigncanada.com\/fr\/wp-json\/wp\/v2\/product_tag?post=405652"}],"curies":[{"name":"wp","href":"https:\/\/api.w.org\/{rel}","templated":true}]}}