{"id":405654,"date":"2026-02-09T10:04:20","date_gmt":"2026-02-09T15:04:20","guid":{"rendered":"https:\/\/www.avenuedesigncanada.com\/product\/tempo-panel-bed-california-king\/"},"modified":"2026-02-13T16:28:39","modified_gmt":"2026-02-13T21:28:39","slug":"tempo-panel-bed-california-king","status":"publish","type":"product","link":"https:\/\/www.avenuedesigncanada.com\/fr\/product\/tempo-panel-bed-california-king\/","title":{"rendered":"Lit \u00e0 panneaux Tempo King"},"content":{"rendered":"<p><em>Caract\u00e9ristiques du lit \u00e0 panneaux Tempo King :<\/em> <\/p>\n<p>T\u00eate et pied de lit rembourr\u00e9s avec plis le long du bord sup\u00e9rieur et rails lat\u00e9raux rembourr\u00e9s<\/p>\n<p>Socle en ch\u00eane bross\u00e9 en finition Larza<\/p>\n<p>Standard avec tissu performant<br \/>\n B157<\/p>\n<p>Syst\u00e8me de support de lattes<\/p>\n<p>Patins ajustables<\/p>\n<p>Vous avez des questions sur ce produit ? Nos designers sont l\u00e0 pour vous aider. Appelez-nous au (514)-340-9351<\/p>\n","protected":false},"excerpt":{"rendered":"<p>Le lit panneau Tempo a un style moderne unique avec un pli enveloppe pliss\u00e9 sur la t\u00eate et le pied de lit rembourr\u00e9s. Le pied de lit s&#8217;embo\u00eete \u00e9galement dans la base pour un look architectural moderne. Le lit repose sur un socle en bois en finition Larza.  <\/p>\n","protected":false},"featured_media":405496,"template":"","meta":{"_kad_blocks_custom_css":"","_kad_blocks_head_custom_js":"","_kad_blocks_body_custom_js":"","_kad_blocks_footer_custom_js":"","_kad_post_transparent":"","_kad_post_title":"","_kad_post_layout":"","_kad_post_sidebar_id":"","_kad_post_content_style":"","_kad_post_vertical_padding":"","_kad_post_feature":"","_kad_post_feature_position":"","_kad_post_header":false,"_kad_post_footer":false,"_kad_post_classname":""},"product_brand":[],"product_cat":[1296],"product_tag":[1851],"class_list":{"0":"post-405654","1":"product","2":"type-product","3":"status-publish","4":"has-post-thumbnail","6":"product_cat-lits","7":"product_tag-barcelona-fr","9":"first","10":"instock","11":"taxable","12":"shipping-taxable","13":"product-type-simple","14":"entry","15":"content-bg","16":"loop-entry"},"taxonomy_info":{"product_cat":[{"value":1296,"label":"Lits"}],"product_tag":[{"value":1851,"label":"BARCELONA"}]},"featured_image_src_large":["https:\/\/www.avenuedesigncanada.com\/wp-content\/uploads\/2026\/02\/K2136_102-1-1024x1024.jpg",1024,1024,true],"author_info":[],"comment_info":"","_links":{"self":[{"href":"https:\/\/www.avenuedesigncanada.com\/fr\/wp-json\/wp\/v2\/product\/405654","targetHints":{"allow":["GET"]}}],"collection":[{"href":"https:\/\/www.avenuedesigncanada.com\/fr\/wp-json\/wp\/v2\/product"}],"about":[{"href":"https:\/\/www.avenuedesigncanada.com\/fr\/wp-json\/wp\/v2\/types\/product"}],"wp:featuredmedia":[{"embeddable":true,"href":"https:\/\/www.avenuedesigncanada.com\/fr\/wp-json\/wp\/v2\/media\/405496"}],"wp:attachment":[{"href":"https:\/\/www.avenuedesigncanada.com\/fr\/wp-json\/wp\/v2\/media?parent=405654"}],"wp:term":[{"taxonomy":"product_brand","embeddable":true,"href":"https:\/\/www.avenuedesigncanada.com\/fr\/wp-json\/wp\/v2\/product_brand?post=405654"},{"taxonomy":"product_cat","embeddable":true,"href":"https:\/\/www.avenuedesigncanada.com\/fr\/wp-json\/wp\/v2\/product_cat?post=405654"},{"taxonomy":"product_tag","embeddable":true,"href":"https:\/\/www.avenuedesigncanada.com\/fr\/wp-json\/wp\/v2\/product_tag?post=405654"}],"curies":[{"name":"wp","href":"https:\/\/api.w.org\/{rel}","templated":true}]}}