{"id":405655,"date":"2026-02-09T10:03:57","date_gmt":"2026-02-09T15:03:57","guid":{"rendered":"https:\/\/www.avenuedesigncanada.com\/product\/table-a-cocktail-darsa\/"},"modified":"2026-02-13T16:28:52","modified_gmt":"2026-02-13T21:28:52","slug":"table-a-cocktail-darsa","status":"publish","type":"product","link":"https:\/\/www.avenuedesigncanada.com\/fr\/product\/table-a-cocktail-darsa\/","title":{"rendered":"Table \u00e0 cocktail Darsa"},"content":{"rendered":"<p><em>Caract\u00e9ristiques de la table Darsa:<\/em>Solides et placages de ch\u00eane au fini Atacama<br \/>\nQuatre pieds<br \/>\nPatins ajustables\/nPour toute question concernant ce produit, n&rsquo;h\u00e9sitez pas \u00e0 communiquer avec nos designers au (514) 340-9351.<\/p>\n","protected":false},"excerpt":{"rendered":"<p>La table \u00e0 cocktail Darsa cr\u00e9e une d\u00e9finition \u00e9l\u00e9gante avec des lignes \u00e9pur\u00e9es et des formes audacieuses. Deux pieds sont form\u00e9s avec des profils plus larges pour un design asym\u00e9trique unique. Le ch\u00eane bross\u00e9 offre de la texture.  <\/p>\n","protected":false},"featured_media":405295,"template":"","meta":{"_kad_blocks_custom_css":"","_kad_blocks_head_custom_js":"","_kad_blocks_body_custom_js":"","_kad_blocks_footer_custom_js":"","_kad_post_transparent":"","_kad_post_title":"","_kad_post_layout":"","_kad_post_sidebar_id":"","_kad_post_content_style":"","_kad_post_vertical_padding":"","_kad_post_feature":"","_kad_post_feature_position":"","_kad_post_header":false,"_kad_post_footer":false,"_kad_post_classname":""},"product_brand":[],"product_cat":[1327],"product_tag":[1844],"class_list":{"0":"post-405655","1":"product","2":"type-product","3":"status-publish","4":"has-post-thumbnail","6":"product_cat-salon-tables-a-cafe","7":"product_tag-barcelona-cg-fr-2","9":"first","10":"instock","11":"taxable","12":"shipping-taxable","13":"product-type-simple","14":"entry","15":"content-bg","16":"loop-entry"},"taxonomy_info":{"product_cat":[{"value":1327,"label":"Tables \u00e0 caf\u00e9"}],"product_tag":[{"value":1844,"label":"BARCELONA - CG"}]},"featured_image_src_large":["https:\/\/www.avenuedesigncanada.com\/wp-content\/uploads\/2026\/02\/507022-1024x1024.jpg",1024,1024,true],"author_info":[],"comment_info":"","_links":{"self":[{"href":"https:\/\/www.avenuedesigncanada.com\/fr\/wp-json\/wp\/v2\/product\/405655","targetHints":{"allow":["GET"]}}],"collection":[{"href":"https:\/\/www.avenuedesigncanada.com\/fr\/wp-json\/wp\/v2\/product"}],"about":[{"href":"https:\/\/www.avenuedesigncanada.com\/fr\/wp-json\/wp\/v2\/types\/product"}],"wp:featuredmedia":[{"embeddable":true,"href":"https:\/\/www.avenuedesigncanada.com\/fr\/wp-json\/wp\/v2\/media\/405295"}],"wp:attachment":[{"href":"https:\/\/www.avenuedesigncanada.com\/fr\/wp-json\/wp\/v2\/media?parent=405655"}],"wp:term":[{"taxonomy":"product_brand","embeddable":true,"href":"https:\/\/www.avenuedesigncanada.com\/fr\/wp-json\/wp\/v2\/product_brand?post=405655"},{"taxonomy":"product_cat","embeddable":true,"href":"https:\/\/www.avenuedesigncanada.com\/fr\/wp-json\/wp\/v2\/product_cat?post=405655"},{"taxonomy":"product_tag","embeddable":true,"href":"https:\/\/www.avenuedesigncanada.com\/fr\/wp-json\/wp\/v2\/product_tag?post=405655"}],"curies":[{"name":"wp","href":"https:\/\/api.w.org\/{rel}","templated":true}]}}