{"id":405656,"date":"2026-02-09T10:04:22","date_gmt":"2026-02-09T15:04:22","guid":{"rendered":"https:\/\/www.avenuedesigncanada.com\/product\/vale-panel-bed-king\/"},"modified":"2026-02-13T16:28:34","modified_gmt":"2026-02-13T21:28:34","slug":"vale-panel-bed-king","status":"publish","type":"product","link":"https:\/\/www.avenuedesigncanada.com\/fr\/product\/vale-panel-bed-king\/","title":{"rendered":"Vale Panel Bed King"},"content":{"rendered":"<p><em>Le lit \u00e0 panneaux Vale King pr\u00e9sente les caract\u00e9ristiques suivantes :<\/em><br \/>\nT\u00eate de lit enti\u00e8rement rembourr\u00e9e avec canaux horizontaux, pied de lit enti\u00e8rement rembourr\u00e9 et rails lat\u00e9raux<br \/>\nNote : La t\u00eate de lit ne peut \u00eatre utilis\u00e9e seule<br \/>\nLe pied de lit comprend des pieds en bois expos\u00e9s au fini Smoke<br \/>\nSyst\u00e8me de support \u00e0 lattes<br \/>\nPatins r\u00e9glables<br \/>\n Montr\u00e9 en tissu 1325-020<br \/>\n Vous avez des questions sur ce produit ? Nos designers sont l\u00e0 pour vous aider. Appelez-nous au (514)-340-9351.<\/p>\n","protected":false},"excerpt":{"rendered":"<p>Des canaux horizontaux profonds offrent un confort moderne \u00e0 la t\u00eate de lit Vale. Le dossier se r\u00e9tr\u00e9cit l\u00e9g\u00e8rement du haut jusqu&rsquo;aux pieds alors que le rembourrage s&rsquo;enroule autour des panneaux lat\u00e9raux et du pied de lit \u00e0 profil bas. Les pieds en bois expos\u00e9s sont finis en Smoke.  <\/p>\n","protected":false},"featured_media":405502,"template":"","meta":{"_kad_blocks_custom_css":"","_kad_blocks_head_custom_js":"","_kad_blocks_body_custom_js":"","_kad_blocks_footer_custom_js":"","_kad_post_transparent":"","_kad_post_title":"","_kad_post_layout":"","_kad_post_sidebar_id":"","_kad_post_content_style":"","_kad_post_vertical_padding":"","_kad_post_feature":"","_kad_post_feature_position":"","_kad_post_header":false,"_kad_post_footer":false,"_kad_post_classname":""},"product_brand":[],"product_cat":[1296],"product_tag":[1851],"class_list":{"0":"post-405656","1":"product","2":"type-product","3":"status-publish","4":"has-post-thumbnail","6":"product_cat-lits","7":"product_tag-barcelona-fr","9":"first","10":"instock","11":"taxable","12":"shipping-taxable","13":"product-type-simple","14":"entry","15":"content-bg","16":"loop-entry"},"taxonomy_info":{"product_cat":[{"value":1296,"label":"Lits"}],"product_tag":[{"value":1851,"label":"BARCELONA"}]},"featured_image_src_large":["https:\/\/www.avenuedesigncanada.com\/wp-content\/uploads\/2026\/02\/K1999_102-1-1024x1024.jpg",1024,1024,true],"author_info":[],"comment_info":"","_links":{"self":[{"href":"https:\/\/www.avenuedesigncanada.com\/fr\/wp-json\/wp\/v2\/product\/405656","targetHints":{"allow":["GET"]}}],"collection":[{"href":"https:\/\/www.avenuedesigncanada.com\/fr\/wp-json\/wp\/v2\/product"}],"about":[{"href":"https:\/\/www.avenuedesigncanada.com\/fr\/wp-json\/wp\/v2\/types\/product"}],"wp:featuredmedia":[{"embeddable":true,"href":"https:\/\/www.avenuedesigncanada.com\/fr\/wp-json\/wp\/v2\/media\/405502"}],"wp:attachment":[{"href":"https:\/\/www.avenuedesigncanada.com\/fr\/wp-json\/wp\/v2\/media?parent=405656"}],"wp:term":[{"taxonomy":"product_brand","embeddable":true,"href":"https:\/\/www.avenuedesigncanada.com\/fr\/wp-json\/wp\/v2\/product_brand?post=405656"},{"taxonomy":"product_cat","embeddable":true,"href":"https:\/\/www.avenuedesigncanada.com\/fr\/wp-json\/wp\/v2\/product_cat?post=405656"},{"taxonomy":"product_tag","embeddable":true,"href":"https:\/\/www.avenuedesigncanada.com\/fr\/wp-json\/wp\/v2\/product_tag?post=405656"}],"curies":[{"name":"wp","href":"https:\/\/api.w.org\/{rel}","templated":true}]}}