{"id":405658,"date":"2026-02-09T10:04:26","date_gmt":"2026-02-09T15:04:26","guid":{"rendered":"https:\/\/www.avenuedesigncanada.com\/product\/albion-shelter-bed-king\/"},"modified":"2026-02-13T16:28:38","modified_gmt":"2026-02-13T21:28:38","slug":"albion-shelter-bed-king","status":"publish","type":"product","link":"https:\/\/www.avenuedesigncanada.com\/fr\/product\/albion-shelter-bed-king\/","title":{"rendered":"Albion Shelter Bed King"},"content":{"rendered":"<p><em>Caract\u00e9ristiques du lit \u00e0 panneaux Albion King :<\/em><br \/>\nF<\/p>\n<p> Taille King<br \/>\n Solides en ch\u00eane blanc et placages en ch\u00eane blanc noueux<br \/>\n T\u00eate de lit rembourr\u00e9e avec cadre en bois et base en bois<br \/>\n Pieds de lit rembourr\u00e9s et rails lat\u00e9raux avec base en bois<br \/>\n Bois expos\u00e9 au fini Pewter<br \/>\n Rembourr\u00e9 en tissu B585 <\/p>\n<p> Syst\u00e8me de support \u00e0 lattes<br \/>\nVous avez des questions sur ce produit ? Nos designers sont l\u00e0 pour vous aider.Appelez-nous au (514)-340-9351<\/p>\n","protected":false},"excerpt":{"rendered":"<p>Avec sa t\u00eate de lit rembourr\u00e9e envelopp\u00e9e dans un cadre en bois, le lit-abri Albion s&rsquo;inspire des fauteuils \u00e0 oreilles, cr\u00e9ant ainsi son propre cocon de confort. Les lignes \u00e9pur\u00e9es sont mises en valeur par le contour en bois, fini dans une couleur \u00e9tain chic et d\u00e9contract\u00e9e. Un pied de lit et des rails lat\u00e9raux doucement rembourr\u00e9s compl\u00e8tent la haute t\u00eate de lit rembourr\u00e9e.  <\/p>\n","protected":false},"featured_media":406249,"template":"","meta":{"_kad_blocks_custom_css":"","_kad_blocks_head_custom_js":"","_kad_blocks_body_custom_js":"","_kad_blocks_footer_custom_js":"","_kad_post_transparent":"default","_kad_post_title":"","_kad_post_layout":"default","_kad_post_sidebar_id":"","_kad_post_content_style":"default","_kad_post_vertical_padding":"default","_kad_post_feature":"","_kad_post_feature_position":"","_kad_post_header":false,"_kad_post_footer":false,"_kad_post_classname":""},"product_brand":[],"product_cat":[1296],"product_tag":[1851],"class_list":{"0":"post-405658","1":"product","2":"type-product","3":"status-publish","4":"has-post-thumbnail","6":"product_cat-lits","7":"product_tag-barcelona-fr","9":"first","10":"instock","11":"taxable","12":"shipping-taxable","13":"product-type-simple","14":"entry","15":"content-bg","16":"loop-entry"},"taxonomy_info":{"product_cat":[{"value":1296,"label":"Lits"}],"product_tag":[{"value":1851,"label":"BARCELONA"}]},"featured_image_src_large":["https:\/\/www.avenuedesigncanada.com\/wp-content\/uploads\/2026\/02\/Architect-dining-table-2-1-1024x1024.png",1024,1024,true],"author_info":[],"comment_info":"","_links":{"self":[{"href":"https:\/\/www.avenuedesigncanada.com\/fr\/wp-json\/wp\/v2\/product\/405658","targetHints":{"allow":["GET"]}}],"collection":[{"href":"https:\/\/www.avenuedesigncanada.com\/fr\/wp-json\/wp\/v2\/product"}],"about":[{"href":"https:\/\/www.avenuedesigncanada.com\/fr\/wp-json\/wp\/v2\/types\/product"}],"wp:featuredmedia":[{"embeddable":true,"href":"https:\/\/www.avenuedesigncanada.com\/fr\/wp-json\/wp\/v2\/media\/406249"}],"wp:attachment":[{"href":"https:\/\/www.avenuedesigncanada.com\/fr\/wp-json\/wp\/v2\/media?parent=405658"}],"wp:term":[{"taxonomy":"product_brand","embeddable":true,"href":"https:\/\/www.avenuedesigncanada.com\/fr\/wp-json\/wp\/v2\/product_brand?post=405658"},{"taxonomy":"product_cat","embeddable":true,"href":"https:\/\/www.avenuedesigncanada.com\/fr\/wp-json\/wp\/v2\/product_cat?post=405658"},{"taxonomy":"product_tag","embeddable":true,"href":"https:\/\/www.avenuedesigncanada.com\/fr\/wp-json\/wp\/v2\/product_tag?post=405658"}],"curies":[{"name":"wp","href":"https:\/\/api.w.org\/{rel}","templated":true}]}}