{"id":405659,"date":"2026-02-09T10:04:14","date_gmt":"2026-02-09T15:04:14","guid":{"rendered":"https:\/\/www.avenuedesigncanada.com\/product\/murray-panel-bed-king\/"},"modified":"2026-02-13T16:28:42","modified_gmt":"2026-02-13T21:28:42","slug":"murray-panel-bed-king","status":"publish","type":"product","link":"https:\/\/www.avenuedesigncanada.com\/fr\/product\/murray-panel-bed-king\/","title":{"rendered":"Murray Panel Bed King"},"content":{"rendered":"<p><em>Le lit \u00e0 panneaux Murray King pr\u00e9sente les caract\u00e9ristiques suivantes :<\/em><br \/>\nT\u00eate de lit enti\u00e8rement rembourr\u00e9e avec canaux horizontaux, jumel\u00e9e \u00e0 un pied de lit rembourr\u00e9 et \u00e0 des rails lat\u00e9raux<br \/>\nDisponible dans certains tissus<br \/>\n options<br \/>\nPieds en bois expos\u00e9s dans les finis Smoke ou Espresso<br \/>\nSyst\u00e8me de support \u00e0 lattes<br \/>\nNote : La t\u00eate de lit ne peut pas \u00eatre utilis\u00e9e seule<br \/>\nVous avez des questions sur ce produit ? Nos designers sont l\u00e0 pour vous aider. Appelez-nous au (514)-340-9351<\/p>\n","protected":false},"excerpt":{"rendered":"<p>Le lit \u00e0 panneaux Murray est dot\u00e9 d&rsquo;une t\u00eate de lit distinctive qui pr\u00e9sente des canaux horizontaux de diff\u00e9rentes largeurs. Le design offre \u00e0 la fois style et confort, ce qui s&rsquo;applique \u00e9galement au cadre enti\u00e8rement rembourr\u00e9. Pieds en bois expos\u00e9s en finitions Smoke ou Espresso  <\/p>\n","protected":false},"featured_media":405361,"template":"","meta":{"_kad_blocks_custom_css":"","_kad_blocks_head_custom_js":"","_kad_blocks_body_custom_js":"","_kad_blocks_footer_custom_js":"","_kad_post_transparent":"","_kad_post_title":"","_kad_post_layout":"","_kad_post_sidebar_id":"","_kad_post_content_style":"","_kad_post_vertical_padding":"","_kad_post_feature":"","_kad_post_feature_position":"","_kad_post_header":false,"_kad_post_footer":false,"_kad_post_classname":""},"product_brand":[],"product_cat":[1296],"product_tag":[1851],"class_list":{"0":"post-405659","1":"product","2":"type-product","3":"status-publish","4":"has-post-thumbnail","6":"product_cat-lits","7":"product_tag-barcelona-fr","9":"first","10":"instock","11":"taxable","12":"shipping-taxable","13":"product-type-simple","14":"entry","15":"content-bg","16":"loop-entry"},"taxonomy_info":{"product_cat":[{"value":1296,"label":"Lits"}],"product_tag":[{"value":1851,"label":"BARCELONA"}]},"featured_image_src_large":["https:\/\/www.avenuedesigncanada.com\/wp-content\/uploads\/2026\/02\/K2017_102-1024x1024.jpg",1024,1024,true],"author_info":[],"comment_info":"","_links":{"self":[{"href":"https:\/\/www.avenuedesigncanada.com\/fr\/wp-json\/wp\/v2\/product\/405659","targetHints":{"allow":["GET"]}}],"collection":[{"href":"https:\/\/www.avenuedesigncanada.com\/fr\/wp-json\/wp\/v2\/product"}],"about":[{"href":"https:\/\/www.avenuedesigncanada.com\/fr\/wp-json\/wp\/v2\/types\/product"}],"wp:featuredmedia":[{"embeddable":true,"href":"https:\/\/www.avenuedesigncanada.com\/fr\/wp-json\/wp\/v2\/media\/405361"}],"wp:attachment":[{"href":"https:\/\/www.avenuedesigncanada.com\/fr\/wp-json\/wp\/v2\/media?parent=405659"}],"wp:term":[{"taxonomy":"product_brand","embeddable":true,"href":"https:\/\/www.avenuedesigncanada.com\/fr\/wp-json\/wp\/v2\/product_brand?post=405659"},{"taxonomy":"product_cat","embeddable":true,"href":"https:\/\/www.avenuedesigncanada.com\/fr\/wp-json\/wp\/v2\/product_cat?post=405659"},{"taxonomy":"product_tag","embeddable":true,"href":"https:\/\/www.avenuedesigncanada.com\/fr\/wp-json\/wp\/v2\/product_tag?post=405659"}],"curies":[{"name":"wp","href":"https:\/\/api.w.org\/{rel}","templated":true}]}}