{"id":405660,"date":"2026-02-09T10:04:29","date_gmt":"2026-02-09T15:04:29","guid":{"rendered":"https:\/\/www.avenuedesigncanada.com\/product\/abbott-dining-round-table\/"},"modified":"2026-02-13T16:28:29","modified_gmt":"2026-02-13T21:28:29","slug":"abbott-dining-round-table","status":"publish","type":"product","link":"https:\/\/www.avenuedesigncanada.com\/fr\/product\/abbott-dining-round-table\/","title":{"rendered":"Abbott Dining Round Table"},"content":{"rendered":"<p><em>Caract\u00e9ristiques de la table de salle \u00e0 manger Abbott :<\/em>Dessus de table en verre clair de 5\/8 po (non tremp\u00e9) avec bord poli<br \/>\nBase en acier au fini laiton patin\u00e9<br \/>\nPatins r\u00e9glables\/nPour toute question concernant ce produit, n&rsquo;h\u00e9sitez pas \u00e0 communiquer avec nos concepteurs au (514) 340-9351.<\/p>\n","protected":false},"excerpt":{"rendered":"<p>Bernhardt Interiors offers high-design furniture with an eclectic edge. La table de salle \u00e0 manger Abbott pr\u00e9sente un plateau circulaire en verre soutenu par un pi\u00e9destal sculptural en acier, ce qui lui conf\u00e8re une allure sophistiqu\u00e9e dans toute salle \u00e0 manger. Une finition brillante en laiton patin\u00e9 rehausse le glamour de cette pi\u00e8ce captivante. <\/p>\n","protected":false},"featured_media":405389,"template":"","meta":{"_kad_blocks_custom_css":"","_kad_blocks_head_custom_js":"","_kad_blocks_body_custom_js":"","_kad_blocks_footer_custom_js":"","_kad_post_transparent":"","_kad_post_title":"","_kad_post_layout":"","_kad_post_sidebar_id":"","_kad_post_content_style":"","_kad_post_vertical_padding":"","_kad_post_feature":"","_kad_post_feature_position":"","_kad_post_header":false,"_kad_post_footer":false,"_kad_post_classname":""},"product_brand":[],"product_cat":[1306],"product_tag":[1844],"class_list":{"0":"post-405660","1":"product","2":"type-product","3":"status-publish","4":"has-post-thumbnail","6":"product_cat-tables-de-salle-a-manger","7":"product_tag-barcelona-cg-fr-2","9":"first","10":"instock","11":"taxable","12":"shipping-taxable","13":"product-type-simple","14":"entry","15":"content-bg","16":"loop-entry"},"taxonomy_info":{"product_cat":[{"value":1306,"label":"Tables"}],"product_tag":[{"value":1844,"label":"BARCELONA - CG"}]},"featured_image_src_large":["https:\/\/www.avenuedesigncanada.com\/wp-content\/uploads\/2026\/02\/K1257-1024x1024.jpg",1024,1024,true],"author_info":[],"comment_info":"","_links":{"self":[{"href":"https:\/\/www.avenuedesigncanada.com\/fr\/wp-json\/wp\/v2\/product\/405660","targetHints":{"allow":["GET"]}}],"collection":[{"href":"https:\/\/www.avenuedesigncanada.com\/fr\/wp-json\/wp\/v2\/product"}],"about":[{"href":"https:\/\/www.avenuedesigncanada.com\/fr\/wp-json\/wp\/v2\/types\/product"}],"wp:featuredmedia":[{"embeddable":true,"href":"https:\/\/www.avenuedesigncanada.com\/fr\/wp-json\/wp\/v2\/media\/405389"}],"wp:attachment":[{"href":"https:\/\/www.avenuedesigncanada.com\/fr\/wp-json\/wp\/v2\/media?parent=405660"}],"wp:term":[{"taxonomy":"product_brand","embeddable":true,"href":"https:\/\/www.avenuedesigncanada.com\/fr\/wp-json\/wp\/v2\/product_brand?post=405660"},{"taxonomy":"product_cat","embeddable":true,"href":"https:\/\/www.avenuedesigncanada.com\/fr\/wp-json\/wp\/v2\/product_cat?post=405660"},{"taxonomy":"product_tag","embeddable":true,"href":"https:\/\/www.avenuedesigncanada.com\/fr\/wp-json\/wp\/v2\/product_tag?post=405660"}],"curies":[{"name":"wp","href":"https:\/\/api.w.org\/{rel}","templated":true}]}}