{"id":405662,"date":"2026-02-09T10:04:38","date_gmt":"2026-02-09T15:04:38","guid":{"rendered":"https:\/\/www.avenuedesigncanada.com\/product\/ottoman-izzy\/"},"modified":"2026-02-12T10:52:29","modified_gmt":"2026-02-12T15:52:29","slug":"ottoman-izzy","status":"publish","type":"product","link":"https:\/\/www.avenuedesigncanada.com\/fr\/product\/ottoman-izzy\/","title":{"rendered":"Ottoman Izzy"},"content":{"rendered":"<p><em>Caract\u00e9ristiques du pouf Izzy:<\/em>Base circulaire<br \/>\nDesign g\u00e9om\u00e9trique<br \/>\nAssise en forme de d\u00f4me\/Qu&rsquo;est-ce que vous avez des questions sur ce produit ?<\/p>\n","protected":false},"excerpt":{"rendered":"<p>Un si\u00e8ge rembourr\u00e9 rond repose sur une base circulaire pour le design g\u00e9om\u00e9trique libre de l&rsquo;ottoman Izzy. La forme en d\u00f4me offre un si\u00e8ge confortable avec un profil \u00e9l\u00e9gant. <\/p>\n","protected":false},"featured_media":405539,"template":"","meta":{"_kad_blocks_custom_css":"","_kad_blocks_head_custom_js":"","_kad_blocks_body_custom_js":"","_kad_blocks_footer_custom_js":"","_kad_post_transparent":"","_kad_post_title":"","_kad_post_layout":"","_kad_post_sidebar_id":"","_kad_post_content_style":"","_kad_post_vertical_padding":"","_kad_post_feature":"","_kad_post_feature_position":"","_kad_post_header":false,"_kad_post_footer":false,"_kad_post_classname":""},"product_brand":[],"product_cat":[1325],"product_tag":[1851],"class_list":{"0":"post-405662","1":"product","2":"type-product","3":"status-publish","4":"has-post-thumbnail","6":"product_cat-poufs","7":"product_tag-barcelona-fr","9":"first","10":"instock","11":"taxable","12":"shipping-taxable","13":"product-type-simple","14":"entry","15":"content-bg","16":"loop-entry"},"taxonomy_info":{"product_cat":[{"value":1325,"label":"Ottomans"}],"product_tag":[{"value":1851,"label":"BARCELONA"}]},"featured_image_src_large":["https:\/\/www.avenuedesigncanada.com\/wp-content\/uploads\/2026\/02\/B1331-1-1024x1024.jpg",1024,1024,true],"author_info":[],"comment_info":"","_links":{"self":[{"href":"https:\/\/www.avenuedesigncanada.com\/fr\/wp-json\/wp\/v2\/product\/405662","targetHints":{"allow":["GET"]}}],"collection":[{"href":"https:\/\/www.avenuedesigncanada.com\/fr\/wp-json\/wp\/v2\/product"}],"about":[{"href":"https:\/\/www.avenuedesigncanada.com\/fr\/wp-json\/wp\/v2\/types\/product"}],"wp:featuredmedia":[{"embeddable":true,"href":"https:\/\/www.avenuedesigncanada.com\/fr\/wp-json\/wp\/v2\/media\/405539"}],"wp:attachment":[{"href":"https:\/\/www.avenuedesigncanada.com\/fr\/wp-json\/wp\/v2\/media?parent=405662"}],"wp:term":[{"taxonomy":"product_brand","embeddable":true,"href":"https:\/\/www.avenuedesigncanada.com\/fr\/wp-json\/wp\/v2\/product_brand?post=405662"},{"taxonomy":"product_cat","embeddable":true,"href":"https:\/\/www.avenuedesigncanada.com\/fr\/wp-json\/wp\/v2\/product_cat?post=405662"},{"taxonomy":"product_tag","embeddable":true,"href":"https:\/\/www.avenuedesigncanada.com\/fr\/wp-json\/wp\/v2\/product_tag?post=405662"}],"curies":[{"name":"wp","href":"https:\/\/api.w.org\/{rel}","templated":true}]}}