{"id":405663,"date":"2026-02-09T10:04:40","date_gmt":"2026-02-09T15:04:40","guid":{"rendered":"https:\/\/www.avenuedesigncanada.com\/product\/table-a-manger-nexus\/"},"modified":"2026-02-13T16:28:27","modified_gmt":"2026-02-13T21:28:27","slug":"table-a-manger-nexus","status":"publish","type":"product","link":"https:\/\/www.avenuedesigncanada.com\/fr\/product\/table-a-manger-nexus\/","title":{"rendered":"Table \u00e0 manger Nexus"},"content":{"rendered":"<p><em>Table de salle \u00e0 manger Nexus:<\/em>Plateau rond en acajou au fini Forry et base compos\u00e9e d&rsquo;un pi\u00e9destal en acajou au fini Forry et d&rsquo;un pi\u00e9destal d&rsquo;accent en aluminium moul\u00e9 au fini Graphite<br \/>\nPatins ajustables\/nPour toute question concernant ce produit, n&rsquo;h\u00e9sitez pas \u00e0 communiquer avec nos designers au (514) 340-9351.<\/p>\n","protected":false},"excerpt":{"rendered":"<p>La table de salle \u00e0 manger Nexus trouve son \u00e9quilibre parfait entre les formes en m\u00e9tal et en bois. L&rsquo;acajou constitue un c\u00f4t\u00e9 de la base avec une colonne d\u00e9coup\u00e9e qui est soutenue par une forme plus fine en aluminium moul\u00e9 sur un c\u00f4t\u00e9. La forme en bois, y compris le plateau rond, est finie en Forry, tandis que le m\u00e9tal est fini en Graphite.  <\/p>\n","protected":false},"featured_media":405411,"template":"","meta":{"_kad_blocks_custom_css":"","_kad_blocks_head_custom_js":"","_kad_blocks_body_custom_js":"","_kad_blocks_footer_custom_js":"","_kad_post_transparent":"","_kad_post_title":"","_kad_post_layout":"","_kad_post_sidebar_id":"","_kad_post_content_style":"","_kad_post_vertical_padding":"","_kad_post_feature":"","_kad_post_feature_position":"","_kad_post_header":false,"_kad_post_footer":false,"_kad_post_classname":""},"product_brand":[],"product_cat":[1306],"product_tag":[1844],"class_list":{"0":"post-405663","1":"product","2":"type-product","3":"status-publish","4":"has-post-thumbnail","6":"product_cat-tables-de-salle-a-manger","7":"product_tag-barcelona-cg-fr-2","9":"first","10":"instock","11":"taxable","12":"shipping-taxable","13":"product-type-simple","14":"entry","15":"content-bg","16":"loop-entry"},"taxonomy_info":{"product_cat":[{"value":1306,"label":"Tables"}],"product_tag":[{"value":1844,"label":"BARCELONA - CG"}]},"featured_image_src_large":["https:\/\/www.avenuedesigncanada.com\/wp-content\/uploads\/2026\/02\/K2142_104-1024x1024.jpg",1024,1024,true],"author_info":[],"comment_info":"","_links":{"self":[{"href":"https:\/\/www.avenuedesigncanada.com\/fr\/wp-json\/wp\/v2\/product\/405663","targetHints":{"allow":["GET"]}}],"collection":[{"href":"https:\/\/www.avenuedesigncanada.com\/fr\/wp-json\/wp\/v2\/product"}],"about":[{"href":"https:\/\/www.avenuedesigncanada.com\/fr\/wp-json\/wp\/v2\/types\/product"}],"wp:featuredmedia":[{"embeddable":true,"href":"https:\/\/www.avenuedesigncanada.com\/fr\/wp-json\/wp\/v2\/media\/405411"}],"wp:attachment":[{"href":"https:\/\/www.avenuedesigncanada.com\/fr\/wp-json\/wp\/v2\/media?parent=405663"}],"wp:term":[{"taxonomy":"product_brand","embeddable":true,"href":"https:\/\/www.avenuedesigncanada.com\/fr\/wp-json\/wp\/v2\/product_brand?post=405663"},{"taxonomy":"product_cat","embeddable":true,"href":"https:\/\/www.avenuedesigncanada.com\/fr\/wp-json\/wp\/v2\/product_cat?post=405663"},{"taxonomy":"product_tag","embeddable":true,"href":"https:\/\/www.avenuedesigncanada.com\/fr\/wp-json\/wp\/v2\/product_tag?post=405663"}],"curies":[{"name":"wp","href":"https:\/\/api.w.org\/{rel}","templated":true}]}}