{"id":405664,"date":"2026-02-09T10:04:42","date_gmt":"2026-02-09T15:04:42","guid":{"rendered":"https:\/\/www.avenuedesigncanada.com\/product\/table-a-manger-loggia\/"},"modified":"2026-02-13T16:28:15","modified_gmt":"2026-02-13T21:28:15","slug":"table-a-manger-loggia","status":"publish","type":"product","link":"https:\/\/www.avenuedesigncanada.com\/fr\/product\/table-a-manger-loggia\/","title":{"rendered":"Table \u00e0 manger Loggia"},"content":{"rendered":"<p><em>Table de salle \u00e0 manger Loggia:<\/em>Ch\u00eane bross\u00e9 au fil m\u00e9tallique au fini Aria<br \/>\nBase \u00e0 double pi\u00e9destal<br \/>\nUne feuille de 20&Prime;<br \/>\nPatins r\u00e9glables\/nPour toute question concernant ce produit, nos designers sont l\u00e0 pour vous aider.appelez-nous au (514) 340-9351<\/p>\n","protected":false},"excerpt":{"rendered":"<p>La table de salle \u00e0 manger Loggia place les c\u00f4t\u00e9s incurv\u00e9s des pilastres architecturaux l&rsquo;un \u00e0 c\u00f4t\u00e9 de l&rsquo;autre pour former une base unique. Ils \u00e9quilibrent un plateau rectangulaire aux coins arrondis pour un profil moderne. Le bois magnifiquement textur\u00e9 est fini en Aria.  <\/p>\n","protected":false},"featured_media":405545,"template":"","meta":{"_kad_blocks_custom_css":"","_kad_blocks_head_custom_js":"","_kad_blocks_body_custom_js":"","_kad_blocks_footer_custom_js":"","_kad_post_transparent":"","_kad_post_title":"","_kad_post_layout":"","_kad_post_sidebar_id":"","_kad_post_content_style":"","_kad_post_vertical_padding":"","_kad_post_feature":"","_kad_post_feature_position":"","_kad_post_header":false,"_kad_post_footer":false,"_kad_post_classname":""},"product_brand":[],"product_cat":[1306],"product_tag":[1851,1844],"class_list":{"0":"post-405664","1":"product","2":"type-product","3":"status-publish","4":"has-post-thumbnail","6":"product_cat-tables-de-salle-a-manger","7":"product_tag-barcelona-fr","8":"product_tag-barcelona-cg-fr-2","10":"first","11":"instock","12":"taxable","13":"shipping-taxable","14":"product-type-simple","15":"entry","16":"content-bg","17":"loop-entry"},"taxonomy_info":{"product_cat":[{"value":1306,"label":"Tables"}],"product_tag":[{"value":1851,"label":"BARCELONA"},{"value":1844,"label":"BARCELONA - CG"}]},"featured_image_src_large":["https:\/\/www.avenuedesigncanada.com\/wp-content\/uploads\/2026\/02\/K2209-1024x1024.jpg",1024,1024,true],"author_info":[],"comment_info":"","_links":{"self":[{"href":"https:\/\/www.avenuedesigncanada.com\/fr\/wp-json\/wp\/v2\/product\/405664","targetHints":{"allow":["GET"]}}],"collection":[{"href":"https:\/\/www.avenuedesigncanada.com\/fr\/wp-json\/wp\/v2\/product"}],"about":[{"href":"https:\/\/www.avenuedesigncanada.com\/fr\/wp-json\/wp\/v2\/types\/product"}],"wp:featuredmedia":[{"embeddable":true,"href":"https:\/\/www.avenuedesigncanada.com\/fr\/wp-json\/wp\/v2\/media\/405545"}],"wp:attachment":[{"href":"https:\/\/www.avenuedesigncanada.com\/fr\/wp-json\/wp\/v2\/media?parent=405664"}],"wp:term":[{"taxonomy":"product_brand","embeddable":true,"href":"https:\/\/www.avenuedesigncanada.com\/fr\/wp-json\/wp\/v2\/product_brand?post=405664"},{"taxonomy":"product_cat","embeddable":true,"href":"https:\/\/www.avenuedesigncanada.com\/fr\/wp-json\/wp\/v2\/product_cat?post=405664"},{"taxonomy":"product_tag","embeddable":true,"href":"https:\/\/www.avenuedesigncanada.com\/fr\/wp-json\/wp\/v2\/product_tag?post=405664"}],"curies":[{"name":"wp","href":"https:\/\/api.w.org\/{rel}","templated":true}]}}