{"id":405665,"date":"2026-02-09T10:04:05","date_gmt":"2026-02-09T15:04:05","guid":{"rendered":"https:\/\/www.avenuedesigncanada.com\/product\/lit-a-panneaux-gerston-king\/"},"modified":"2026-02-13T16:28:25","modified_gmt":"2026-02-13T21:28:25","slug":"lit-a-panneaux-gerston-king","status":"publish","type":"product","link":"https:\/\/www.avenuedesigncanada.com\/fr\/product\/lit-a-panneaux-gerston-king\/","title":{"rendered":"Lit \u00e0 panneaux Gerston King"},"content":{"rendered":"<p><em>Caract\u00e9ristiques du lit \u00e0 panneaux Gerston King :<\/em><br \/>\nLit rembourr\u00e9 en mousseline avec housse<br \/>\nPieds au fini espresso<br \/>\nSyst\u00e8me de support de lattes<br \/>\nSyst\u00e8me de lattes Euro disponible en option<br \/>\nMontr\u00e9 en tissu B790-010<br \/>\n Vous avez des questions sur ce produit ? Nos designers sont l\u00e0 pour vous aider.Appelez-nous au (514)-340-9351<\/p>\n","protected":false},"excerpt":{"rendered":"<p>D&rsquo;une \u00e9l\u00e9gance discr\u00e8te, le lit \u00e0 housse Gerston est enti\u00e8rement rembourr\u00e9 et envelopp\u00e9 de mousseline. L\u00e9ger et respirant, le tissu<br \/>\n a un aspect et un toucher doux et naturel. Les rebords surpiqu\u00e9s de la t\u00eate et du pied de lit ajoutent une nuance subtile au design \u00e9pur\u00e9 et minimaliste. Les pieds en bois expos\u00e9s sont finis en espresso.   <\/p>\n","protected":false},"featured_media":405337,"template":"","meta":{"_kad_blocks_custom_css":"","_kad_blocks_head_custom_js":"","_kad_blocks_body_custom_js":"","_kad_blocks_footer_custom_js":"","_kad_post_transparent":"","_kad_post_title":"","_kad_post_layout":"","_kad_post_sidebar_id":"","_kad_post_content_style":"","_kad_post_vertical_padding":"","_kad_post_feature":"","_kad_post_feature_position":"","_kad_post_header":false,"_kad_post_footer":false,"_kad_post_classname":""},"product_brand":[],"product_cat":[1296],"product_tag":[1851],"class_list":{"0":"post-405665","1":"product","2":"type-product","3":"status-publish","4":"has-post-thumbnail","6":"product_cat-lits","7":"product_tag-barcelona-fr","9":"first","10":"instock","11":"taxable","12":"shipping-taxable","13":"product-type-simple","14":"entry","15":"content-bg","16":"loop-entry"},"taxonomy_info":{"product_cat":[{"value":1296,"label":"Lits"}],"product_tag":[{"value":1851,"label":"BARCELONA"}]},"featured_image_src_large":["https:\/\/www.avenuedesigncanada.com\/wp-content\/uploads\/2026\/02\/K1534_102-1024x1024.jpg",1024,1024,true],"author_info":[],"comment_info":"","_links":{"self":[{"href":"https:\/\/www.avenuedesigncanada.com\/fr\/wp-json\/wp\/v2\/product\/405665","targetHints":{"allow":["GET"]}}],"collection":[{"href":"https:\/\/www.avenuedesigncanada.com\/fr\/wp-json\/wp\/v2\/product"}],"about":[{"href":"https:\/\/www.avenuedesigncanada.com\/fr\/wp-json\/wp\/v2\/types\/product"}],"wp:featuredmedia":[{"embeddable":true,"href":"https:\/\/www.avenuedesigncanada.com\/fr\/wp-json\/wp\/v2\/media\/405337"}],"wp:attachment":[{"href":"https:\/\/www.avenuedesigncanada.com\/fr\/wp-json\/wp\/v2\/media?parent=405665"}],"wp:term":[{"taxonomy":"product_brand","embeddable":true,"href":"https:\/\/www.avenuedesigncanada.com\/fr\/wp-json\/wp\/v2\/product_brand?post=405665"},{"taxonomy":"product_cat","embeddable":true,"href":"https:\/\/www.avenuedesigncanada.com\/fr\/wp-json\/wp\/v2\/product_cat?post=405665"},{"taxonomy":"product_tag","embeddable":true,"href":"https:\/\/www.avenuedesigncanada.com\/fr\/wp-json\/wp\/v2\/product_tag?post=405665"}],"curies":[{"name":"wp","href":"https:\/\/api.w.org\/{rel}","templated":true}]}}