{"id":405667,"date":"2026-02-09T10:04:07","date_gmt":"2026-02-09T15:04:07","guid":{"rendered":"https:\/\/www.avenuedesigncanada.com\/product\/lit-a-panneaux-kalo-king\/"},"modified":"2026-02-13T16:28:23","modified_gmt":"2026-02-13T21:28:23","slug":"lit-a-panneaux-kalo-king","status":"publish","type":"product","link":"https:\/\/www.avenuedesigncanada.com\/fr\/product\/lit-a-panneaux-kalo-king\/","title":{"rendered":"Lit \u00e0 panneaux Kalo King"},"content":{"rendered":"<p><em>Caract\u00e9ristiques du lit \u00e0 panneaux Kalo King :<\/em><br \/>\nPied de lit et c\u00f4t\u00e9s enti\u00e8rement rembourr\u00e9s et t\u00eate de lit en forme d&rsquo;oreiller avec bord de couteau soutenu par quatre pieds en bois de fr\u00eane au fini Sandbar<br \/>\nL&rsquo;ensemble comprend le pied de lit\/les c\u00f4t\u00e9s 313FR03 et la t\u00eate de lit 313H03<br \/>\nLa t\u00eate de lit ne peut pas \u00eatre utilis\u00e9e seule<br \/>\nDisponible dans certains tissus<br \/>\n options<br \/>\nSyst\u00e8me de support de lattes<br \/>\nVous avez des questions sur ce produit ? Nos designers sont l\u00e0 pour vous aider. Appelez-nous au (514)-340-9351.<\/p>\n","protected":false},"excerpt":{"rendered":"<p>Le lit \u00e0 panneaux Kalo<br \/>\n en tissu est con\u00e7u pour un confort luxueux, avec une t\u00eate de lit enti\u00e8rement rembourr\u00e9e, de type oreiller, avec un bord de couteau moelleux qui s&rsquo;\u00e9tend jusqu&rsquo;au sol. Les c\u00f4t\u00e9s et le pied de lit sont \u00e9galement arrondis et richement rembourr\u00e9s, cr\u00e9ant ainsi le summum de la relaxation. <\/p>\n","protected":false},"featured_media":405349,"template":"","meta":{"_kad_blocks_custom_css":"","_kad_blocks_head_custom_js":"","_kad_blocks_body_custom_js":"","_kad_blocks_footer_custom_js":"","_kad_post_transparent":"","_kad_post_title":"","_kad_post_layout":"","_kad_post_sidebar_id":"","_kad_post_content_style":"","_kad_post_vertical_padding":"","_kad_post_feature":"","_kad_post_feature_position":"","_kad_post_header":false,"_kad_post_footer":false,"_kad_post_classname":""},"product_brand":[],"product_cat":[1296],"product_tag":[1851],"class_list":{"0":"post-405667","1":"product","2":"type-product","3":"status-publish","4":"has-post-thumbnail","6":"product_cat-lits","7":"product_tag-barcelona-fr","9":"first","10":"instock","11":"taxable","12":"shipping-taxable","13":"product-type-simple","14":"entry","15":"content-bg","16":"loop-entry"},"taxonomy_info":{"product_cat":[{"value":1296,"label":"Lits"}],"product_tag":[{"value":1851,"label":"BARCELONA"}]},"featured_image_src_large":["https:\/\/www.avenuedesigncanada.com\/wp-content\/uploads\/2026\/02\/K1808_102-1024x1024.jpg",1024,1024,true],"author_info":[],"comment_info":"","_links":{"self":[{"href":"https:\/\/www.avenuedesigncanada.com\/fr\/wp-json\/wp\/v2\/product\/405667","targetHints":{"allow":["GET"]}}],"collection":[{"href":"https:\/\/www.avenuedesigncanada.com\/fr\/wp-json\/wp\/v2\/product"}],"about":[{"href":"https:\/\/www.avenuedesigncanada.com\/fr\/wp-json\/wp\/v2\/types\/product"}],"wp:featuredmedia":[{"embeddable":true,"href":"https:\/\/www.avenuedesigncanada.com\/fr\/wp-json\/wp\/v2\/media\/405349"}],"wp:attachment":[{"href":"https:\/\/www.avenuedesigncanada.com\/fr\/wp-json\/wp\/v2\/media?parent=405667"}],"wp:term":[{"taxonomy":"product_brand","embeddable":true,"href":"https:\/\/www.avenuedesigncanada.com\/fr\/wp-json\/wp\/v2\/product_brand?post=405667"},{"taxonomy":"product_cat","embeddable":true,"href":"https:\/\/www.avenuedesigncanada.com\/fr\/wp-json\/wp\/v2\/product_cat?post=405667"},{"taxonomy":"product_tag","embeddable":true,"href":"https:\/\/www.avenuedesigncanada.com\/fr\/wp-json\/wp\/v2\/product_tag?post=405667"}],"curies":[{"name":"wp","href":"https:\/\/api.w.org\/{rel}","templated":true}]}}