{"id":405671,"date":"2026-02-09T10:04:18","date_gmt":"2026-02-09T15:04:18","guid":{"rendered":"https:\/\/www.avenuedesigncanada.com\/product\/lit-a-panneaux-outline-california-king\/"},"modified":"2026-02-13T16:28:27","modified_gmt":"2026-02-13T21:28:27","slug":"lit-a-panneaux-outline-california-king","status":"publish","type":"product","link":"https:\/\/www.avenuedesigncanada.com\/fr\/product\/lit-a-panneaux-outline-california-king\/","title":{"rendered":"Lit \u00e0 panneaux Outline King"},"content":{"rendered":"<p><em>Caract\u00e9ristiques du lit \u00e0 panneaux Outline King :<\/em> <\/p>\n<p>Ch\u00eane bross\u00e9 en finition Cassel<\/p>\n<p>La t\u00eate de lit est compos\u00e9e d&rsquo;un panneau rembourr\u00e9 encadr\u00e9 de ch\u00eane bross\u00e9 en finition Cassel.<\/p>\n<p>Tissu de performance<br \/>\n: B164<\/p>\n<p>Syst\u00e8me de support de lattes<\/p>\n<p>Vous avez des questions sur ce produit ? Nos designers sont l\u00e0 pour vous aider. Appelez-nous au (514)-340-9351<\/p>\n","protected":false},"excerpt":{"rendered":"<p>Le bois profond\u00e9ment textur\u00e9 cr\u00e9e un cadre convaincant pour le lit \u00e0 panneaux Outline. Finie en Cassel, la t\u00eate de lit offre le confort d&rsquo;un panneau sur\u00e9lev\u00e9 et rembourr\u00e9. Les formes audacieuses du bois s&rsquo;\u00e9tendent autour du lit jusqu&rsquo;au pied de lit, se terminant par de minces pieds en bloc.  <\/p>\n","protected":false},"featured_media":405490,"template":"","meta":{"_kad_blocks_custom_css":"","_kad_blocks_head_custom_js":"","_kad_blocks_body_custom_js":"","_kad_blocks_footer_custom_js":"","_kad_post_transparent":"","_kad_post_title":"","_kad_post_layout":"","_kad_post_sidebar_id":"","_kad_post_content_style":"","_kad_post_vertical_padding":"","_kad_post_feature":"","_kad_post_feature_position":"","_kad_post_header":false,"_kad_post_footer":false,"_kad_post_classname":""},"product_brand":[],"product_cat":[1296],"product_tag":[1851],"class_list":{"0":"post-405671","1":"product","2":"type-product","3":"status-publish","4":"has-post-thumbnail","6":"product_cat-lits","7":"product_tag-barcelona-fr","9":"first","10":"instock","11":"taxable","12":"shipping-taxable","13":"product-type-simple","14":"entry","15":"content-bg","16":"loop-entry"},"taxonomy_info":{"product_cat":[{"value":1296,"label":"Lits"}],"product_tag":[{"value":1851,"label":"BARCELONA"}]},"featured_image_src_large":["https:\/\/www.avenuedesigncanada.com\/wp-content\/uploads\/2026\/02\/K2215_102-1024x1024.jpg",1024,1024,true],"author_info":[],"comment_info":"","_links":{"self":[{"href":"https:\/\/www.avenuedesigncanada.com\/fr\/wp-json\/wp\/v2\/product\/405671","targetHints":{"allow":["GET"]}}],"collection":[{"href":"https:\/\/www.avenuedesigncanada.com\/fr\/wp-json\/wp\/v2\/product"}],"about":[{"href":"https:\/\/www.avenuedesigncanada.com\/fr\/wp-json\/wp\/v2\/types\/product"}],"wp:featuredmedia":[{"embeddable":true,"href":"https:\/\/www.avenuedesigncanada.com\/fr\/wp-json\/wp\/v2\/media\/405490"}],"wp:attachment":[{"href":"https:\/\/www.avenuedesigncanada.com\/fr\/wp-json\/wp\/v2\/media?parent=405671"}],"wp:term":[{"taxonomy":"product_brand","embeddable":true,"href":"https:\/\/www.avenuedesigncanada.com\/fr\/wp-json\/wp\/v2\/product_brand?post=405671"},{"taxonomy":"product_cat","embeddable":true,"href":"https:\/\/www.avenuedesigncanada.com\/fr\/wp-json\/wp\/v2\/product_cat?post=405671"},{"taxonomy":"product_tag","embeddable":true,"href":"https:\/\/www.avenuedesigncanada.com\/fr\/wp-json\/wp\/v2\/product_tag?post=405671"}],"curies":[{"name":"wp","href":"https:\/\/api.w.org\/{rel}","templated":true}]}}