{"id":405672,"date":"2026-02-09T10:04:58","date_gmt":"2026-02-09T15:04:58","guid":{"rendered":"https:\/\/www.avenuedesigncanada.com\/product\/table-a-manger-santa-barbara\/"},"modified":"2026-02-13T16:28:08","modified_gmt":"2026-02-13T21:28:08","slug":"table-a-manger-santa-barbara","status":"publish","type":"product","link":"https:\/\/www.avenuedesigncanada.com\/fr\/product\/table-a-manger-santa-barbara\/","title":{"rendered":"Table \u00e0 manger Santa Barbara"},"content":{"rendered":"<p><em>Table de salle \u00e0 manger Santa Barbara:<\/em>Dessus en bois au fini Sandstone<br \/>\nBase carr\u00e9e coul\u00e9e en fausse pierre Fini textur\u00e9 Cam\u00e9o<br \/>\nPatins ajustables.\/nVous avez des questions sur ce produit ? nos designers sont l\u00e0 pour vous aider.appelez-nous au (514) 340-9351<\/p>\n","protected":false},"excerpt":{"rendered":"<p>Le style traditionnel rencontre la fra\u00eecheur californienne dans la table de salle \u00e0 manger ronde Santa Barbara. D\u00e9contract\u00e9e et accueillante, elle pr\u00e9sente un plateau rond avec des placages de ch\u00eane c\u00e9rus\u00e9 bross\u00e9s au fil dans un fini Sandstone chaleureux qui met en valeur les textures subtiles et les touches de couleur plus l\u00e9g\u00e8res dans le grain. Un pi\u00e9destal carr\u00e9 en fausse pierre est pr\u00e9sent\u00e9 dans une finition compl\u00e9mentaire Textured Cameo, compl\u00e9tant la palette de couleurs fra\u00eeches et neutres.  <\/p>\n","protected":false},"featured_media":405587,"template":"","meta":{"_kad_blocks_custom_css":"","_kad_blocks_head_custom_js":"","_kad_blocks_body_custom_js":"","_kad_blocks_footer_custom_js":"","_kad_post_transparent":"","_kad_post_title":"","_kad_post_layout":"","_kad_post_sidebar_id":"","_kad_post_content_style":"","_kad_post_vertical_padding":"","_kad_post_feature":"","_kad_post_feature_position":"","_kad_post_header":false,"_kad_post_footer":false,"_kad_post_classname":""},"product_brand":[],"product_cat":[1306],"product_tag":[1844],"class_list":{"0":"post-405672","1":"product","2":"type-product","3":"status-publish","4":"has-post-thumbnail","6":"product_cat-tables-de-salle-a-manger","7":"product_tag-barcelona-cg-fr-2","9":"first","10":"instock","11":"taxable","12":"shipping-taxable","13":"product-type-simple","14":"entry","15":"content-bg","16":"loop-entry"},"taxonomy_info":{"product_cat":[{"value":1306,"label":"Tables"}],"product_tag":[{"value":1844,"label":"BARCELONA - CG"}]},"featured_image_src_large":["https:\/\/www.avenuedesigncanada.com\/wp-content\/uploads\/2026\/02\/K1111-1024x1024.jpg",1024,1024,true],"author_info":[],"comment_info":"","_links":{"self":[{"href":"https:\/\/www.avenuedesigncanada.com\/fr\/wp-json\/wp\/v2\/product\/405672","targetHints":{"allow":["GET"]}}],"collection":[{"href":"https:\/\/www.avenuedesigncanada.com\/fr\/wp-json\/wp\/v2\/product"}],"about":[{"href":"https:\/\/www.avenuedesigncanada.com\/fr\/wp-json\/wp\/v2\/types\/product"}],"wp:featuredmedia":[{"embeddable":true,"href":"https:\/\/www.avenuedesigncanada.com\/fr\/wp-json\/wp\/v2\/media\/405587"}],"wp:attachment":[{"href":"https:\/\/www.avenuedesigncanada.com\/fr\/wp-json\/wp\/v2\/media?parent=405672"}],"wp:term":[{"taxonomy":"product_brand","embeddable":true,"href":"https:\/\/www.avenuedesigncanada.com\/fr\/wp-json\/wp\/v2\/product_brand?post=405672"},{"taxonomy":"product_cat","embeddable":true,"href":"https:\/\/www.avenuedesigncanada.com\/fr\/wp-json\/wp\/v2\/product_cat?post=405672"},{"taxonomy":"product_tag","embeddable":true,"href":"https:\/\/www.avenuedesigncanada.com\/fr\/wp-json\/wp\/v2\/product_tag?post=405672"}],"curies":[{"name":"wp","href":"https:\/\/api.w.org\/{rel}","templated":true}]}}