{"id":405705,"date":"2026-02-09T12:39:38","date_gmt":"2026-02-09T17:39:38","guid":{"rendered":"https:\/\/www.avenuedesigncanada.com\/product\/bibliotheque-ford\/"},"modified":"2026-02-12T10:52:38","modified_gmt":"2026-02-12T15:52:38","slug":"bibliotheque-ford","status":"publish","type":"product","link":"https:\/\/www.avenuedesigncanada.com\/fr\/product\/bibliotheque-ford\/","title":{"rendered":"Biblioth\u00e8que Ford"},"content":{"rendered":"<p> <em> Les caract\u00e9ristiques de la biblioth\u00e8que Ford : <\/em> Dimensions et finitions personnalis\u00e9es disponibles. Les supports d&rsquo;\u00e9tag\u00e8res m\u00e9talliques r\u00e9glables sont disponibles dans toutes les finitions m\u00e9talliques. Les \u00e9tag\u00e8res peuvent \u00eatre en verre, en bois, en pierre ou en COM. Les supports d&rsquo;\u00e9tag\u00e8res peuvent \u00eatre \u00e0 position fixe, \u00e0 broches r\u00e9glables ou \u00e0 pattes m\u00e9talliques, disponibles dans toutes les finitions m\u00e9talliques.<br \/>\nVous avez des questions sur ce produit ?<br \/>\nNos designers sont l\u00e0 pour vous aider.    Appelez-nous au (514) 340-9351<\/p>\n","protected":false},"excerpt":{"rendered":"<p>Les caract\u00e9ristiques de la biblioth\u00e8que Ford : Dimensions et finitions personnalis\u00e9es disponibles. Les supports d&rsquo;\u00e9tag\u00e8res m\u00e9talliques r\u00e9glables sont disponibles dans toutes les finitions m\u00e9talliques. Les \u00e9tag\u00e8res peuvent \u00eatre en verre, en bois, en pierre ou en COM. Les supports d&rsquo;\u00e9tag\u00e8res peuvent \u00eatre \u00e0 position fixe, \u00e0 broches r\u00e9glables ou \u00e0 pattes m\u00e9talliques, disponibles dans toutes&#8230;<\/p>\n","protected":false},"featured_media":405695,"template":"","meta":{"_kad_blocks_custom_css":"","_kad_blocks_head_custom_js":"","_kad_blocks_body_custom_js":"","_kad_blocks_footer_custom_js":"","_kad_post_transparent":"","_kad_post_title":"","_kad_post_layout":"","_kad_post_sidebar_id":"","_kad_post_content_style":"","_kad_post_vertical_padding":"","_kad_post_feature":"","_kad_post_feature_position":"","_kad_post_header":false,"_kad_post_footer":false,"_kad_post_classname":""},"product_brand":[],"product_cat":[1841,1309],"product_tag":[1852],"class_list":{"0":"post-405705","1":"product","2":"type-product","3":"status-publish","4":"has-post-thumbnail","6":"product_cat-meubles-sur-mesure","7":"product_cat-rangement-fr","8":"product_tag-avenue-fr","10":"first","11":"instock","12":"taxable","13":"shipping-taxable","14":"product-type-simple","15":"entry","16":"content-bg","17":"loop-entry"},"taxonomy_info":{"product_cat":[{"value":1841,"label":"Meubles sur mesure"},{"value":1309,"label":"Rangement"}],"product_tag":[{"value":1852,"label":"AVENUE"}]},"featured_image_src_large":["https:\/\/www.avenuedesigncanada.com\/wp-content\/uploads\/2026\/02\/Ford-Bookcase-1-1024x1024.jpg",1024,1024,true],"author_info":[],"comment_info":"","_links":{"self":[{"href":"https:\/\/www.avenuedesigncanada.com\/fr\/wp-json\/wp\/v2\/product\/405705","targetHints":{"allow":["GET"]}}],"collection":[{"href":"https:\/\/www.avenuedesigncanada.com\/fr\/wp-json\/wp\/v2\/product"}],"about":[{"href":"https:\/\/www.avenuedesigncanada.com\/fr\/wp-json\/wp\/v2\/types\/product"}],"wp:featuredmedia":[{"embeddable":true,"href":"https:\/\/www.avenuedesigncanada.com\/fr\/wp-json\/wp\/v2\/media\/405695"}],"wp:attachment":[{"href":"https:\/\/www.avenuedesigncanada.com\/fr\/wp-json\/wp\/v2\/media?parent=405705"}],"wp:term":[{"taxonomy":"product_brand","embeddable":true,"href":"https:\/\/www.avenuedesigncanada.com\/fr\/wp-json\/wp\/v2\/product_brand?post=405705"},{"taxonomy":"product_cat","embeddable":true,"href":"https:\/\/www.avenuedesigncanada.com\/fr\/wp-json\/wp\/v2\/product_cat?post=405705"},{"taxonomy":"product_tag","embeddable":true,"href":"https:\/\/www.avenuedesigncanada.com\/fr\/wp-json\/wp\/v2\/product_tag?post=405705"}],"curies":[{"name":"wp","href":"https:\/\/api.w.org\/{rel}","templated":true}]}}