{"id":406026,"date":"2026-02-11T10:44:47","date_gmt":"2026-02-11T15:44:47","guid":{"rendered":"https:\/\/www.avenuedesigncanada.com\/product\/mica-swivel-chair\/"},"modified":"2026-02-13T16:27:32","modified_gmt":"2026-02-13T21:27:32","slug":"mica-swivel-chair","status":"publish","type":"product","link":"https:\/\/www.avenuedesigncanada.com\/fr\/product\/mica-swivel-chair\/","title":{"rendered":"Mica Swivel Chair"},"content":{"rendered":"<p><em>  Le fauteuil pivotant Mica pr\u00e9sente les caract\u00e9ristiques suivantes :<\/em> <\/p>\n<p>Finition Os us\u00e9 seulement<br \/>\nMontr\u00e9 avec le tissu 1711-100 <\/p>\n<p>Vous avez des questions sur ce produit ? Nos designers sont l\u00e0 pour vous aider. Appelez-nous au (514)-340-9351<\/p>\n","protected":false},"excerpt":{"rendered":"<p>Deux carr\u00e9s asym\u00e9triques en bois apparent entourent l&rsquo;assise et le dossier flottant du fauteuil pivotant Mica. Offert dans la finition Weathered Bone, les bras offrent une pente douce vers l&rsquo;avant avec des coins arrondis \u00e0 l&rsquo;int\u00e9rieur de la forme ouverte. Un dossier arrondi et une assise profond\u00e9ment inclin\u00e9e garantissent le confort de ce fauteuil pivotant \u00e0 360 degr\u00e9s.<\/p>\n","protected":false},"featured_media":407313,"template":"","meta":{"_kad_blocks_custom_css":"","_kad_blocks_head_custom_js":"","_kad_blocks_body_custom_js":"","_kad_blocks_footer_custom_js":"","_kad_post_transparent":"","_kad_post_title":"","_kad_post_layout":"","_kad_post_sidebar_id":"","_kad_post_content_style":"","_kad_post_vertical_padding":"","_kad_post_feature":"","_kad_post_feature_position":"","_kad_post_header":false,"_kad_post_footer":false,"_kad_post_classname":""},"product_brand":[],"product_cat":[1320],"product_tag":[1851],"class_list":{"0":"post-406026","1":"product","2":"type-product","3":"status-publish","4":"has-post-thumbnail","6":"product_cat-fauteuils","7":"product_tag-barcelona-fr","9":"first","10":"instock","11":"taxable","12":"shipping-taxable","13":"product-type-simple","14":"entry","15":"content-bg","16":"loop-entry"},"taxonomy_info":{"product_cat":[{"value":1320,"label":"Fauteuils"}],"product_tag":[{"value":1851,"label":"BARCELONA"}]},"featured_image_src_large":["https:\/\/www.avenuedesigncanada.com\/wp-content\/uploads\/2026\/02\/B4312S_103-3-1024x1024.jpg",1024,1024,true],"author_info":[],"comment_info":"","_links":{"self":[{"href":"https:\/\/www.avenuedesigncanada.com\/fr\/wp-json\/wp\/v2\/product\/406026","targetHints":{"allow":["GET"]}}],"collection":[{"href":"https:\/\/www.avenuedesigncanada.com\/fr\/wp-json\/wp\/v2\/product"}],"about":[{"href":"https:\/\/www.avenuedesigncanada.com\/fr\/wp-json\/wp\/v2\/types\/product"}],"wp:featuredmedia":[{"embeddable":true,"href":"https:\/\/www.avenuedesigncanada.com\/fr\/wp-json\/wp\/v2\/media\/407313"}],"wp:attachment":[{"href":"https:\/\/www.avenuedesigncanada.com\/fr\/wp-json\/wp\/v2\/media?parent=406026"}],"wp:term":[{"taxonomy":"product_brand","embeddable":true,"href":"https:\/\/www.avenuedesigncanada.com\/fr\/wp-json\/wp\/v2\/product_brand?post=406026"},{"taxonomy":"product_cat","embeddable":true,"href":"https:\/\/www.avenuedesigncanada.com\/fr\/wp-json\/wp\/v2\/product_cat?post=406026"},{"taxonomy":"product_tag","embeddable":true,"href":"https:\/\/www.avenuedesigncanada.com\/fr\/wp-json\/wp\/v2\/product_tag?post=406026"}],"curies":[{"name":"wp","href":"https:\/\/api.w.org\/{rel}","templated":true}]}}