{"id":406029,"date":"2026-02-11T10:44:59","date_gmt":"2026-02-11T15:44:59","guid":{"rendered":"https:\/\/www.avenuedesigncanada.com\/product\/chaise-pivotante-turner\/"},"modified":"2026-02-13T16:27:32","modified_gmt":"2026-02-13T21:27:32","slug":"chaise-pivotante-turner","status":"publish","type":"product","link":"https:\/\/www.avenuedesigncanada.com\/fr\/product\/chaise-pivotante-turner\/","title":{"rendered":"Chaise pivotante Turner"},"content":{"rendered":"<p><em>  Le fauteuil pivotant Turner pr\u00e9sente les caract\u00e9ristiques suivantes :<\/em> <\/p>\n<p>style traditionnel<\/p>\n<p>Bras de l&rsquo;abri<\/p>\n<p>Oreiller \u00e0 bords coup\u00e9s<\/p>\n<p>D\u00e9tail de la ceinture<\/p>\n<p>Base pivotante<br \/>\n Illustr\u00e9 en tissu 1747-011  <\/p>\n<p>Vous avez des questions sur ce produit ? Nos designers sont l\u00e0 pour vous aider. Appelez-nous au (514)-340-9351<\/p>\n","protected":false},"excerpt":{"rendered":"<p>Le fauteuil pivotant Turner pr\u00e9sente un style chic et d\u00e9contract\u00e9 dans un design profond\u00e9ment confortable. Le dossier en tonneau inclin\u00e9 enveloppe luxueusement le corps, tandis que le coussin en duvet \u00e0 ressorts favorise la relaxation. Les courbes adoucissent l&rsquo;atmosph\u00e8re de la pi\u00e8ce. La garniture en cordon feutr\u00e9 contribue \u00e0 un look personnalis\u00e9 et sophistiqu\u00e9 qui apporte une \u00e9l\u00e9gance douce \u00e0 une vari\u00e9t\u00e9 d&rsquo;environnements.   <\/p>\n","protected":false},"featured_media":406071,"template":"","meta":{"_kad_blocks_custom_css":"","_kad_blocks_head_custom_js":"","_kad_blocks_body_custom_js":"","_kad_blocks_footer_custom_js":"","_kad_post_transparent":"","_kad_post_title":"","_kad_post_layout":"","_kad_post_sidebar_id":"","_kad_post_content_style":"","_kad_post_vertical_padding":"","_kad_post_feature":"","_kad_post_feature_position":"","_kad_post_header":false,"_kad_post_footer":false,"_kad_post_classname":""},"product_brand":[],"product_cat":[1320],"product_tag":[1851],"class_list":{"0":"post-406029","1":"product","2":"type-product","3":"status-publish","4":"has-post-thumbnail","6":"product_cat-fauteuils","7":"product_tag-barcelona-fr","9":"first","10":"instock","11":"taxable","12":"shipping-taxable","13":"product-type-simple","14":"entry","15":"content-bg","16":"loop-entry"},"taxonomy_info":{"product_cat":[{"value":1320,"label":"Fauteuils"}],"product_tag":[{"value":1851,"label":"BARCELONA"}]},"featured_image_src_large":["https:\/\/www.avenuedesigncanada.com\/wp-content\/uploads\/2026\/02\/Marcantion-website-new-prodcuts-1024x1024.jpg",1024,1024,true],"author_info":[],"comment_info":"","_links":{"self":[{"href":"https:\/\/www.avenuedesigncanada.com\/fr\/wp-json\/wp\/v2\/product\/406029","targetHints":{"allow":["GET"]}}],"collection":[{"href":"https:\/\/www.avenuedesigncanada.com\/fr\/wp-json\/wp\/v2\/product"}],"about":[{"href":"https:\/\/www.avenuedesigncanada.com\/fr\/wp-json\/wp\/v2\/types\/product"}],"wp:featuredmedia":[{"embeddable":true,"href":"https:\/\/www.avenuedesigncanada.com\/fr\/wp-json\/wp\/v2\/media\/406071"}],"wp:attachment":[{"href":"https:\/\/www.avenuedesigncanada.com\/fr\/wp-json\/wp\/v2\/media?parent=406029"}],"wp:term":[{"taxonomy":"product_brand","embeddable":true,"href":"https:\/\/www.avenuedesigncanada.com\/fr\/wp-json\/wp\/v2\/product_brand?post=406029"},{"taxonomy":"product_cat","embeddable":true,"href":"https:\/\/www.avenuedesigncanada.com\/fr\/wp-json\/wp\/v2\/product_cat?post=406029"},{"taxonomy":"product_tag","embeddable":true,"href":"https:\/\/www.avenuedesigncanada.com\/fr\/wp-json\/wp\/v2\/product_tag?post=406029"}],"curies":[{"name":"wp","href":"https:\/\/api.w.org\/{rel}","templated":true}]}}