{"id":406034,"date":"2026-02-11T10:44:51","date_gmt":"2026-02-11T15:44:51","guid":{"rendered":"https:\/\/www.avenuedesigncanada.com\/product\/chaise-pivotante-paley\/"},"modified":"2026-02-13T16:27:36","modified_gmt":"2026-02-13T21:27:36","slug":"chaise-pivotante-paley","status":"publish","type":"product","link":"https:\/\/www.avenuedesigncanada.com\/fr\/product\/chaise-pivotante-paley\/","title":{"rendered":"Chaise pivotante Paley"},"content":{"rendered":"<p><em>  Le fauteuil pivotant Paley pr\u00e9sente les caract\u00e9ristiques suivantes :<\/em> <\/p>\n<p>Style moderne<br \/>\nSans accoudoirs<br \/>\nDossier serr\u00e9<br \/>\nBase pivotante<br \/>\nMontr\u00e9 en tissu 5558-011 <\/p>\n<p>Vous avez des questions sur ce produit ? Nos designers sont l\u00e0 pour vous aider. Appelez-nous au (514)-340-9351<\/p>\n","protected":false},"excerpt":{"rendered":"<p>Le dossier incurv\u00e9 du fauteuil pivotant Paley semble planer au-dessus de l&rsquo;assise profonde et de la base pivotante lisse. Un soup\u00e7on d&rsquo;argent r\u00e9v\u00e8le le myst\u00e8re de la modernit\u00e9 : un panneau m\u00e9tallique textur\u00e9 relie les formes rembourr\u00e9es le long du dossier. Le design est une \u0153uvre d&rsquo;art, \u00e0 la fois confortable et d&rsquo;une beaut\u00e9 \u00e9poustouflante.  <\/p>\n","protected":false},"featured_media":407335,"template":"","meta":{"_kad_blocks_custom_css":"","_kad_blocks_head_custom_js":"","_kad_blocks_body_custom_js":"","_kad_blocks_footer_custom_js":"","_kad_post_transparent":"","_kad_post_title":"","_kad_post_layout":"","_kad_post_sidebar_id":"","_kad_post_content_style":"","_kad_post_vertical_padding":"","_kad_post_feature":"","_kad_post_feature_position":"","_kad_post_header":false,"_kad_post_footer":false,"_kad_post_classname":""},"product_brand":[],"product_cat":[1320],"product_tag":[1851],"class_list":{"0":"post-406034","1":"product","2":"type-product","3":"status-publish","4":"has-post-thumbnail","6":"product_cat-fauteuils","7":"product_tag-barcelona-fr","9":"first","10":"instock","11":"taxable","12":"shipping-taxable","13":"product-type-simple","14":"entry","15":"content-bg","16":"loop-entry"},"taxonomy_info":{"product_cat":[{"value":1320,"label":"Fauteuils"}],"product_tag":[{"value":1851,"label":"BARCELONA"}]},"featured_image_src_large":["https:\/\/www.avenuedesigncanada.com\/wp-content\/uploads\/2026\/02\/N1503S_102-3-1024x1024.jpg",1024,1024,true],"author_info":[],"comment_info":"","_links":{"self":[{"href":"https:\/\/www.avenuedesigncanada.com\/fr\/wp-json\/wp\/v2\/product\/406034","targetHints":{"allow":["GET"]}}],"collection":[{"href":"https:\/\/www.avenuedesigncanada.com\/fr\/wp-json\/wp\/v2\/product"}],"about":[{"href":"https:\/\/www.avenuedesigncanada.com\/fr\/wp-json\/wp\/v2\/types\/product"}],"wp:featuredmedia":[{"embeddable":true,"href":"https:\/\/www.avenuedesigncanada.com\/fr\/wp-json\/wp\/v2\/media\/407335"}],"wp:attachment":[{"href":"https:\/\/www.avenuedesigncanada.com\/fr\/wp-json\/wp\/v2\/media?parent=406034"}],"wp:term":[{"taxonomy":"product_brand","embeddable":true,"href":"https:\/\/www.avenuedesigncanada.com\/fr\/wp-json\/wp\/v2\/product_brand?post=406034"},{"taxonomy":"product_cat","embeddable":true,"href":"https:\/\/www.avenuedesigncanada.com\/fr\/wp-json\/wp\/v2\/product_cat?post=406034"},{"taxonomy":"product_tag","embeddable":true,"href":"https:\/\/www.avenuedesigncanada.com\/fr\/wp-json\/wp\/v2\/product_tag?post=406034"}],"curies":[{"name":"wp","href":"https:\/\/api.w.org\/{rel}","templated":true}]}}