{"id":406037,"date":"2026-02-11T10:44:39","date_gmt":"2026-02-11T15:44:39","guid":{"rendered":"https:\/\/www.avenuedesigncanada.com\/product\/chaise-pivotante-landry\/"},"modified":"2026-02-13T16:27:53","modified_gmt":"2026-02-13T21:27:53","slug":"chaise-pivotante-landry","status":"publish","type":"product","link":"https:\/\/www.avenuedesigncanada.com\/fr\/product\/chaise-pivotante-landry\/","title":{"rendered":"Chaise pivotante Landry"},"content":{"rendered":"<p><em>  La chaise pivotante Landry pr\u00e9sente les caract\u00e9ristiques suivantes :<\/em> <\/p>\n<p>Base pivotante dissimul\u00e9e<br \/>\nCoussin de dossier libre<br \/>\nBordure sans tr\u00e9pointe \u00e0 bordures en caisson.<br \/>\n Illustr\u00e9 en tissu 5572-000<br \/>\n Vous avez des questions sur ce produit ? Nos designers sont l\u00e0 pour vous aider. Appelez-nous au (514)-340-9351<\/p>\n","protected":false},"excerpt":{"rendered":"<p>M\u00e9langeant \u00e9l\u00e9gamment le style contemporain et d\u00e9contract\u00e9, le fauteuil Landry de Bernhardt est dot\u00e9 d&rsquo;un pivot dissimul\u00e9 qui permet de se reposer confortablement dans n&rsquo;importe quelle direction. Un coussin de dossier l\u00e2che et un magnifique rembourrage compl\u00e8tent parfaitement le look pour cr\u00e9er un air accueillant. <\/p>\n","protected":false},"featured_media":407323,"template":"","meta":{"_kad_blocks_custom_css":"","_kad_blocks_head_custom_js":"","_kad_blocks_body_custom_js":"","_kad_blocks_footer_custom_js":"","_kad_post_transparent":"","_kad_post_title":"","_kad_post_layout":"","_kad_post_sidebar_id":"","_kad_post_content_style":"","_kad_post_vertical_padding":"","_kad_post_feature":"","_kad_post_feature_position":"","_kad_post_header":false,"_kad_post_footer":false,"_kad_post_classname":""},"product_brand":[],"product_cat":[1320],"product_tag":[1851],"class_list":{"0":"post-406037","1":"product","2":"type-product","3":"status-publish","4":"has-post-thumbnail","6":"product_cat-fauteuils","7":"product_tag-barcelona-fr","9":"first","10":"instock","11":"taxable","12":"shipping-taxable","13":"product-type-simple","14":"entry","15":"content-bg","16":"loop-entry"},"taxonomy_info":{"product_cat":[{"value":1320,"label":"Fauteuils"}],"product_tag":[{"value":1851,"label":"BARCELONA"}]},"featured_image_src_large":["https:\/\/www.avenuedesigncanada.com\/wp-content\/uploads\/2026\/02\/B8523S_102-2-1024x1024.jpg",1024,1024,true],"author_info":[],"comment_info":"","_links":{"self":[{"href":"https:\/\/www.avenuedesigncanada.com\/fr\/wp-json\/wp\/v2\/product\/406037","targetHints":{"allow":["GET"]}}],"collection":[{"href":"https:\/\/www.avenuedesigncanada.com\/fr\/wp-json\/wp\/v2\/product"}],"about":[{"href":"https:\/\/www.avenuedesigncanada.com\/fr\/wp-json\/wp\/v2\/types\/product"}],"wp:featuredmedia":[{"embeddable":true,"href":"https:\/\/www.avenuedesigncanada.com\/fr\/wp-json\/wp\/v2\/media\/407323"}],"wp:attachment":[{"href":"https:\/\/www.avenuedesigncanada.com\/fr\/wp-json\/wp\/v2\/media?parent=406037"}],"wp:term":[{"taxonomy":"product_brand","embeddable":true,"href":"https:\/\/www.avenuedesigncanada.com\/fr\/wp-json\/wp\/v2\/product_brand?post=406037"},{"taxonomy":"product_cat","embeddable":true,"href":"https:\/\/www.avenuedesigncanada.com\/fr\/wp-json\/wp\/v2\/product_cat?post=406037"},{"taxonomy":"product_tag","embeddable":true,"href":"https:\/\/www.avenuedesigncanada.com\/fr\/wp-json\/wp\/v2\/product_tag?post=406037"}],"curies":[{"name":"wp","href":"https:\/\/api.w.org\/{rel}","templated":true}]}}