{"id":406038,"date":"2026-02-11T10:44:37","date_gmt":"2026-02-11T15:44:37","guid":{"rendered":"https:\/\/www.avenuedesigncanada.com\/product\/chaise-pivotante-cleo\/"},"modified":"2026-02-13T16:28:00","modified_gmt":"2026-02-13T21:28:00","slug":"chaise-pivotante-cleo","status":"publish","type":"product","link":"https:\/\/www.avenuedesigncanada.com\/fr\/product\/chaise-pivotante-cleo\/","title":{"rendered":"Chaise pivotante Cleo"},"content":{"rendered":"<p><em>  Le fauteuil pivotant Cleo pr\u00e9sente les caract\u00e9ristiques suivantes :<\/p>\n<p><\/em> <\/p>\n<p>Style moderne<\/p>\n<p>Bras de l&rsquo;abri<\/p>\n<p>Dossier attach\u00e9<\/p>\n<p>Base pivotante<\/p>\n<p>Illustr\u00e9 en tissu 1609-012  <\/p>\n<p>Vous avez des questions sur ce produit ? Nos designers sont l\u00e0 pour vous aider. Appelez-nous au (514)-340-9351<\/p>\n","protected":false},"excerpt":{"rendered":"<p>Les proportions g\u00e9n\u00e9reuses sont confortablement raffin\u00e9es pour le fauteuil pivotant Cleo. Un demi-cercle part du dossier pour former les accoudoirs et englobe un si\u00e8ge profond qui s&rsquo;incurve jusqu&rsquo;\u00e0 la base pivotante lisse. Les lignes sont douces et modernes, tandis que le dossier ouvert offre l\u00e9g\u00e8ret\u00e9 et sophistication.  <\/p>\n","protected":false},"featured_media":407397,"template":"","meta":{"_kad_blocks_custom_css":"","_kad_blocks_head_custom_js":"","_kad_blocks_body_custom_js":"","_kad_blocks_footer_custom_js":"","_kad_post_transparent":"","_kad_post_title":"","_kad_post_layout":"","_kad_post_sidebar_id":"","_kad_post_content_style":"","_kad_post_vertical_padding":"","_kad_post_feature":"","_kad_post_feature_position":"","_kad_post_header":false,"_kad_post_footer":false,"_kad_post_classname":""},"product_brand":[],"product_cat":[1320],"product_tag":[1851],"class_list":{"0":"post-406038","1":"product","2":"type-product","3":"status-publish","4":"has-post-thumbnail","6":"product_cat-fauteuils","7":"product_tag-barcelona-fr","9":"first","10":"instock","11":"taxable","12":"shipping-taxable","13":"product-type-simple","14":"entry","15":"content-bg","16":"loop-entry"},"taxonomy_info":{"product_cat":[{"value":1320,"label":"Fauteuils"}],"product_tag":[{"value":1851,"label":"BARCELONA"}]},"featured_image_src_large":["https:\/\/www.avenuedesigncanada.com\/wp-content\/uploads\/2026\/02\/N8702S_103-1-1024x1024.jpg",1024,1024,true],"author_info":[],"comment_info":"","_links":{"self":[{"href":"https:\/\/www.avenuedesigncanada.com\/fr\/wp-json\/wp\/v2\/product\/406038","targetHints":{"allow":["GET"]}}],"collection":[{"href":"https:\/\/www.avenuedesigncanada.com\/fr\/wp-json\/wp\/v2\/product"}],"about":[{"href":"https:\/\/www.avenuedesigncanada.com\/fr\/wp-json\/wp\/v2\/types\/product"}],"wp:featuredmedia":[{"embeddable":true,"href":"https:\/\/www.avenuedesigncanada.com\/fr\/wp-json\/wp\/v2\/media\/407397"}],"wp:attachment":[{"href":"https:\/\/www.avenuedesigncanada.com\/fr\/wp-json\/wp\/v2\/media?parent=406038"}],"wp:term":[{"taxonomy":"product_brand","embeddable":true,"href":"https:\/\/www.avenuedesigncanada.com\/fr\/wp-json\/wp\/v2\/product_brand?post=406038"},{"taxonomy":"product_cat","embeddable":true,"href":"https:\/\/www.avenuedesigncanada.com\/fr\/wp-json\/wp\/v2\/product_cat?post=406038"},{"taxonomy":"product_tag","embeddable":true,"href":"https:\/\/www.avenuedesigncanada.com\/fr\/wp-json\/wp\/v2\/product_tag?post=406038"}],"curies":[{"name":"wp","href":"https:\/\/api.w.org\/{rel}","templated":true}]}}