{"id":406039,"date":"2026-02-11T10:44:35","date_gmt":"2026-02-11T15:44:35","guid":{"rendered":"https:\/\/www.avenuedesigncanada.com\/product\/chaise-pivotante-camino\/"},"modified":"2026-02-13T16:28:01","modified_gmt":"2026-02-13T21:28:01","slug":"chaise-pivotante-camino","status":"publish","type":"product","link":"https:\/\/www.avenuedesigncanada.com\/fr\/product\/chaise-pivotante-camino\/","title":{"rendered":"Chaise pivotante Camino"},"content":{"rendered":"<p><em>  La chaise pivotante Camino pr\u00e9sente les caract\u00e9ristiques suivantes :<\/em> <\/p>\n<p>Chaise ronde \u00e0 base pivotante.<br \/>\nBase en bois.<br \/>\nDossier serr\u00e9 avec un coussin de rein.<br \/>\nMontr\u00e9e en tissu 1146-002<br \/>\n Vous avez des questions sur ce produit ? Nos designers sont l\u00e0 pour vous aider. Appelez-nous au (514)-340-9351<\/p>\n","protected":false},"excerpt":{"rendered":"<p>Le fauteuil pivotant Camino est l&rsquo;\u00e9l\u00e9gance en mouvement. Le luxueux coussin en duvet de printemps invite \u00e0 la d\u00e9tente, tandis que le design du dossier en tonneau apporte douceur et \u00e9quilibre \u00e0 la pi\u00e8ce. Conform\u00e9ment \u00e0 l&rsquo;esth\u00e9tique moderne et \u00e9pur\u00e9e, une large base ronde en bois dissimule le si\u00e8ge pivotant. Les garnitures moul\u00e9es apportent une touche finale subtile.   <\/p>\n","protected":false},"featured_media":407371,"template":"","meta":{"_kad_blocks_custom_css":"","_kad_blocks_head_custom_js":"","_kad_blocks_body_custom_js":"","_kad_blocks_footer_custom_js":"","_kad_post_transparent":"","_kad_post_title":"","_kad_post_layout":"","_kad_post_sidebar_id":"","_kad_post_content_style":"","_kad_post_vertical_padding":"","_kad_post_feature":"","_kad_post_feature_position":"","_kad_post_header":false,"_kad_post_footer":false,"_kad_post_classname":""},"product_brand":[],"product_cat":[1320],"product_tag":[1851],"class_list":{"0":"post-406039","1":"product","2":"type-product","3":"status-publish","4":"has-post-thumbnail","6":"product_cat-fauteuils","7":"product_tag-barcelona-fr","9":"first","10":"instock","11":"taxable","12":"shipping-taxable","13":"product-type-simple","14":"entry","15":"content-bg","16":"loop-entry"},"taxonomy_info":{"product_cat":[{"value":1320,"label":"Fauteuils"}],"product_tag":[{"value":1851,"label":"BARCELONA"}]},"featured_image_src_large":["https:\/\/www.avenuedesigncanada.com\/wp-content\/uploads\/2026\/02\/N5712S_102-1-1024x1024.jpg",1024,1024,true],"author_info":[],"comment_info":"","_links":{"self":[{"href":"https:\/\/www.avenuedesigncanada.com\/fr\/wp-json\/wp\/v2\/product\/406039","targetHints":{"allow":["GET"]}}],"collection":[{"href":"https:\/\/www.avenuedesigncanada.com\/fr\/wp-json\/wp\/v2\/product"}],"about":[{"href":"https:\/\/www.avenuedesigncanada.com\/fr\/wp-json\/wp\/v2\/types\/product"}],"wp:featuredmedia":[{"embeddable":true,"href":"https:\/\/www.avenuedesigncanada.com\/fr\/wp-json\/wp\/v2\/media\/407371"}],"wp:attachment":[{"href":"https:\/\/www.avenuedesigncanada.com\/fr\/wp-json\/wp\/v2\/media?parent=406039"}],"wp:term":[{"taxonomy":"product_brand","embeddable":true,"href":"https:\/\/www.avenuedesigncanada.com\/fr\/wp-json\/wp\/v2\/product_brand?post=406039"},{"taxonomy":"product_cat","embeddable":true,"href":"https:\/\/www.avenuedesigncanada.com\/fr\/wp-json\/wp\/v2\/product_cat?post=406039"},{"taxonomy":"product_tag","embeddable":true,"href":"https:\/\/www.avenuedesigncanada.com\/fr\/wp-json\/wp\/v2\/product_tag?post=406039"}],"curies":[{"name":"wp","href":"https:\/\/api.w.org\/{rel}","templated":true}]}}